{"id":92125,"date":"2026-04-30T10:01:35","date_gmt":"2026-04-30T08:01:35","guid":{"rendered":"https:\/\/drukarnia.chorzow.pl\/?post_type=product&#038;p=92125"},"modified":"2026-04-30T14:23:00","modified_gmt":"2026-04-30T12:23:00","slug":"kalendarz-biurkowy-szkolny-2026-2027","status":"publish","type":"product","link":"https:\/\/drukarnia.chorzow.pl\/en\/product\/kalendarz-biurkowy-szkolny-2026-2027\/","title":{"rendered":"Kalendarz biurkowy szkolny 2026\/2027 (10szt)"},"content":{"rendered":"<div id=\"ez-toc-container\" class=\"ez-toc-v2_0_82_2 counter-hierarchy ez-toc-counter ez-toc-grey ez-toc-container-direction\">\n<div class=\"ez-toc-title-container\">\n<p class=\"ez-toc-title\" style=\"cursor:inherit\">SPIS TRE\u015aCI<\/p>\n<span class=\"ez-toc-title-toggle\"><a href=\"#\" class=\"ez-toc-pull-right ez-toc-btn ez-toc-btn-xs ez-toc-btn-default ez-toc-toggle\" aria-label=\"Toggle Table of Content\"><span class=\"ez-toc-js-icon-con\"><span class=\"\"><span class=\"eztoc-hide\" style=\"display:none;\">Toggle<\/span><span class=\"ez-toc-icon-toggle-span\"><svg style=\"fill: #999;color:#999\" xmlns=\"http:\/\/www.w3.org\/2000\/svg\" class=\"list-377408\" width=\"20px\" height=\"20px\" viewbox=\"0 0 24 24\" fill=\"none\"><path d=\"M6 6H4v2h2V6zm14 0H8v2h12V6zM4 11h2v2H4v-2zm16 0H8v2h12v-2zM4 16h2v2H4v-2zm16 0H8v2h12v-2z\" fill=\"currentColor\"><\/path><\/svg><svg style=\"fill: #999;color:#999\" class=\"arrow-unsorted-368013\" xmlns=\"http:\/\/www.w3.org\/2000\/svg\" width=\"10px\" height=\"10px\" viewbox=\"0 0 24 24\" version=\"1.2\" baseprofile=\"tiny\"><path d=\"M18.2 9.3l-6.2-6.3-6.2 6.3c-.2.2-.3.4-.3.7s.1.5.3.7c.2.2.4.3.7.3h11c.3 0 .5-.1.7-.3.2-.2.3-.5.3-.7s-.1-.5-.3-.7zM5.8 14.7l6.2 6.3 6.2-6.3c.2-.2.3-.5.3-.7s-.1-.5-.3-.7c-.2-.2-.4-.3-.7-.3h-11c-.3 0-.5.1-.7.3-.2.2-.3.5-.3.7s.1.5.3.7z\"\/><\/svg><\/span><\/span><\/span><\/a><\/span><\/div>\n<nav><ul class='ez-toc-list ez-toc-list-level-1' ><li class='ez-toc-page-1 ez-toc-heading-level-2'><a class=\"ez-toc-link ez-toc-heading-1\" href=\"https:\/\/drukarnia.chorzow.pl\/en\/product\/kalendarz-biurkowy-szkolny-2026-2027\/#Kalendarz_biurkowy_szkolny_20262027\" >Kalendarz biurkowy szkolny 2026\/2027<\/a><\/li><li class='ez-toc-page-1 ez-toc-heading-level-2'><a class=\"ez-toc-link ez-toc-heading-2\" href=\"https:\/\/drukarnia.chorzow.pl\/en\/product\/kalendarz-biurkowy-szkolny-2026-2027\/#Kalendarz_zawiera\" >Kalendarz zawiera<\/a><\/li><\/ul><\/nav><\/div>\n<h2><span class=\"ez-toc-section\" id=\"Kalendarz_biurkowy_szkolny_20262027\"><\/span>Kalendarz biurkowy szkolny 2026\/2027<span class=\"ez-toc-section-end\"><\/span><\/h2>\n<ul>\n<li>uk\u0142ad: trzymiesi\u0119czny<\/li>\n<li>kalendarium PL<\/li>\n<li>papier 70g\/m2; bia\u0142y<\/li>\n<li>druk granatowo \u2013 bordowy<\/li>\n<li>format kalendarium: 204 x 99 mm<\/li>\n<li>format kalendarza: 210 x 192 x 112 mm<\/li>\n<li>ilo\u015b\u0107 kart: 15<\/li>\n<li>brak stopki wydawniczej<\/li>\n<li>foliowany pojedynczo<\/li>\n<\/ul>\n<h2><span class=\"ez-toc-section\" id=\"Kalendarz_zawiera\"><\/span>Kalendarz zawiera<span class=\"ez-toc-section-end\"><\/span><\/h2>\n<ul>\n<li>od wrze\u015bnia 2026 do wrze\u015bnia 2027<\/li>\n<li>numeracja tygodni<\/li>\n<li>podgl\u0105d miesi\u0105ca poprzedniego i nast\u0119pnego<\/li>\n<li>zaznaczone \u015bwi\u0119ta i wa\u017cne dni<\/li>\n<li>zaznaczone ferie i przerwy \u015bwi\u0105teczne<\/li>\n<li>plan zaj\u0119\u0107 na semestr I i semestr II<\/li>\n<li>samoprzylepne notesy 50 kartek wymiar 100 x 72 mm<\/li>\n<li>samoprzylepne notesy 50 kartek wymiar 50 x 72 mm<\/li>\n<li>samoprzylepne kolorowe znaczniki<\/li>\n<\/ul>","protected":false},"excerpt":{"rendered":"<p>KN-B1<\/p>","protected":false},"featured_media":92131,"template":"","meta":[],"product_brand":[1104],"product_cat":[1326],"product_tag":[1328,1196,1331,1329,1327,1330],"class_list":{"0":"post-92125","1":"product","2":"type-product","3":"status-publish","4":"has-post-thumbnail","6":"product_brand-wokol-nas","7":"product_cat-kalendarze-nauczyciela-2026-2027","8":"product_tag-1328","9":"product_tag-biurkowy","10":"product_tag-miesieczny","11":"product_tag-notesy","12":"product_tag-szkolny","13":"product_tag-znaczniki","15":"first","16":"instock","17":"taxable","18":"shipping-taxable","19":"purchasable","20":"product-type-simple"},"_links":{"self":[{"href":"https:\/\/drukarnia.chorzow.pl\/en\/wp-json\/wp\/v2\/product\/92125","targetHints":{"allow":["GET"]}}],"collection":[{"href":"https:\/\/drukarnia.chorzow.pl\/en\/wp-json\/wp\/v2\/product"}],"about":[{"href":"https:\/\/drukarnia.chorzow.pl\/en\/wp-json\/wp\/v2\/types\/product"}],"wp:featuredmedia":[{"embeddable":true,"href":"https:\/\/drukarnia.chorzow.pl\/en\/wp-json\/wp\/v2\/media\/92131"}],"wp:attachment":[{"href":"https:\/\/drukarnia.chorzow.pl\/en\/wp-json\/wp\/v2\/media?parent=92125"}],"wp:term":[{"taxonomy":"product_brand","embeddable":true,"href":"https:\/\/drukarnia.chorzow.pl\/en\/wp-json\/wp\/v2\/product_brand?post=92125"},{"taxonomy":"product_cat","embeddable":true,"href":"https:\/\/drukarnia.chorzow.pl\/en\/wp-json\/wp\/v2\/product_cat?post=92125"},{"taxonomy":"product_tag","embeddable":true,"href":"https:\/\/drukarnia.chorzow.pl\/en\/wp-json\/wp\/v2\/product_tag?post=92125"}],"curies":[{"name":"wp","href":"https:\/\/api.w.org\/{rel}","templated":true}]}}