{"id":90600,"date":"2025-11-18T12:29:59","date_gmt":"2025-11-18T11:29:59","guid":{"rendered":"https:\/\/drukarnia.chorzow.pl\/?post_type=product&#038;p=90600"},"modified":"2026-02-20T15:42:28","modified_gmt":"2026-02-20T14:42:28","slug":"torby-na-wino-z-nadrukiem","status":"publish","type":"product","link":"https:\/\/drukarnia.chorzow.pl\/en\/product\/torby-na-wino-z-nadrukiem\/","title":{"rendered":"Wine Paper Bag"},"content":{"rendered":"<p><b>Torby na wino z nadrukiem<\/b><br \/>\nTorby na wino z nadrukiem &#8211; papierowe. \u00a0Ich cech\u0105 szczeg\u00f3ln\u0105 jest reklama zewn\u0119trzna. Nadruk na p\u0142aszczy\u017anie torby, kt\u00f3ra jest przenoszona w r\u00f3\u017cne miejsca spe\u0142nia zadanie nie tylko opakowania ale i reklamy Twojej firmy. Estetyczny wygl\u0105d takiej torby, stanowi eleganckie opakowanie do przekazywania butelki wina w postaci podarunku.<\/p>","protected":false},"excerpt":{"rendered":"<p>TB-W<\/p>","protected":false},"featured_media":90968,"template":"","meta":[],"product_brand":[],"product_cat":[787],"product_tag":[],"class_list":{"0":"post-90600","1":"product","2":"type-product","3":"status-publish","4":"has-post-thumbnail","6":"product_cat-torby-reklamowe","8":"first","9":"outofstock","10":"taxable","11":"shipping-taxable","12":"purchasable","13":"product-type-simple"},"_links":{"self":[{"href":"https:\/\/drukarnia.chorzow.pl\/en\/wp-json\/wp\/v2\/product\/90600","targetHints":{"allow":["GET"]}}],"collection":[{"href":"https:\/\/drukarnia.chorzow.pl\/en\/wp-json\/wp\/v2\/product"}],"about":[{"href":"https:\/\/drukarnia.chorzow.pl\/en\/wp-json\/wp\/v2\/types\/product"}],"wp:featuredmedia":[{"embeddable":true,"href":"https:\/\/drukarnia.chorzow.pl\/en\/wp-json\/wp\/v2\/media\/90968"}],"wp:attachment":[{"href":"https:\/\/drukarnia.chorzow.pl\/en\/wp-json\/wp\/v2\/media?parent=90600"}],"wp:term":[{"taxonomy":"product_brand","embeddable":true,"href":"https:\/\/drukarnia.chorzow.pl\/en\/wp-json\/wp\/v2\/product_brand?post=90600"},{"taxonomy":"product_cat","embeddable":true,"href":"https:\/\/drukarnia.chorzow.pl\/en\/wp-json\/wp\/v2\/product_cat?post=90600"},{"taxonomy":"product_tag","embeddable":true,"href":"https:\/\/drukarnia.chorzow.pl\/en\/wp-json\/wp\/v2\/product_tag?post=90600"}],"curies":[{"name":"wp","href":"https:\/\/api.w.org\/{rel}","templated":true}]}}