{"id":89019,"date":"2025-08-25T14:03:01","date_gmt":"2025-08-25T12:03:01","guid":{"rendered":"https:\/\/drukarnia.chorzow.pl\/?post_type=product&#038;p=89019"},"modified":"2026-03-17T10:23:40","modified_gmt":"2026-03-17T09:23:40","slug":"kalendarz-trojdzielny-granatowy","status":"publish","type":"product","link":"https:\/\/drukarnia.chorzow.pl\/en\/product\/kalendarz-trojdzielny-granatowy\/","title":{"rendered":"Kalendarz tr\u00f3jdzielny Granatowy (10szt.)"},"content":{"rendered":"<div id=\"ez-toc-container\" class=\"ez-toc-v2_0_82_2 counter-hierarchy ez-toc-counter ez-toc-grey ez-toc-container-direction\">\n<div class=\"ez-toc-title-container\">\n<p class=\"ez-toc-title\" style=\"cursor:inherit\">SPIS TRE\u015aCI<\/p>\n<span class=\"ez-toc-title-toggle\"><a href=\"#\" class=\"ez-toc-pull-right ez-toc-btn ez-toc-btn-xs ez-toc-btn-default ez-toc-toggle\" aria-label=\"Toggle Table of Content\"><span class=\"ez-toc-js-icon-con\"><span class=\"\"><span class=\"eztoc-hide\" style=\"display:none;\">Toggle<\/span><span class=\"ez-toc-icon-toggle-span\"><svg style=\"fill: #999;color:#999\" xmlns=\"http:\/\/www.w3.org\/2000\/svg\" class=\"list-377408\" width=\"20px\" height=\"20px\" viewbox=\"0 0 24 24\" fill=\"none\"><path d=\"M6 6H4v2h2V6zm14 0H8v2h12V6zM4 11h2v2H4v-2zm16 0H8v2h12v-2zM4 16h2v2H4v-2zm16 0H8v2h12v-2z\" fill=\"currentColor\"><\/path><\/svg><svg style=\"fill: #999;color:#999\" class=\"arrow-unsorted-368013\" xmlns=\"http:\/\/www.w3.org\/2000\/svg\" width=\"10px\" height=\"10px\" viewbox=\"0 0 24 24\" version=\"1.2\" baseprofile=\"tiny\"><path d=\"M18.2 9.3l-6.2-6.3-6.2 6.3c-.2.2-.3.4-.3.7s.1.5.3.7c.2.2.4.3.7.3h11c.3 0 .5-.1.7-.3.2-.2.3-.5.3-.7s-.1-.5-.3-.7zM5.8 14.7l6.2 6.3 6.2-6.3c.2-.2.3-.5.3-.7s-.1-.5-.3-.7c-.2-.2-.4-.3-.7-.3h-11c-.3 0-.5.1-.7.3-.2.2-.3.5-.3.7s.1.5.3.7z\"\/><\/svg><\/span><\/span><\/span><\/a><\/span><\/div>\n<nav><ul class='ez-toc-list ez-toc-list-level-1' ><li class='ez-toc-page-1 ez-toc-heading-level-2'><a class=\"ez-toc-link ez-toc-heading-1\" href=\"https:\/\/drukarnia.chorzow.pl\/en\/product\/kalendarz-trojdzielny-granatowy\/#Kalendarz_trojdzielny_Granatowy_glowka_mala\" >Kalendarz tr\u00f3jdzielny Granatowy (g\u0142\u00f3wka ma\u0142a)<\/a><ul class='ez-toc-list-level-3' ><li class='ez-toc-heading-level-3'><a class=\"ez-toc-link ez-toc-heading-2\" href=\"https:\/\/drukarnia.chorzow.pl\/en\/product\/kalendarz-trojdzielny-granatowy\/#Przydatne_odnosniki\" >Useful links:<\/a><\/li><\/ul><\/li><li class='ez-toc-page-1 ez-toc-heading-level-2'><a class=\"ez-toc-link ez-toc-heading-3\" href=\"https:\/\/drukarnia.chorzow.pl\/en\/product\/kalendarz-trojdzielny-granatowy\/#Granatowy\" >Granatowy<\/a><\/li><\/ul><\/nav><\/div>\n<h2><span class=\"ez-toc-section\" id=\"Kalendarz_trojdzielny_Granatowy_glowka_mala\"><\/span>Kalendarz tr\u00f3jdzielny Granatowy (g\u0142\u00f3wka ma\u0142a)<span class=\"ez-toc-section-end\"><\/span><\/h2>\n<p>&#8211; wymiar: 29,5 x 82 cm,<br \/>\n- imprint area on footer: 28 x 9 cm<br \/>\n- photo size: 29.5 x 21 cm (UV lacquered framed with relief effect)<br \/>\n&#8211; mechanizm zegarowy przymocowany do g\u0142\u00f3wki<br \/>\n- Calendar, multilingual (PL, GB, DE, EU) with week numbering and name indication,<br \/>\n- The calendar has a strip with a red sliding window,<br \/>\n&#8211; opakowanie po 10 szt.,<br \/>\n&#8211; nazwa produktu: Kalendarz tr\u00f3jdzielny Granatowy,<br \/>\n- calendar year: 2026<\/p>\n<h3><span class=\"ez-toc-section\" id=\"Przydatne_odnosniki\"><\/span>Useful links:<span class=\"ez-toc-section-end\"><\/span><\/h3>\n<p>You can see the calendar here:\u00a0<a href=\"https:\/\/kalendarium-trojdzielne.pl\/\" target=\"_blank\" rel=\"noopener\">https:\/\/kalendarium-trojdzielne.pl\/<\/a><\/p>\n<p>Look for the calendars section on the contact page:\u00a0<a href=\"https:\/\/drukarnia.chorzow.pl\/en\/kontakt\/\">https:\/\/drukarnia.chorzow.pl\/kontakt\/<\/a><\/p>\n<p>&nbsp;<\/p>\n<div class=\"WaaZC\">\n<div class=\"rPeykc pyPiTc\" data-hveid=\"CHEQAQ\" data-ved=\"2ahUKEwje84Po3NeNAxW_HhAIHQl_KBIQo_EKegQIcRAB\">\n<h2><span class=\"ez-toc-section\" id=\"Granatowy\"><\/span>Granatowy<span class=\"ez-toc-section-end\"><\/span><\/h2>\n<\/div>\n<\/div>\n<p>- Spring: Begins on 20\/21 March (vernal equinox) and ends on 31 May.<br \/>\n- Summer: Begins on 21\/22 June (summer solstice) and ends on 31 August.<br \/>\n- Autumn: Begins on 22\/23 September (autumnal equinox) and ends on 30 November.<br \/>\n- Winter: Begins on 21\/22 December (winter solstice) and ends on 28 February (29 February in leap years).<\/p>","protected":false},"excerpt":{"rendered":"<p>3Dz\/017\/1<\/p>","protected":false},"featured_media":89122,"template":"","meta":[],"product_brand":[1102],"product_cat":[77,762],"product_tag":[1184,1152,1125,1129,1188,1138],"class_list":{"0":"post-89019","1":"product","2":"type-product","3":"status-publish","4":"has-post-thumbnail","6":"product_brand-notapress","7":"product_cat-kalendarze_trojdzielne_2026","8":"product_cat-kalendarze_trojdzielne_z_zegarem_2026","9":"product_tag-ekologia","10":"product_tag-granatowy","11":"product_tag-kolorowy","12":"product_tag-trojdzielny","13":"product_tag-z-zegarem","14":"product_tag-zegar","16":"first","17":"instock","18":"taxable","19":"shipping-taxable","20":"purchasable","21":"product-type-simple"},"_links":{"self":[{"href":"https:\/\/drukarnia.chorzow.pl\/en\/wp-json\/wp\/v2\/product\/89019","targetHints":{"allow":["GET"]}}],"collection":[{"href":"https:\/\/drukarnia.chorzow.pl\/en\/wp-json\/wp\/v2\/product"}],"about":[{"href":"https:\/\/drukarnia.chorzow.pl\/en\/wp-json\/wp\/v2\/types\/product"}],"wp:featuredmedia":[{"embeddable":true,"href":"https:\/\/drukarnia.chorzow.pl\/en\/wp-json\/wp\/v2\/media\/89122"}],"wp:attachment":[{"href":"https:\/\/drukarnia.chorzow.pl\/en\/wp-json\/wp\/v2\/media?parent=89019"}],"wp:term":[{"taxonomy":"product_brand","embeddable":true,"href":"https:\/\/drukarnia.chorzow.pl\/en\/wp-json\/wp\/v2\/product_brand?post=89019"},{"taxonomy":"product_cat","embeddable":true,"href":"https:\/\/drukarnia.chorzow.pl\/en\/wp-json\/wp\/v2\/product_cat?post=89019"},{"taxonomy":"product_tag","embeddable":true,"href":"https:\/\/drukarnia.chorzow.pl\/en\/wp-json\/wp\/v2\/product_tag?post=89019"}],"curies":[{"name":"wp","href":"https:\/\/api.w.org\/{rel}","templated":true}]}}