{"id":88873,"date":"2025-08-22T10:34:52","date_gmt":"2025-08-22T08:34:52","guid":{"rendered":"https:\/\/drukarnia.chorzow.pl\/?post_type=product&#038;p=88873"},"modified":"2026-02-20T15:24:43","modified_gmt":"2026-02-20T14:24:43","slug":"kalendarz-jednodzielny-wodospad-gorski","status":"publish","type":"product","link":"https:\/\/drukarnia.chorzow.pl\/en\/product\/kalendarz-jednodzielny-wodospad-gorski\/","title":{"rendered":"Kalendarz jednodzielny Wodospad G\u00f3rski (20szt.)"},"content":{"rendered":"<div id=\"ez-toc-container\" class=\"ez-toc-v2_0_82_2 counter-hierarchy ez-toc-counter ez-toc-grey ez-toc-container-direction\">\n<div class=\"ez-toc-title-container\">\n<p class=\"ez-toc-title\" style=\"cursor:inherit\">SPIS TRE\u015aCI<\/p>\n<span class=\"ez-toc-title-toggle\"><a href=\"#\" class=\"ez-toc-pull-right ez-toc-btn ez-toc-btn-xs ez-toc-btn-default ez-toc-toggle\" aria-label=\"Toggle Table of Content\"><span class=\"ez-toc-js-icon-con\"><span class=\"\"><span class=\"eztoc-hide\" style=\"display:none;\">Toggle<\/span><span class=\"ez-toc-icon-toggle-span\"><svg style=\"fill: #999;color:#999\" xmlns=\"http:\/\/www.w3.org\/2000\/svg\" class=\"list-377408\" width=\"20px\" height=\"20px\" viewbox=\"0 0 24 24\" fill=\"none\"><path d=\"M6 6H4v2h2V6zm14 0H8v2h12V6zM4 11h2v2H4v-2zm16 0H8v2h12v-2zM4 16h2v2H4v-2zm16 0H8v2h12v-2z\" fill=\"currentColor\"><\/path><\/svg><svg style=\"fill: #999;color:#999\" class=\"arrow-unsorted-368013\" xmlns=\"http:\/\/www.w3.org\/2000\/svg\" width=\"10px\" height=\"10px\" viewbox=\"0 0 24 24\" version=\"1.2\" baseprofile=\"tiny\"><path d=\"M18.2 9.3l-6.2-6.3-6.2 6.3c-.2.2-.3.4-.3.7s.1.5.3.7c.2.2.4.3.7.3h11c.3 0 .5-.1.7-.3.2-.2.3-.5.3-.7s-.1-.5-.3-.7zM5.8 14.7l6.2 6.3 6.2-6.3c.2-.2.3-.5.3-.7s-.1-.5-.3-.7c-.2-.2-.4-.3-.7-.3h-11c-.3 0-.5.1-.7.3-.2.2-.3.5-.3.7s.1.5.3.7z\"\/><\/svg><\/span><\/span><\/span><\/a><\/span><\/div>\n<nav><ul class='ez-toc-list ez-toc-list-level-1' ><li class='ez-toc-page-1 ez-toc-heading-level-2'><a class=\"ez-toc-link ez-toc-heading-1\" href=\"https:\/\/drukarnia.chorzow.pl\/en\/product\/kalendarz-jednodzielny-wodospad-gorski\/#Kalendarz_jednodzielny_Wodospad_Gorski_glowka_mala\" >Kalendarz jednodzielny Wodospad G\u00f3rski (g\u0142\u00f3wka ma\u0142a)<\/a><ul class='ez-toc-list-level-3' ><li class='ez-toc-heading-level-3'><a class=\"ez-toc-link ez-toc-heading-2\" href=\"https:\/\/drukarnia.chorzow.pl\/en\/product\/kalendarz-jednodzielny-wodospad-gorski\/#Przydatne_odnosniki\" >Useful links:<\/a><\/li><\/ul><\/li><li class='ez-toc-page-1 ez-toc-heading-level-2'><a class=\"ez-toc-link ez-toc-heading-3\" href=\"https:\/\/drukarnia.chorzow.pl\/en\/product\/kalendarz-jednodzielny-wodospad-gorski\/#Wodospad_Gorski\" >Wodospad G\u00f3rski<\/a><\/li><\/ul><\/nav><\/div>\n<h2><span class=\"ez-toc-section\" id=\"Kalendarz_jednodzielny_Wodospad_Gorski_glowka_mala\"><\/span>Kalendarz jednodzielny Wodospad G\u00f3rski (g\u0142\u00f3wka ma\u0142a)<span class=\"ez-toc-section-end\"><\/span><\/h2>\n<p>- Size: 29.5 x 53 cm,<br \/>\n- imprint area on footer: 28 x 8 cm<br \/>\n- photo size: 29.5 x 21 cm (UV lacquered framed with relief effect)<br \/>\n- Calendar, multilingual (PL, GB, DE, EU) with week numbering and name indication,<br \/>\n- The calendar has a strip with a red sliding window,<br \/>\n- pack of 20,<br \/>\n&#8211; nazwa produktu: Kalendarz jednodzielny Wodospad G\u00f3rski,<br \/>\n- calendar year: 2026<\/p>\n<h3><span class=\"ez-toc-section\" id=\"Przydatne_odnosniki\"><\/span>Useful links:<span class=\"ez-toc-section-end\"><\/span><\/h3>\n<p>You can see the calendar here:\u00a0<a href=\"https:\/\/kalendarium-jednodzielne.pl\/\" target=\"_blank\" rel=\"noopener\">https:\/\/kalendarium-jednodzielne.pl\/<\/a><\/p>\n<p>Look for the calendars section on the contact page:\u00a0<a href=\"https:\/\/drukarnia.chorzow.pl\/en\/kontakt\/\">https:\/\/drukarnia.chorzow.pl\/kontakt\/<\/a><\/p>\n<p>&nbsp;<\/p>\n<div class=\"WaaZC\">\n<div class=\"rPeykc pyPiTc\" data-hveid=\"CHEQAQ\" data-ved=\"2ahUKEwje84Po3NeNAxW_HhAIHQl_KBIQo_EKegQIcRAB\">\n<h2><span class=\"ez-toc-section\" id=\"Wodospad_Gorski\"><\/span>Wodospad G\u00f3rski<span class=\"ez-toc-section-end\"><\/span><\/h2>\n<\/div>\n<\/div>\n<p>- Spring: Begins on 20\/21 March (vernal equinox) and ends on 31 May.<br \/>\n- Summer: Begins on 21\/22 June (summer solstice) and ends on 31 August.<br \/>\n- Autumn: Begins on 22\/23 September (autumnal equinox) and ends on 30 November.<br \/>\n- Winter: Begins on 21\/22 December (winter solstice) and ends on 28 February (29 February in leap years).<\/p>","protected":false},"excerpt":{"rendered":"<p>1Dm\/644\/2<\/p>","protected":false},"featured_media":86060,"template":"","meta":[],"product_brand":[1217],"product_cat":[76,758],"product_tag":[1184,1115,1165,1125,1113,1118,1143,1179,1111,1114,1116,1117],"class_list":{"0":"post-88873","1":"product","2":"type-product","3":"status-publish","4":"has-post-thumbnail","6":"product_brand-crux","7":"product_cat-kalendarze_jednodzielne_2026","8":"product_cat-kalendarze_jednodzielne_standard_2026","9":"product_tag-ekologia","10":"product_tag-gory","11":"product_tag-jednodzielny","12":"product_tag-kolorowy","13":"product_tag-krajobrazy","14":"product_tag-podroze","15":"product_tag-przyroda","16":"product_tag-turystyka","17":"product_tag-widoczki","18":"product_tag-widoki","19":"product_tag-woda","20":"product_tag-wodospad","22":"first","23":"outofstock","24":"taxable","25":"shipping-taxable","26":"purchasable","27":"product-type-simple"},"_links":{"self":[{"href":"https:\/\/drukarnia.chorzow.pl\/en\/wp-json\/wp\/v2\/product\/88873","targetHints":{"allow":["GET"]}}],"collection":[{"href":"https:\/\/drukarnia.chorzow.pl\/en\/wp-json\/wp\/v2\/product"}],"about":[{"href":"https:\/\/drukarnia.chorzow.pl\/en\/wp-json\/wp\/v2\/types\/product"}],"wp:featuredmedia":[{"embeddable":true,"href":"https:\/\/drukarnia.chorzow.pl\/en\/wp-json\/wp\/v2\/media\/86060"}],"wp:attachment":[{"href":"https:\/\/drukarnia.chorzow.pl\/en\/wp-json\/wp\/v2\/media?parent=88873"}],"wp:term":[{"taxonomy":"product_brand","embeddable":true,"href":"https:\/\/drukarnia.chorzow.pl\/en\/wp-json\/wp\/v2\/product_brand?post=88873"},{"taxonomy":"product_cat","embeddable":true,"href":"https:\/\/drukarnia.chorzow.pl\/en\/wp-json\/wp\/v2\/product_cat?post=88873"},{"taxonomy":"product_tag","embeddable":true,"href":"https:\/\/drukarnia.chorzow.pl\/en\/wp-json\/wp\/v2\/product_tag?post=88873"}],"curies":[{"name":"wp","href":"https:\/\/api.w.org\/{rel}","templated":true}]}}