{"id":88529,"date":"2025-08-13T08:49:37","date_gmt":"2025-08-13T06:49:37","guid":{"rendered":"https:\/\/drukarnia.chorzow.pl\/?post_type=product&#038;p=88529"},"modified":"2025-08-13T08:51:53","modified_gmt":"2025-08-13T06:51:53","slug":"kalendarze-ksiazkowe-b5-097","status":"publish","type":"product","link":"https:\/\/drukarnia.chorzow.pl\/en\/product\/kalendarze-ksiazkowe-b5-097\/","title":{"rendered":"Kalendarze ksi\u0105\u017ckowe B5-097 (20szt.)"},"content":{"rendered":"<div id=\"ez-toc-container\" class=\"ez-toc-v2_0_82_2 counter-hierarchy ez-toc-counter ez-toc-grey ez-toc-container-direction\">\n<div class=\"ez-toc-title-container\">\n<p class=\"ez-toc-title\" style=\"cursor:inherit\">SPIS TRE\u015aCI<\/p>\n<span class=\"ez-toc-title-toggle\"><a href=\"#\" class=\"ez-toc-pull-right ez-toc-btn ez-toc-btn-xs ez-toc-btn-default ez-toc-toggle\" aria-label=\"Toggle Table of Content\"><span class=\"ez-toc-js-icon-con\"><span class=\"\"><span class=\"eztoc-hide\" style=\"display:none;\">Toggle<\/span><span class=\"ez-toc-icon-toggle-span\"><svg style=\"fill: #999;color:#999\" xmlns=\"http:\/\/www.w3.org\/2000\/svg\" class=\"list-377408\" width=\"20px\" height=\"20px\" viewbox=\"0 0 24 24\" fill=\"none\"><path d=\"M6 6H4v2h2V6zm14 0H8v2h12V6zM4 11h2v2H4v-2zm16 0H8v2h12v-2zM4 16h2v2H4v-2zm16 0H8v2h12v-2z\" fill=\"currentColor\"><\/path><\/svg><svg style=\"fill: #999;color:#999\" class=\"arrow-unsorted-368013\" xmlns=\"http:\/\/www.w3.org\/2000\/svg\" width=\"10px\" height=\"10px\" viewbox=\"0 0 24 24\" version=\"1.2\" baseprofile=\"tiny\"><path d=\"M18.2 9.3l-6.2-6.3-6.2 6.3c-.2.2-.3.4-.3.7s.1.5.3.7c.2.2.4.3.7.3h11c.3 0 .5-.1.7-.3.2-.2.3-.5.3-.7s-.1-.5-.3-.7zM5.8 14.7l6.2 6.3 6.2-6.3c.2-.2.3-.5.3-.7s-.1-.5-.3-.7c-.2-.2-.4-.3-.7-.3h-11c-.3 0-.5.1-.7.3-.2.2-.3.5-.3.7s.1.5.3.7z\"\/><\/svg><\/span><\/span><\/span><\/a><\/span><\/div>\n<nav><ul class='ez-toc-list ez-toc-list-level-1' ><li class='ez-toc-page-1 ez-toc-heading-level-2'><a class=\"ez-toc-link ez-toc-heading-1\" href=\"https:\/\/drukarnia.chorzow.pl\/en\/product\/kalendarze-ksiazkowe-b5-097\/#Kalendarze_ksiazkowe_na_rok_2026_B5-097\" >Kalendarze ksi\u0105\u017ckowe na rok 2026 B5-097<\/a><ul class='ez-toc-list-level-3' ><li class='ez-toc-heading-level-3'><a class=\"ez-toc-link ez-toc-heading-2\" href=\"https:\/\/drukarnia.chorzow.pl\/en\/product\/kalendarze-ksiazkowe-b5-097\/#Cechy_kalendarza\" >Calendar features:<\/a><\/li><li class='ez-toc-page-1 ez-toc-heading-level-3'><a class=\"ez-toc-link ez-toc-heading-3\" href=\"https:\/\/drukarnia.chorzow.pl\/en\/product\/kalendarze-ksiazkowe-b5-097\/#Przydatne_odnosniki\" >Useful links:<\/a><\/li><\/ul><\/li><li class='ez-toc-page-1 ez-toc-heading-level-2'><a class=\"ez-toc-link ez-toc-heading-4\" href=\"https:\/\/drukarnia.chorzow.pl\/en\/product\/kalendarze-ksiazkowe-b5-097\/#Kalendarze_ksiazkowe_B5-097\" >Kalendarze ksi\u0105\u017ckowe B5-097<\/a><\/li><\/ul><\/nav><\/div>\n<h2><span class=\"ez-toc-section\" id=\"Kalendarze_ksiazkowe_na_rok_2026_B5-097\"><\/span>Kalendarze ksi\u0105\u017ckowe na rok 2026 B5-097<span class=\"ez-toc-section-end\"><\/span><\/h2>\n<h3><span class=\"ez-toc-section\" id=\"Cechy_kalendarza\"><\/span>Calendar features:<span class=\"ez-toc-section-end\"><\/span><\/h3>\n<p>- block format: 17 x 24 cm<br \/>\n&#8211; uk\u0142ad: tygodniowy<br \/>\n- eco-leather binding<br \/>\n&#8211; papier kremowy<br \/>\n&#8211; obj\u0119to\u015b\u0107: 152 stron (w tym 8 str. map)<br \/>\n&#8211; druk dwukolorowy<br \/>\n&#8211; registry drukowane<br \/>\n- extensive information section<br \/>\n- pack of 20.<br \/>\n&#8211; nazwa kalendarza: Kalendarze ksi\u0105\u017ckowe B5-097<\/p>\n<h3><span class=\"ez-toc-section\" id=\"Przydatne_odnosniki\"><\/span>Useful links:<span class=\"ez-toc-section-end\"><\/span><\/h3>\n<p>About the calendars:\u00a0<a href=\"http:\/\/hurtownia-kalendarzy.pl\" target=\"_blank\" rel=\"noopener\">http:\/\/hurtownia-kalendarzy.pl<\/a><\/p>\n<p>Look for the calendars section on the contact page:<a href=\"https:\/\/drukarnia.chorzow.pl\/en\/kontakt\/\">https:\/\/drukarnia.chorzow.pl\/kontakt\/<\/a><\/p>\n<h2><span class=\"ez-toc-section\" id=\"Kalendarze_ksiazkowe_B5-097\"><\/span>Kalendarze ksi\u0105\u017ckowe B5-097<span class=\"ez-toc-section-end\"><\/span><\/h2>\n<p>- Spring: begins on 20\/21 March (vernal equinox) and ends on 31 May.<br \/>\n- Summer: begins on 21\/22 June (summer solstice) and ends on 31 August.<br \/>\n- Autumn: begins on 22\/23 September (autumnal equinox) and ends on 30 November.<br \/>\n- Winter: begins on 21\/22 December (winter solstice) and ends on 28 February (29 February in leap years).<\/p>","protected":false},"excerpt":{"rendered":"<p>B5t\/097\/2<\/p>","protected":false},"featured_media":88408,"template":"","meta":[],"product_brand":[1217],"product_cat":[769,1212],"product_tag":[1153,1155,1125,1226,1145],"class_list":{"0":"post-88529","1":"product","2":"type-product","3":"status-publish","4":"has-post-thumbnail","6":"product_brand-crux","7":"product_cat-b5br","8":"product_cat-tygodniowe-b5br","9":"product_tag-czarny","10":"product_tag-czerwony","11":"product_tag-kolorowy","12":"product_tag-ksiazkowy","13":"product_tag-tygodniowy","15":"first","16":"instock","17":"taxable","18":"shipping-taxable","19":"purchasable","20":"product-type-simple"},"_links":{"self":[{"href":"https:\/\/drukarnia.chorzow.pl\/en\/wp-json\/wp\/v2\/product\/88529","targetHints":{"allow":["GET"]}}],"collection":[{"href":"https:\/\/drukarnia.chorzow.pl\/en\/wp-json\/wp\/v2\/product"}],"about":[{"href":"https:\/\/drukarnia.chorzow.pl\/en\/wp-json\/wp\/v2\/types\/product"}],"wp:featuredmedia":[{"embeddable":true,"href":"https:\/\/drukarnia.chorzow.pl\/en\/wp-json\/wp\/v2\/media\/88408"}],"wp:attachment":[{"href":"https:\/\/drukarnia.chorzow.pl\/en\/wp-json\/wp\/v2\/media?parent=88529"}],"wp:term":[{"taxonomy":"product_brand","embeddable":true,"href":"https:\/\/drukarnia.chorzow.pl\/en\/wp-json\/wp\/v2\/product_brand?post=88529"},{"taxonomy":"product_cat","embeddable":true,"href":"https:\/\/drukarnia.chorzow.pl\/en\/wp-json\/wp\/v2\/product_cat?post=88529"},{"taxonomy":"product_tag","embeddable":true,"href":"https:\/\/drukarnia.chorzow.pl\/en\/wp-json\/wp\/v2\/product_tag?post=88529"}],"curies":[{"name":"wp","href":"https:\/\/api.w.org\/{rel}","templated":true}]}}