{"id":85671,"date":"2025-07-16T13:36:50","date_gmt":"2025-07-16T11:36:50","guid":{"rendered":"https:\/\/drukarnia.chorzow.pl\/?post_type=product&#038;p=85671"},"modified":"2025-08-19T16:29:54","modified_gmt":"2025-08-19T14:29:54","slug":"koszt-znakowania-a1-i-b1","status":"publish","type":"product","link":"https:\/\/drukarnia.chorzow.pl\/en\/product\/koszt-znakowania-a1-i-b1\/","title":{"rendered":"Koszt znakowania A1 i B1"},"content":{"rendered":"<p>Ta pozycja wyst\u0119puje w koszyku poniewa\u017c wybrano kalendarze \u015bcienne ze znakowaniem.<\/p>","protected":false},"excerpt":{"rendered":"<p>Ta pozycja wyst\u0119puje w koszyku poniewa\u017c wybrano kalendarze \u015bcienne ze znakowaniem.<\/p>","protected":false},"featured_media":88754,"template":"","meta":[],"product_brand":[],"product_cat":[1147],"product_tag":[],"class_list":{"0":"post-85671","1":"product","2":"type-product","3":"status-publish","4":"has-post-thumbnail","6":"product_cat-kategoria-ukryta","8":"first","9":"instock","10":"virtual","11":"sold-individually","12":"taxable","13":"purchasable","14":"product-type-simple"},"_links":{"self":[{"href":"https:\/\/drukarnia.chorzow.pl\/en\/wp-json\/wp\/v2\/product\/85671","targetHints":{"allow":["GET"]}}],"collection":[{"href":"https:\/\/drukarnia.chorzow.pl\/en\/wp-json\/wp\/v2\/product"}],"about":[{"href":"https:\/\/drukarnia.chorzow.pl\/en\/wp-json\/wp\/v2\/types\/product"}],"wp:featuredmedia":[{"embeddable":true,"href":"https:\/\/drukarnia.chorzow.pl\/en\/wp-json\/wp\/v2\/media\/88754"}],"wp:attachment":[{"href":"https:\/\/drukarnia.chorzow.pl\/en\/wp-json\/wp\/v2\/media?parent=85671"}],"wp:term":[{"taxonomy":"product_brand","embeddable":true,"href":"https:\/\/drukarnia.chorzow.pl\/en\/wp-json\/wp\/v2\/product_brand?post=85671"},{"taxonomy":"product_cat","embeddable":true,"href":"https:\/\/drukarnia.chorzow.pl\/en\/wp-json\/wp\/v2\/product_cat?post=85671"},{"taxonomy":"product_tag","embeddable":true,"href":"https:\/\/drukarnia.chorzow.pl\/en\/wp-json\/wp\/v2\/product_tag?post=85671"}],"curies":[{"name":"wp","href":"https:\/\/api.w.org\/{rel}","templated":true}]}}