{"id":85268,"date":"2025-07-08T10:54:21","date_gmt":"2025-07-08T08:54:21","guid":{"rendered":"https:\/\/drukarnia.chorzow.pl\/?post_type=product&#038;p=85268"},"modified":"2025-08-21T14:36:11","modified_gmt":"2025-08-21T12:36:11","slug":"kalendarz-trojdzielny-czas_na_kawe","status":"publish","type":"product","link":"https:\/\/drukarnia.chorzow.pl\/en\/product\/kalendarz-trojdzielny-czas_na_kawe\/","title":{"rendered":"Kalendarz tr\u00f3jdzielny Czas na Kaw\u0119 (10szt.)"},"content":{"rendered":"<div id=\"ez-toc-container\" class=\"ez-toc-v2_0_82_2 counter-hierarchy ez-toc-counter ez-toc-grey ez-toc-container-direction\">\n<div class=\"ez-toc-title-container\">\n<p class=\"ez-toc-title\" style=\"cursor:inherit\">SPIS TRE\u015aCI<\/p>\n<span class=\"ez-toc-title-toggle\"><a href=\"#\" class=\"ez-toc-pull-right ez-toc-btn ez-toc-btn-xs ez-toc-btn-default ez-toc-toggle\" aria-label=\"Toggle Table of Content\"><span class=\"ez-toc-js-icon-con\"><span class=\"\"><span class=\"eztoc-hide\" style=\"display:none;\">Toggle<\/span><span class=\"ez-toc-icon-toggle-span\"><svg style=\"fill: #999;color:#999\" xmlns=\"http:\/\/www.w3.org\/2000\/svg\" class=\"list-377408\" width=\"20px\" height=\"20px\" viewbox=\"0 0 24 24\" fill=\"none\"><path d=\"M6 6H4v2h2V6zm14 0H8v2h12V6zM4 11h2v2H4v-2zm16 0H8v2h12v-2zM4 16h2v2H4v-2zm16 0H8v2h12v-2z\" fill=\"currentColor\"><\/path><\/svg><svg style=\"fill: #999;color:#999\" class=\"arrow-unsorted-368013\" xmlns=\"http:\/\/www.w3.org\/2000\/svg\" width=\"10px\" height=\"10px\" viewbox=\"0 0 24 24\" version=\"1.2\" baseprofile=\"tiny\"><path d=\"M18.2 9.3l-6.2-6.3-6.2 6.3c-.2.2-.3.4-.3.7s.1.5.3.7c.2.2.4.3.7.3h11c.3 0 .5-.1.7-.3.2-.2.3-.5.3-.7s-.1-.5-.3-.7zM5.8 14.7l6.2 6.3 6.2-6.3c.2-.2.3-.5.3-.7s-.1-.5-.3-.7c-.2-.2-.4-.3-.7-.3h-11c-.3 0-.5.1-.7.3-.2.2-.3.5-.3.7s.1.5.3.7z\"\/><\/svg><\/span><\/span><\/span><\/a><\/span><\/div>\n<nav><ul class='ez-toc-list ez-toc-list-level-1' ><li class='ez-toc-page-1 ez-toc-heading-level-2'><a class=\"ez-toc-link ez-toc-heading-1\" href=\"https:\/\/drukarnia.chorzow.pl\/en\/product\/kalendarz-trojdzielny-czas_na_kawe\/#Kalendarz_trojdzielny_Czas_na_Kawe\" >Kalendarz tr\u00f3jdzielny Czas na Kaw\u0119<\/a><ul class='ez-toc-list-level-3' ><li class='ez-toc-heading-level-3'><a class=\"ez-toc-link ez-toc-heading-2\" href=\"https:\/\/drukarnia.chorzow.pl\/en\/product\/kalendarz-trojdzielny-czas_na_kawe\/#Cechy_kalendarza\" >Calendar features:<\/a><\/li><li class='ez-toc-page-1 ez-toc-heading-level-3'><a class=\"ez-toc-link ez-toc-heading-3\" href=\"https:\/\/drukarnia.chorzow.pl\/en\/product\/kalendarz-trojdzielny-czas_na_kawe\/#Przydatne_odnosniki\" >Useful links:<\/a><\/li><\/ul><\/li><li class='ez-toc-page-1 ez-toc-heading-level-2'><a class=\"ez-toc-link ez-toc-heading-4\" href=\"https:\/\/drukarnia.chorzow.pl\/en\/product\/kalendarz-trojdzielny-czas_na_kawe\/#Czas_na_Kawe\" >Czas na Kaw\u0119<\/a><\/li><\/ul><\/nav><\/div>\n<h2><span class=\"ez-toc-section\" id=\"Kalendarz_trojdzielny_Czas_na_Kawe\"><\/span>Kalendarz tr\u00f3jdzielny Czas na Kaw\u0119<span class=\"ez-toc-section-end\"><\/span><\/h2>\n<h3><span class=\"ez-toc-section\" id=\"Cechy_kalendarza\"><\/span>Calendar features:<span class=\"ez-toc-section-end\"><\/span><\/h3>\n<p>&#8211; wymiar: 32 x 83 cm,<br \/>\n&#8211; miejsce nadruku na stopce: 30 x 9 cm<br \/>\n&#8211; wymiar zdj\u0119cia: 32 x 22 cm (lakierowane UV oprawione z efektem wypuk\u0142o\u015bci)<br \/>\n&#8211; kalendarium wieloj\u0119zyczne (PL, GB, DE, UA) z numeracj\u0105 tygodni oraz imieninami,<br \/>\n- The calendar has a strip with a red sliding window,<br \/>\n&#8211; zamontowany mechanizm zegarowy<br \/>\n- pack of 20,<br \/>\n&#8211; nazwa produktu: Kalendarz tr\u00f3jdzielny Czas na Kaw\u0119,<br \/>\n- calendar year: 2026<\/p>\n<h3><span class=\"ez-toc-section\" id=\"Przydatne_odnosniki\"><\/span>Useful links:<span class=\"ez-toc-section-end\"><\/span><\/h3>\n<p>You can see the calendar here:\u00a0<a href=\"https:\/\/kalendarium-trojdzielne.pl\/\" target=\"_blank\" rel=\"noopener\">https:\/\/kalendarium-trojdzielne.pl\/<\/a><\/p>\n<p>Look for the calendars section on the contact page:\u00a0<a href=\"https:\/\/drukarnia.chorzow.pl\/en\/kontakt\/\">https:\/\/drukarnia.chorzow.pl\/kontakt\/<\/a><\/p>\n<p>&nbsp;<\/p>\n<div class=\"WaaZC\">\n<div class=\"rPeykc pyPiTc\" data-hveid=\"CHEQAQ\" data-ved=\"2ahUKEwje84Po3NeNAxW_HhAIHQl_KBIQo_EKegQIcRAB\">\n<h2><span class=\"ez-toc-section\" id=\"Czas_na_Kawe\"><\/span>Czas na Kaw\u0119<span class=\"ez-toc-section-end\"><\/span><\/h2>\n<\/div>\n<\/div>\n<p>- Spring: Begins on 20\/21 March (vernal equinox) and ends on 31 May.<br \/>\n- Summer: Begins on 21\/22 June (summer solstice) and ends on 31 August.<br \/>\n- Autumn: Begins on 22\/23 September (autumnal equinox) and ends on 30 November.<br \/>\n- Winter: Begins on 21\/22 December (winter solstice) and ends on 28 February (29 February in leap years).<\/p>","protected":false},"excerpt":{"rendered":"<p>3Dz\/086\/5<\/p>","protected":false},"featured_media":84803,"template":"","meta":[],"product_brand":[1163],"product_cat":[762],"product_tag":[1125,1185,1129,1179,1188,1138],"class_list":{"0":"post-85268","1":"product","2":"type-product","3":"status-publish","4":"has-post-thumbnail","6":"product_brand-jotan","7":"product_cat-kalendarze_trojdzielne_z_zegarem_2026","8":"product_tag-kolorowy","9":"product_tag-relaks","10":"product_tag-trojdzielny","11":"product_tag-turystyka","12":"product_tag-z-zegarem","13":"product_tag-zegar","15":"first","16":"instock","17":"taxable","18":"shipping-taxable","19":"purchasable","20":"product-type-simple"},"_links":{"self":[{"href":"https:\/\/drukarnia.chorzow.pl\/en\/wp-json\/wp\/v2\/product\/85268","targetHints":{"allow":["GET"]}}],"collection":[{"href":"https:\/\/drukarnia.chorzow.pl\/en\/wp-json\/wp\/v2\/product"}],"about":[{"href":"https:\/\/drukarnia.chorzow.pl\/en\/wp-json\/wp\/v2\/types\/product"}],"wp:featuredmedia":[{"embeddable":true,"href":"https:\/\/drukarnia.chorzow.pl\/en\/wp-json\/wp\/v2\/media\/84803"}],"wp:attachment":[{"href":"https:\/\/drukarnia.chorzow.pl\/en\/wp-json\/wp\/v2\/media?parent=85268"}],"wp:term":[{"taxonomy":"product_brand","embeddable":true,"href":"https:\/\/drukarnia.chorzow.pl\/en\/wp-json\/wp\/v2\/product_brand?post=85268"},{"taxonomy":"product_cat","embeddable":true,"href":"https:\/\/drukarnia.chorzow.pl\/en\/wp-json\/wp\/v2\/product_cat?post=85268"},{"taxonomy":"product_tag","embeddable":true,"href":"https:\/\/drukarnia.chorzow.pl\/en\/wp-json\/wp\/v2\/product_tag?post=85268"}],"curies":[{"name":"wp","href":"https:\/\/api.w.org\/{rel}","templated":true}]}}