{"id":85153,"date":"2025-07-03T14:51:07","date_gmt":"2025-07-03T12:51:07","guid":{"rendered":"https:\/\/drukarnia.chorzow.pl\/?post_type=product&#038;p=85153"},"modified":"2025-08-19T17:06:22","modified_gmt":"2025-08-19T15:06:22","slug":"koszt-wklejek-do-kalendarzy-ksiazkowych","status":"publish","type":"product","link":"https:\/\/drukarnia.chorzow.pl\/en\/product\/koszt-wklejek-do-kalendarzy-ksiazkowych\/","title":{"rendered":"Koszt wklejek do kalendarzy ksi\u0105\u017ckowych"},"content":{"rendered":"<p>Ta pozycja wyst\u0119puje w koszyku poniewa\u017c wybrano produkt z wklejkami do kalendarzy ksi\u0105\u017ckowych.<\/p>","protected":false},"excerpt":{"rendered":"<p>Ta pozycja wyst\u0119puje w koszyku poniewa\u017c wybrano produkt z wklejkami do kalendarzy ksi\u0105\u017ckowych.<\/p>","protected":false},"featured_media":88761,"template":"","meta":[],"product_brand":[],"product_cat":[1147],"product_tag":[],"class_list":{"0":"post-85153","1":"product","2":"type-product","3":"status-publish","4":"has-post-thumbnail","6":"product_cat-kategoria-ukryta","8":"first","9":"instock","10":"virtual","11":"sold-individually","12":"taxable","13":"purchasable","14":"product-type-simple"},"_links":{"self":[{"href":"https:\/\/drukarnia.chorzow.pl\/en\/wp-json\/wp\/v2\/product\/85153","targetHints":{"allow":["GET"]}}],"collection":[{"href":"https:\/\/drukarnia.chorzow.pl\/en\/wp-json\/wp\/v2\/product"}],"about":[{"href":"https:\/\/drukarnia.chorzow.pl\/en\/wp-json\/wp\/v2\/types\/product"}],"wp:featuredmedia":[{"embeddable":true,"href":"https:\/\/drukarnia.chorzow.pl\/en\/wp-json\/wp\/v2\/media\/88761"}],"wp:attachment":[{"href":"https:\/\/drukarnia.chorzow.pl\/en\/wp-json\/wp\/v2\/media?parent=85153"}],"wp:term":[{"taxonomy":"product_brand","embeddable":true,"href":"https:\/\/drukarnia.chorzow.pl\/en\/wp-json\/wp\/v2\/product_brand?post=85153"},{"taxonomy":"product_cat","embeddable":true,"href":"https:\/\/drukarnia.chorzow.pl\/en\/wp-json\/wp\/v2\/product_cat?post=85153"},{"taxonomy":"product_tag","embeddable":true,"href":"https:\/\/drukarnia.chorzow.pl\/en\/wp-json\/wp\/v2\/product_tag?post=85153"}],"curies":[{"name":"wp","href":"https:\/\/api.w.org\/{rel}","templated":true}]}}