{"id":83954,"date":"2025-07-01T12:18:54","date_gmt":"2025-07-01T10:18:54","guid":{"rendered":"https:\/\/drukarnia.chorzow.pl\/?post_type=product&#038;p=83954"},"modified":"2026-02-20T15:08:13","modified_gmt":"2026-02-20T14:08:13","slug":"trojdzielny-plaski-klif","status":"publish","type":"product","link":"https:\/\/drukarnia.chorzow.pl\/en\/product\/trojdzielny-plaski-klif\/","title":{"rendered":"Tr\u00f3jdzielny p\u0142aski Klif (20szt)"},"content":{"rendered":"<div id=\"ez-toc-container\" class=\"ez-toc-v2_0_82_2 counter-hierarchy ez-toc-counter ez-toc-grey ez-toc-container-direction\">\n<div class=\"ez-toc-title-container\">\n<p class=\"ez-toc-title\" style=\"cursor:inherit\">SPIS TRE\u015aCI<\/p>\n<span class=\"ez-toc-title-toggle\"><a href=\"#\" class=\"ez-toc-pull-right ez-toc-btn ez-toc-btn-xs ez-toc-btn-default ez-toc-toggle\" aria-label=\"Toggle Table of Content\"><span class=\"ez-toc-js-icon-con\"><span class=\"\"><span class=\"eztoc-hide\" style=\"display:none;\">Toggle<\/span><span class=\"ez-toc-icon-toggle-span\"><svg style=\"fill: #999;color:#999\" xmlns=\"http:\/\/www.w3.org\/2000\/svg\" class=\"list-377408\" width=\"20px\" height=\"20px\" viewbox=\"0 0 24 24\" fill=\"none\"><path d=\"M6 6H4v2h2V6zm14 0H8v2h12V6zM4 11h2v2H4v-2zm16 0H8v2h12v-2zM4 16h2v2H4v-2zm16 0H8v2h12v-2z\" fill=\"currentColor\"><\/path><\/svg><svg style=\"fill: #999;color:#999\" class=\"arrow-unsorted-368013\" xmlns=\"http:\/\/www.w3.org\/2000\/svg\" width=\"10px\" height=\"10px\" viewbox=\"0 0 24 24\" version=\"1.2\" baseprofile=\"tiny\"><path d=\"M18.2 9.3l-6.2-6.3-6.2 6.3c-.2.2-.3.4-.3.7s.1.5.3.7c.2.2.4.3.7.3h11c.3 0 .5-.1.7-.3.2-.2.3-.5.3-.7s-.1-.5-.3-.7zM5.8 14.7l6.2 6.3 6.2-6.3c.2-.2.3-.5.3-.7s-.1-.5-.3-.7c-.2-.2-.4-.3-.7-.3h-11c-.3 0-.5.1-.7.3-.2.2-.3.5-.3.7s.1.5.3.7z\"\/><\/svg><\/span><\/span><\/span><\/a><\/span><\/div>\n<nav><ul class='ez-toc-list ez-toc-list-level-1' ><li class='ez-toc-page-1 ez-toc-heading-level-2'><a class=\"ez-toc-link ez-toc-heading-1\" href=\"https:\/\/drukarnia.chorzow.pl\/en\/product\/trojdzielny-plaski-klif\/#Kalendarz_trojdzielny_plaski_Klif\" >Kalendarz tr\u00f3jdzielny p\u0142aski Klif<\/a><ul class='ez-toc-list-level-3' ><li class='ez-toc-heading-level-3'><a class=\"ez-toc-link ez-toc-heading-2\" href=\"https:\/\/drukarnia.chorzow.pl\/en\/product\/trojdzielny-plaski-klif\/#Cechy_kalendarza\" >Calendar features:<\/a><\/li><li class='ez-toc-page-1 ez-toc-heading-level-3'><a class=\"ez-toc-link ez-toc-heading-3\" href=\"https:\/\/drukarnia.chorzow.pl\/en\/product\/trojdzielny-plaski-klif\/#Przydatne_odnosniki\" >Useful links:<\/a><\/li><\/ul><\/li><li class='ez-toc-page-1 ez-toc-heading-level-2'><a class=\"ez-toc-link ez-toc-heading-4\" href=\"https:\/\/drukarnia.chorzow.pl\/en\/product\/trojdzielny-plaski-klif\/#Trojdzielny_plaski_Klif\" >Tr\u00f3jdzielny p\u0142aski Klif<\/a><\/li><\/ul><\/nav><\/div>\n<h2><span class=\"ez-toc-section\" id=\"Kalendarz_trojdzielny_plaski_Klif\"><\/span>Kalendarz tr\u00f3jdzielny p\u0142aski Klif<span class=\"ez-toc-section-end\"><\/span><\/h2>\n<h3><span class=\"ez-toc-section\" id=\"Cechy_kalendarza\"><\/span>Calendar features:<span class=\"ez-toc-section-end\"><\/span><\/h3>\n<p>&#8211; wymiar: 32 x 93 cm,<br \/>\n&#8211; miejsce na nadruk: 27,5 x 9,5 cm,<br \/>\n&#8211; druk na kartonie 300 g<br \/>\n&#8211; lakierowane UV<br \/>\n&#8211; g\u0142\u00f3wka p\u0142aska<br \/>\n&#8211; kalendarium wieloj\u0119zyczne (PL, GB, DE,FR, UA) z numeracj\u0105 tygodni oraz imieninami,<br \/>\n- The calendar has a strip with a red sliding window,<br \/>\n- pack of 20,<br \/>\n&#8211; kartonowa koperta w cenie kalendarza<br \/>\n&#8211; zaznaczone \u015bwi\u0119ta europejskie<br \/>\n&#8211; nazwa produktu: Tr\u00f3jdzielny p\u0142aski Klif,<br \/>\n- calendar year: 2026<\/p>\n<h3><span class=\"ez-toc-section\" id=\"Przydatne_odnosniki\"><\/span>Useful links:<span class=\"ez-toc-section-end\"><\/span><\/h3>\n<p>You can see the calendar here:\u00a0<a href=\"https:\/\/kalendarium-trojdzielne.pl\/\" target=\"_blank\" rel=\"noopener\">https:\/\/kalendarium-trojdzielne.pl\/<\/a><\/p>\n<p>Look for the calendars section on the contact page:\u00a0<a href=\"https:\/\/drukarnia.chorzow.pl\/en\/kontakt\/\">https:\/\/drukarnia.chorzow.pl\/kontakt\/<\/a><\/p>\n<p>&nbsp;<\/p>\n<div class=\"WaaZC\">\n<div class=\"rPeykc pyPiTc\" data-hveid=\"CHEQAQ\" data-ved=\"2ahUKEwje84Po3NeNAxW_HhAIHQl_KBIQo_EKegQIcRAB\">\n<h2><span class=\"ez-toc-section\" id=\"Trojdzielny_plaski_Klif\"><\/span>Tr\u00f3jdzielny p\u0142aski Klif<span class=\"ez-toc-section-end\"><\/span><\/h2>\n<\/div>\n<\/div>\n<p>- Spring: Begins on 20\/21 March (vernal equinox) and ends on 31 May.<br \/>\n- Summer: Begins on 21\/22 June (summer solstice) and ends on 31 August.<br \/>\n- Autumn: Begins on 22\/23 September (autumnal equinox) and ends on 30 November.<br \/>\n- Winter: Begins on 21\/22 December (winter solstice) and ends on 28 February (29 February in leap years).<\/p>","protected":false},"excerpt":{"rendered":"<p>3Dp\/103\/3<\/p>","protected":false},"featured_media":83956,"template":"","meta":[],"product_brand":[1103],"product_cat":[763],"product_tag":[1137,1125,1113,1110,1118,1129,1111,1114,1116],"class_list":{"0":"post-83954","1":"product","2":"type-product","3":"status-publish","4":"has-post-thumbnail","6":"product_brand-ateko","7":"product_cat-kalendarze_trojdzielne_plaskie_2026","8":"product_tag-jezioro","9":"product_tag-kolorowy","10":"product_tag-krajobrazy","11":"product_tag-pejzaz","12":"product_tag-podroze","13":"product_tag-trojdzielny","14":"product_tag-widoczki","15":"product_tag-widoki","16":"product_tag-woda","18":"first","19":"outofstock","20":"taxable","21":"shipping-taxable","22":"purchasable","23":"product-type-simple"},"_links":{"self":[{"href":"https:\/\/drukarnia.chorzow.pl\/en\/wp-json\/wp\/v2\/product\/83954","targetHints":{"allow":["GET"]}}],"collection":[{"href":"https:\/\/drukarnia.chorzow.pl\/en\/wp-json\/wp\/v2\/product"}],"about":[{"href":"https:\/\/drukarnia.chorzow.pl\/en\/wp-json\/wp\/v2\/types\/product"}],"wp:featuredmedia":[{"embeddable":true,"href":"https:\/\/drukarnia.chorzow.pl\/en\/wp-json\/wp\/v2\/media\/83956"}],"wp:attachment":[{"href":"https:\/\/drukarnia.chorzow.pl\/en\/wp-json\/wp\/v2\/media?parent=83954"}],"wp:term":[{"taxonomy":"product_brand","embeddable":true,"href":"https:\/\/drukarnia.chorzow.pl\/en\/wp-json\/wp\/v2\/product_brand?post=83954"},{"taxonomy":"product_cat","embeddable":true,"href":"https:\/\/drukarnia.chorzow.pl\/en\/wp-json\/wp\/v2\/product_cat?post=83954"},{"taxonomy":"product_tag","embeddable":true,"href":"https:\/\/drukarnia.chorzow.pl\/en\/wp-json\/wp\/v2\/product_tag?post=83954"}],"curies":[{"name":"wp","href":"https:\/\/api.w.org\/{rel}","templated":true}]}}