{"id":835,"date":"2022-03-30T15:47:04","date_gmt":"2022-03-30T13:47:04","guid":{"rendered":"https:\/\/drk2021.chorzow.pl\/?post_type=product&#038;p=835"},"modified":"2026-04-16T11:06:53","modified_gmt":"2026-04-16T09:06:53","slug":"kalendarz-nauczyciela-a5-tygodniowy-vivella","status":"publish","type":"product","link":"https:\/\/drukarnia.chorzow.pl\/en\/product\/kalendarz-nauczyciela-a5-tygodniowy-vivella\/","title":{"rendered":"Kalendarz nauczyciela A5 tygodniowy Vivella (10szt.)"},"content":{"rendered":"<div id=\"ez-toc-container\" class=\"ez-toc-v2_0_82_2 counter-hierarchy ez-toc-counter ez-toc-grey ez-toc-container-direction\">\n<div class=\"ez-toc-title-container\">\n<p class=\"ez-toc-title\" style=\"cursor:inherit\">SPIS TRE\u015aCI<\/p>\n<span class=\"ez-toc-title-toggle\"><a href=\"#\" class=\"ez-toc-pull-right ez-toc-btn ez-toc-btn-xs ez-toc-btn-default ez-toc-toggle\" aria-label=\"Toggle Table of Content\"><span class=\"ez-toc-js-icon-con\"><span class=\"\"><span class=\"eztoc-hide\" style=\"display:none;\">Toggle<\/span><span class=\"ez-toc-icon-toggle-span\"><svg style=\"fill: #999;color:#999\" xmlns=\"http:\/\/www.w3.org\/2000\/svg\" class=\"list-377408\" width=\"20px\" height=\"20px\" viewbox=\"0 0 24 24\" fill=\"none\"><path d=\"M6 6H4v2h2V6zm14 0H8v2h12V6zM4 11h2v2H4v-2zm16 0H8v2h12v-2zM4 16h2v2H4v-2zm16 0H8v2h12v-2z\" fill=\"currentColor\"><\/path><\/svg><svg style=\"fill: #999;color:#999\" class=\"arrow-unsorted-368013\" xmlns=\"http:\/\/www.w3.org\/2000\/svg\" width=\"10px\" height=\"10px\" viewbox=\"0 0 24 24\" version=\"1.2\" baseprofile=\"tiny\"><path d=\"M18.2 9.3l-6.2-6.3-6.2 6.3c-.2.2-.3.4-.3.7s.1.5.3.7c.2.2.4.3.7.3h11c.3 0 .5-.1.7-.3.2-.2.3-.5.3-.7s-.1-.5-.3-.7zM5.8 14.7l6.2 6.3 6.2-6.3c.2-.2.3-.5.3-.7s-.1-.5-.3-.7c-.2-.2-.4-.3-.7-.3h-11c-.3 0-.5.1-.7.3-.2.2-.3.5-.3.7s.1.5.3.7z\"\/><\/svg><\/span><\/span><\/span><\/a><\/span><\/div>\n<nav><ul class='ez-toc-list ez-toc-list-level-1' ><li class='ez-toc-page-1 ez-toc-heading-level-2'><a class=\"ez-toc-link ez-toc-heading-1\" href=\"https:\/\/drukarnia.chorzow.pl\/en\/product\/kalendarz-nauczyciela-a5-tygodniowy-vivella\/#Kalendarz_nauczyciela_A5_tygodniowy_Vivella\" >Kalendarz nauczyciela A5 tygodniowy, Vivella<\/a><\/li><li class='ez-toc-page-1 ez-toc-heading-level-2'><a class=\"ez-toc-link ez-toc-heading-2\" href=\"https:\/\/drukarnia.chorzow.pl\/en\/product\/kalendarz-nauczyciela-a5-tygodniowy-vivella\/#Kalendarz_zawiera\" >Kalendarz zawiera<\/a><\/li><\/ul><\/nav><\/div>\n<h2><span class=\"ez-toc-section\" id=\"Kalendarz_nauczyciela_A5_tygodniowy_Vivella\"><\/span><a style=\"font-size: 23.04px;\" href=\"http:\/\/wokolnas.pl\/kalendarze_ksiazkowe_nauczyciela_a5_vivella\/66.html\" target=\"_blank\" rel=\"noopener\">Kalendarz nauczyciela A5 tygodniowy, Vivella<\/a><span class=\"ez-toc-section-end\"><\/span><\/h2>\n<div>\n<ul>\n<li>\u00a0\u00a0\u00a0 uk\u0142ad: tydzie\u0144 na dw\u00f3ch stronach<\/li>\n<li>\u00a0\u00a0\u00a0 kalendarium: PL, od 23.06.25 do 06.09.26<\/li>\n<li>\u00a0\u00a0\u00a0 oprawa: Vivella<\/li>\n<li>\u00a0\u00a0\u00a0 format: A5<\/li>\n<li>\u00a0\u00a0\u00a0 format bloku: 143 x 204 mm<\/li>\n<li>\u00a0\u00a0\u00a0 ilo\u015b\u0107 stron: 168<\/li>\n<li>A5TN 065 B<\/li>\n<\/ul>\n<\/div>\n<h2 class=\"text--primary\"><span class=\"ez-toc-section\" id=\"Kalendarz_zawiera\"><\/span>Kalendarz zawiera<span class=\"ez-toc-section-end\"><\/span><\/h2>\n<ul>\n<li>skr\u00f3cone kalendarium 2025\/2026<\/li>\n<li>kalendarium: PL, 23.06.25 \u2013 06.09.26<\/li>\n<li>wschody i zachody S\u0142o\u0144ca<\/li>\n<li>planer na rok szkolny 2025\/2026<\/li>\n<li>wa\u017cne rocznice, urodziny, imieniny<\/li>\n<li>plan roku szkolnego 2025\/2026<\/li>\n<li>skr\u00f3cone kalendarium kolumnowe od lipca 2025 do pa\u017adziernika 2026<\/li>\n<li>organizacja roku szkolnego 2025\/2026<\/li>\n<li>terminy posiedze\u0144 Rady Pedagogicznej<\/li>\n<li>wa\u017cne terminy, wycieczki<\/li>\n<li>zebrania z rodzicami<\/li>\n<li>plan lekcji nauczyciela<\/li>\n<li>plan dy\u017cur\u00f3w nauczyciela<\/li>\n<li>informacja o uczniach<\/li>\n<li>tabele ocen (12)<\/li>\n<li>finanse klasowe<\/li>\n<li>dni wolne od pracy w wybranych krajach<\/li>\n<li>tabela \u015bwi\u0105t ruchomych<\/li>\n<li>instrukcja pierwszej pomocy przedmedycznej<\/li>\n<li>notes \/ skorowidz teleadresowy<\/li>\n<li>o\u015bwiadczenie sprawcy kolizj<\/li>\n<\/ul>\n<p>Teacher planners with a leatherette VIVELLA cover (for teachers), made of durable material intended for frequent daily use. The weekly teacher planners for the 2025\/2026 school year include a variety of essential forms and information sheets useful to teachers (available in different cover colors).<\/p>","protected":false},"excerpt":{"rendered":"<p>KN-2T<\/p>","protected":false},"featured_media":919,"template":"","meta":[],"product_brand":[1104],"product_cat":[773],"product_tag":[94,93,95],"class_list":{"0":"post-835","1":"product","2":"type-product","3":"status-publish","4":"has-post-thumbnail","6":"product_brand-wokol-nas","7":"product_cat-kalendarze-nauczyciela","8":"product_tag-kalendarz-dla-nauczycieli","9":"product_tag-kalendarz-nauczyciela","10":"product_tag-nauczycielski","12":"first","13":"instock","14":"taxable","15":"shipping-taxable","16":"purchasable","17":"product-type-simple"},"_links":{"self":[{"href":"https:\/\/drukarnia.chorzow.pl\/en\/wp-json\/wp\/v2\/product\/835","targetHints":{"allow":["GET"]}}],"collection":[{"href":"https:\/\/drukarnia.chorzow.pl\/en\/wp-json\/wp\/v2\/product"}],"about":[{"href":"https:\/\/drukarnia.chorzow.pl\/en\/wp-json\/wp\/v2\/types\/product"}],"wp:featuredmedia":[{"embeddable":true,"href":"https:\/\/drukarnia.chorzow.pl\/en\/wp-json\/wp\/v2\/media\/919"}],"wp:attachment":[{"href":"https:\/\/drukarnia.chorzow.pl\/en\/wp-json\/wp\/v2\/media?parent=835"}],"wp:term":[{"taxonomy":"product_brand","embeddable":true,"href":"https:\/\/drukarnia.chorzow.pl\/en\/wp-json\/wp\/v2\/product_brand?post=835"},{"taxonomy":"product_cat","embeddable":true,"href":"https:\/\/drukarnia.chorzow.pl\/en\/wp-json\/wp\/v2\/product_cat?post=835"},{"taxonomy":"product_tag","embeddable":true,"href":"https:\/\/drukarnia.chorzow.pl\/en\/wp-json\/wp\/v2\/product_tag?post=835"}],"curies":[{"name":"wp","href":"https:\/\/api.w.org\/{rel}","templated":true}]}}