{"id":82879,"date":"2025-06-18T12:25:59","date_gmt":"2025-06-18T10:25:59","guid":{"rendered":"https:\/\/drukarnia.chorzow.pl\/?post_type=product&#038;p=82879"},"modified":"2026-02-02T15:10:45","modified_gmt":"2026-02-02T14:10:45","slug":"kontenerki-reklamowe-bez-nadruku","status":"publish","type":"product","link":"https:\/\/drukarnia.chorzow.pl\/en\/product\/kontenerki-reklamowe-bez-nadruku\/","title":{"rendered":"Advertising containers without print"},"content":{"rendered":"<h1 data-start=\"574\" data-end=\"649\">Kontenerki reklamowe bez nadruku \u2013 praktyczne i uniwersalne rozwi\u0105zanie<\/h1>\n<p data-start=\"651\" data-end=\"992\">Kontenerki reklamowe bez nadruku to idealny wyb\u00f3r dla firm, kt\u00f3re potrzebuj\u0105 praktycznych bloczk\u00f3w na notatki w formie kontenerka, ale nie chc\u0105 lub nie potrzebuj\u0105 dodatkowego brandingu. Prosty, minimalistyczny wygl\u0105d sprawia, \u017ce pasuj\u0105 do ka\u017cdego biurka i ka\u017cdej bran\u017cy, a ich najwi\u0119ksz\u0105 zalet\u0105 jest atrakcyjna cena oraz szybka dost\u0119pno\u015b\u0107.<\/p>\n<div id=\"ez-toc-container\" class=\"ez-toc-v2_0_82_2 counter-hierarchy ez-toc-counter ez-toc-grey ez-toc-container-direction\">\n<div class=\"ez-toc-title-container\">\n<p class=\"ez-toc-title\" style=\"cursor:inherit\">SPIS TRE\u015aCI<\/p>\n<span class=\"ez-toc-title-toggle\"><a href=\"#\" class=\"ez-toc-pull-right ez-toc-btn ez-toc-btn-xs ez-toc-btn-default ez-toc-toggle\" aria-label=\"Toggle Table of Content\"><span class=\"ez-toc-js-icon-con\"><span class=\"\"><span class=\"eztoc-hide\" style=\"display:none;\">Toggle<\/span><span class=\"ez-toc-icon-toggle-span\"><svg style=\"fill: #999;color:#999\" xmlns=\"http:\/\/www.w3.org\/2000\/svg\" class=\"list-377408\" width=\"20px\" height=\"20px\" viewbox=\"0 0 24 24\" fill=\"none\"><path d=\"M6 6H4v2h2V6zm14 0H8v2h12V6zM4 11h2v2H4v-2zm16 0H8v2h12v-2zM4 16h2v2H4v-2zm16 0H8v2h12v-2z\" fill=\"currentColor\"><\/path><\/svg><svg style=\"fill: #999;color:#999\" class=\"arrow-unsorted-368013\" xmlns=\"http:\/\/www.w3.org\/2000\/svg\" width=\"10px\" height=\"10px\" viewbox=\"0 0 24 24\" version=\"1.2\" baseprofile=\"tiny\"><path d=\"M18.2 9.3l-6.2-6.3-6.2 6.3c-.2.2-.3.4-.3.7s.1.5.3.7c.2.2.4.3.7.3h11c.3 0 .5-.1.7-.3.2-.2.3-.5.3-.7s-.1-.5-.3-.7zM5.8 14.7l6.2 6.3 6.2-6.3c.2-.2.3-.5.3-.7s-.1-.5-.3-.7c-.2-.2-.4-.3-.7-.3h-11c-.3 0-.5.1-.7.3-.2.2-.3.5-.3.7s.1.5.3.7z\"\/><\/svg><\/span><\/span><\/span><\/a><\/span><\/div>\n<nav><ul class='ez-toc-list ez-toc-list-level-1' ><li class='ez-toc-page-1 ez-toc-heading-level-2'><a class=\"ez-toc-link ez-toc-heading-1\" href=\"https:\/\/drukarnia.chorzow.pl\/en\/product\/kontenerki-reklamowe-bez-nadruku\/#Wymiary_kontenerkow\" >Wymiary kontenerk\u00f3w<\/a><\/li><li class='ez-toc-page-1 ez-toc-heading-level-2'><a class=\"ez-toc-link ez-toc-heading-2\" href=\"https:\/\/drukarnia.chorzow.pl\/en\/product\/kontenerki-reklamowe-bez-nadruku\/#Dlaczego_warto_wybrac_kontenerki_reklamowe_bez_nadruku\" >Dlaczego warto wybra\u0107 kontenerki reklamowe bez nadruku?<\/a><\/li><li class='ez-toc-page-1 ez-toc-heading-level-2'><a class=\"ez-toc-link ez-toc-heading-3\" href=\"https:\/\/drukarnia.chorzow.pl\/en\/product\/kontenerki-reklamowe-bez-nadruku\/#Kontenerki_reklamowe_bez_nadruku_%E2%80%93_zastosowanie\" >Kontenerki reklamowe bez nadruku &#8211; zastosowanie<\/a><\/li><li class='ez-toc-page-1 ez-toc-heading-level-2'><a class=\"ez-toc-link ez-toc-heading-4\" href=\"https:\/\/drukarnia.chorzow.pl\/en\/product\/kontenerki-reklamowe-bez-nadruku\/#Informacje_techniczne_i_parametry\" >Technical information and parameters<\/a><\/li><li class='ez-toc-page-1 ez-toc-heading-level-2'><a class=\"ez-toc-link ez-toc-heading-5\" href=\"https:\/\/drukarnia.chorzow.pl\/en\/product\/kontenerki-reklamowe-bez-nadruku\/#Profesjonalne_pakowanie\" >Profesjonalne pakowanie<\/a><\/li><li class='ez-toc-page-1 ez-toc-heading-level-2'><a class=\"ez-toc-link ez-toc-heading-6\" href=\"https:\/\/drukarnia.chorzow.pl\/en\/product\/kontenerki-reklamowe-bez-nadruku\/#Dla_kogo_kontenerki_reklamowe_bez_nadruku\" >Dla kogo kontenerki reklamowe bez nadruku?<\/a><\/li><li class='ez-toc-page-1 ez-toc-heading-level-2'><a class=\"ez-toc-link ez-toc-heading-7\" href=\"https:\/\/drukarnia.chorzow.pl\/en\/product\/kontenerki-reklamowe-bez-nadruku\/#Dlaczego_warto_wybrac_nas\" >Dlaczego warto wybra\u0107 nas?<\/a><\/li><li class='ez-toc-page-1 ez-toc-heading-level-2'><a class=\"ez-toc-link ez-toc-heading-8\" href=\"https:\/\/drukarnia.chorzow.pl\/en\/product\/kontenerki-reklamowe-bez-nadruku\/#Rabaty_i_promocje\" >Rabaty i promocje<\/a><ul class='ez-toc-list-level-3' ><li class='ez-toc-heading-level-3'><a class=\"ez-toc-link ez-toc-heading-9\" href=\"https:\/\/drukarnia.chorzow.pl\/en\/product\/kontenerki-reklamowe-bez-nadruku\/#Rabat_agencyjny\" >Agency discount<\/a><\/li><li class='ez-toc-page-1 ez-toc-heading-level-3'><a class=\"ez-toc-link ez-toc-heading-10\" href=\"https:\/\/drukarnia.chorzow.pl\/en\/product\/kontenerki-reklamowe-bez-nadruku\/#Rabat_GOZ\" >7R discount<\/a><\/li><li class='ez-toc-page-1 ez-toc-heading-level-3'><a class=\"ez-toc-link ez-toc-heading-11\" href=\"https:\/\/drukarnia.chorzow.pl\/en\/product\/kontenerki-reklamowe-bez-nadruku\/#Promocje_przy_wiekszym_nakladzie\" >Promocje przy wi\u0119kszym nak\u0142adzie<\/a><\/li><\/ul><\/li><li class='ez-toc-page-1 ez-toc-heading-level-2'><a class=\"ez-toc-link ez-toc-heading-12\" href=\"https:\/\/drukarnia.chorzow.pl\/en\/product\/kontenerki-reklamowe-bez-nadruku\/#Gdzie_kupic_i_pozostale_warianty\" >Gdzie kupi\u0107 i pozosta\u0142e warianty<\/a><\/li><\/ul><\/nav><\/div>\n<h2><span class=\"ez-toc-section\" id=\"Wymiary_kontenerkow\"><\/span>Wymiary kontenerk\u00f3w<span class=\"ez-toc-section-end\"><\/span><\/h2>\n<p>Wymiar podstawy: 158 \u00d7 65 mm (\u00b11 mm),<br \/>\nWysoko\u015b\u0107 stosu kartek: 10 do 120 mm<br \/>\nWymiary bloczka wg ilo\u015bci kartek: 1cm = 100 kartek papieru offsetowego 80g<\/p>\n<h2 data-start=\"994\" data-end=\"1054\"><span class=\"ez-toc-section\" id=\"Dlaczego_warto_wybrac_kontenerki_reklamowe_bez_nadruku\"><\/span>Dlaczego warto wybra\u0107 kontenerki reklamowe bez nadruku?<span class=\"ez-toc-section-end\"><\/span><\/h2>\n<ul data-start=\"1055\" data-end=\"1629\">\n<li data-start=\"1055\" data-end=\"1134\">\n<p data-start=\"1057\" data-end=\"1134\"><strong data-start=\"1057\" data-end=\"1084\">Ekonomiczne rozwi\u0105zanie<\/strong> \u2013 brak nadruku oznacza ni\u017csz\u0105 cen\u0119 jednostkow\u0105.<\/p>\n<\/li>\n<li data-start=\"1135\" data-end=\"1229\">\n<p data-start=\"1137\" data-end=\"1229\"><strong data-start=\"1137\" data-end=\"1158\">Szybka realizacja<\/strong> \u2013 dost\u0119pne od r\u0119ki, bez potrzeby przygotowania projektu graficznego.<\/p>\n<\/li>\n<li data-start=\"1230\" data-end=\"1351\">\n<p data-start=\"1232\" data-end=\"1351\"><strong data-start=\"1232\" data-end=\"1260\">Uniwersalne zastosowanie<\/strong> \u2013 idealne na biurko, do biura, na spotkania biznesowe, konferencje, szkolenia czy targi.<\/p>\n<\/li>\n<li data-start=\"1352\" data-end=\"1471\">\n<p data-start=\"1354\" data-end=\"1471\"><strong data-start=\"1354\" data-end=\"1366\">Estetyka<\/strong> \u2013 czysta, neutralna forma pasuje do ka\u017cdej przestrzeni i nie konkuruje wizualnie z innymi materia\u0142ami.<\/p>\n<\/li>\n<li data-start=\"1472\" data-end=\"1629\">\n<p data-start=\"1474\" data-end=\"1629\"><strong data-start=\"1474\" data-end=\"1510\">Mo\u017cliwo\u015b\u0107 dalszej personalizacji<\/strong> \u2013 kontenerki mo\u017cna opakowa\u0107 w banderole, etui, foliowanie z naklejk\u0105 logo albo wykorzysta\u0107 w pakietach prezentowych.<\/p>\n<\/li>\n<\/ul>\n<h2 data-start=\"1631\" data-end=\"1672\"><span class=\"ez-toc-section\" id=\"Kontenerki_reklamowe_bez_nadruku_%E2%80%93_zastosowanie\"><\/span>Kontenerki reklamowe bez nadruku &#8211; zastosowanie<span class=\"ez-toc-section-end\"><\/span><\/h2>\n<p data-start=\"1673\" data-end=\"1741\">Kontenerki reklamowe bez nadruku to \u015bwietne rozwi\u0105zanie m.in. dla:<\/p>\n<ul data-start=\"1742\" data-end=\"2067\">\n<li data-start=\"1742\" data-end=\"1809\">\n<p data-start=\"1744\" data-end=\"1809\">firm, kt\u00f3re potrzebuj\u0105 du\u017cej ilo\u015bci tanich bloczk\u00f3w biurkowych,<\/p>\n<\/li>\n<li data-start=\"1810\" data-end=\"1859\">\n<p data-start=\"1812\" data-end=\"1859\">organizator\u00f3w event\u00f3w, szkole\u0144 i konferencji,<\/p>\n<\/li>\n<li data-start=\"1860\" data-end=\"1921\">\n<p data-start=\"1862\" data-end=\"1921\">agencji reklamowych jako baza pod p\u00f3\u017aniejsze brandowanie,<\/p>\n<\/li>\n<li data-start=\"1922\" data-end=\"1986\">\n<p data-start=\"1924\" data-end=\"1986\">firm handlowych i us\u0142ugowych jako neutralny gad\u017cet biurkowy,<\/p>\n<\/li>\n<li data-start=\"1987\" data-end=\"2067\">\n<p data-start=\"1989\" data-end=\"2067\">biur rachunkowych, kancelarii czy urz\u0119d\u00f3w jako praktyczne wyposa\u017cenie biura.<\/p>\n<\/li>\n<\/ul>\n<p><img loading=\"lazy\" decoding=\"async\" class=\"alignnone wp-image-82874 size-medium\" style=\"font-family: inherit; font-size: inherit; color: #333333;\" src=\"https:\/\/drukarnia.chorzow.pl\/wp-content\/uploads\/2025\/06\/Kontenerek-7cmczystat-400x400.jpg\" alt=\"Kontenerki reklamowe bez nadruku\" width=\"400\" height=\"400\" title=\"\" srcset=\"https:\/\/drukarnia.chorzow.pl\/wp-content\/uploads\/2025\/06\/Kontenerek-7cmczystat-400x400.jpg 400w, https:\/\/drukarnia.chorzow.pl\/wp-content\/uploads\/2025\/06\/Kontenerek-7cmczystat-100x100.jpg 100w, https:\/\/drukarnia.chorzow.pl\/wp-content\/uploads\/2025\/06\/Kontenerek-7cmczystat-800x800.jpg 800w, https:\/\/drukarnia.chorzow.pl\/wp-content\/uploads\/2025\/06\/Kontenerek-7cmczystat-150x150.jpg 150w, https:\/\/drukarnia.chorzow.pl\/wp-content\/uploads\/2025\/06\/Kontenerek-7cmczystat-768x768.jpg 768w, https:\/\/drukarnia.chorzow.pl\/wp-content\/uploads\/2025\/06\/Kontenerek-7cmczystat-12x12.jpg 12w, https:\/\/drukarnia.chorzow.pl\/wp-content\/uploads\/2025\/06\/Kontenerek-7cmczystat.jpg 1080w\" sizes=\"auto, (max-width: 400px) 100vw, 400px\" \/><\/p>\n<h2 data-start=\"2069\" data-end=\"2107\"><span class=\"ez-toc-section\" id=\"Informacje_techniczne_i_parametry\"><\/span>Technical information and parameters<span class=\"ez-toc-section-end\"><\/span><\/h2>\n<ul data-start=\"2108\" data-end=\"2382\">\n<li data-start=\"2108\" data-end=\"2137\">\n<p data-start=\"2110\" data-end=\"2137\"><strong data-start=\"2110\" data-end=\"2122\">Podstawa<\/strong>: 158 x 65 mm<\/p>\n<\/li>\n<li data-start=\"2138\" data-end=\"2202\">\n<p data-start=\"2140\" data-end=\"2202\"><strong data-start=\"2140\" data-end=\"2152\">Height<\/strong>: od 5 do 12 cm (w zale\u017cno\u015bci od wybranej opcji)<\/p>\n<\/li>\n<li data-start=\"2203\" data-end=\"2296\">\n<p data-start=\"2205\" data-end=\"2296\"><strong data-start=\"2205\" data-end=\"2223\">Paper type<\/strong>: offset standardowy, EccoBook (papier recyklingowy) lub offset 90 g\/m\u00b2<\/p>\n<\/li>\n<li data-start=\"2297\" data-end=\"2382\">\n<p data-start=\"2299\" data-end=\"2382\"><strong data-start=\"2299\" data-end=\"2317\">Dost\u0119pne opcje<\/strong>: foliowanie termokurczliwe, pakowanie zbiorcze lub jednostkowe<\/p>\n<\/li>\n<\/ul>\n<p data-start=\"2384\" data-end=\"2618\">Liczba kartek w bloczku uzale\u017cniona jest od wybranej wysoko\u015bci oraz rodzaju papieru. Dzi\u0119ki temu mo\u017cna dopasowa\u0107 produkt do w\u0142asnych potrzeb \u2013 od kompaktowych, kilkusetkartekowych bloczk\u00f3w po du\u017ce, kilkutysi\u0119czne notatniki biurkowe.<\/p>\n<h2 data-start=\"2620\" data-end=\"2648\"><span class=\"ez-toc-section\" id=\"Profesjonalne_pakowanie\"><\/span>Profesjonalne pakowanie<span class=\"ez-toc-section-end\"><\/span><\/h2>\n<p data-start=\"2649\" data-end=\"2913\">Kontenerki reklamowe bez nadruku mo\u017cemy dodatkowo zabezpieczy\u0107 foli\u0105 termokurczliw\u0105, kt\u00f3ra chroni produkt przed wilgoci\u0105 i odkszta\u0142ceniami w transporcie. W ofercie dost\u0119pne s\u0105 tak\u017ce opcje pakowania prezentowego lub pakowania zbiorczego w kartony wysy\u0142kowe.<\/p>\n<h2 data-start=\"2915\" data-end=\"2962\"><span class=\"ez-toc-section\" id=\"Dla_kogo_kontenerki_reklamowe_bez_nadruku\"><\/span>Dla kogo kontenerki reklamowe bez nadruku?<span class=\"ez-toc-section-end\"><\/span><\/h2>\n<p data-start=\"2963\" data-end=\"3046\">Ten wariant sprawdzi si\u0119 wsz\u0119dzie tam, gdzie liczy si\u0119 prostota i funkcjonalno\u015b\u0107:<\/p>\n<ul data-start=\"3047\" data-end=\"3177\">\n<li data-start=\"3047\" data-end=\"3073\">\n<p data-start=\"3049\" data-end=\"3073\">transport i logistyka,<\/p>\n<\/li>\n<li data-start=\"3074\" data-end=\"3099\">\n<p data-start=\"3076\" data-end=\"3099\">produkcja i przemys\u0142,<\/p>\n<\/li>\n<li data-start=\"3100\" data-end=\"3123\">\n<p data-start=\"3102\" data-end=\"3123\">biura i instytucje,<\/p>\n<\/li>\n<li data-start=\"3124\" data-end=\"3148\">\n<p data-start=\"3126\" data-end=\"3148\">handel i e-commerce,<\/p>\n<\/li>\n<li data-start=\"3149\" data-end=\"3177\">\n<p data-start=\"3151\" data-end=\"3177\">szkolenia i konferencje.<\/p>\n<\/li>\n<\/ul>\n<p data-start=\"3151\" data-end=\"3177\"><span style=\"font-size: 14.4px;\"><div class=\"is-divider divider clearfix\" style=\"max-width:100%;\"><\/div><\/span><\/p>\n<div>\n<h2><span class=\"ez-toc-section\" id=\"Dlaczego_warto_wybrac_nas\"><\/span><img decoding=\"async\" title=\"Minipaletki reklamowe z nadrukiem na bokach i na ka\u017cdej kartce - 9\" src=\"https:\/\/drukarnia.chorzow.pl\/wp-content\/uploads\/2022\/02\/Logo_LogoGwiazdka.png\" alt=\"Logo Drukarnia Chorz\u00f3w\" width=\"30\" \/> <span id=\"Dlaczego_warto_wybrac_nas\" class=\"ez-toc-section\"><\/span>Dlaczego warto wybra\u0107 nas?<span class=\"ez-toc-section-end\"><\/span><\/h2>\n<\/div>\n<ul>\n<li><strong>Producent, nie po\u015brednik:<\/strong>\u00a0Produkujemy od A do Z \u2013 od selekcji drewna, przez druk, a\u017c po pakowanie. Masz pe\u0142n\u0105 kontrol\u0119 nad jako\u015bci\u0105.<\/li>\n<li><strong>Prawie ka\u017cdy produkt mo\u017cesz u nas kupi\u0107\u00a0co do sztuki.<\/strong><\/li>\n<li><strong>Ekologiczna wersja z nasionami sosny:<\/strong>\u00a0Oferujemy unikaln\u0105 opcj\u0119 z kapsu\u0142k\u0105 zawieraj\u0105c\u0105 nasiona sosny.<\/li>\n<li><strong>Najwi\u0119kszy wyb\u00f3r:<\/strong>\u00a0Warianty standardowe, premium, z notesem, z miejscem na d\u0142ugopis, z lakierem UV, z nadrukiem <a href=\"https:\/\/pl.wikipedia.org\/wiki\/Pantone\" target=\"_blank\" rel=\"noopener\">pantone<\/a>, z opakowaniem prezentowym \u2013 wszystko dost\u0119pne w jednym miejscu.<\/li>\n<li><strong>Personalizacja bez ogranicze\u0144:<\/strong> Zaprojektuj w\u0142asne kontenerki reklamowe nadruk na kartkach \u2013 od formatu po detale kolorystyczne. Dopasuj produkt do ka\u017cdej bran\u017cy.<\/li>\n<li><strong>Praktyczny i trwa\u0142y gad\u017cet reklamowy:<\/strong> Kontenerki reklamowe z nadrukiem nie trafi\u0105 do kosza \u2013 zostan\u0105 na biurku Twojego klienta przez wiele miesi\u0119cy.<\/li>\n<li><strong>Elastyczne pakowanie i szybka produkcja:<\/strong> Standard, ekspres, foliowanie \u2013 sam wybierasz form\u0119 i tempo realizacji.<\/li>\n<li><strong>Wspierasz GOZ i zr\u00f3wnowa\u017cony rozw\u00f3j.<\/strong><\/li>\n<\/ul>\n<div class=\"is-divider divider clearfix\" style=\"max-width:100%;\"><\/div>\n<h2><span class=\"ez-toc-section\" id=\"Rabaty_i_promocje\"><\/span>Rabaty i promocje<span class=\"ez-toc-section-end\"><\/span><\/h2>\n<h3><span class=\"ez-toc-section\" id=\"Rabat_agencyjny\"><\/span><span id=\"Rabat_agencyjny\" class=\"ez-toc-section\"><\/span>Agency discount<span class=\"ez-toc-section-end\"><\/span><\/h3>\n<p>Agencje reklamowe mog\u0105 liczy\u0107 na specjalne warunki wsp\u00f3\u0142pracy i rabaty hurtowe. Warunkiem uwzgl\u0119dniania rabat\u00f3w w wycenach jest posiadanie konta i zalogowanie.<\/p>\n<h3><span class=\"ez-toc-section\" id=\"Rabat_GOZ\"><\/span><span id=\"Rabat_GOZ\" class=\"ez-toc-section\"><\/span>7R discount<span class=\"ez-toc-section-end\"><\/span><\/h3>\n<p>W wybranych miesi\u0105cach mo\u017cesz skorzysta\u0107 z wysokiego rabatu GOZ \u2013 szczeg\u00f3\u0142y znajdziesz tutaj:\u00a0<a href=\"https:\/\/drukarnia.chorzow.pl\/en\/rabat-goz\/\">7R discount<\/a>. Nasza firma posiada w\u0142asne \u017ar\u00f3d\u0142a energii. Korzy\u015bci z tego w ca\u0142o\u015bci pokrywaj\u0105 rabat GOZ. Dlatego gor\u0105co zach\u0119camy do korzystania z naszych us\u0142ug w\u00a0<a href=\"https:\/\/drukarnia.chorzow.pl\/en\/rabat-goz\/\">wyznaczonych okresach<\/a>.<\/p>\n<h3><span class=\"ez-toc-section\" id=\"Promocje_przy_wiekszym_nakladzie\"><\/span><span id=\"Promocje_przy_wiekszym_nakladzie\" class=\"ez-toc-section\"><\/span>Promocje przy wi\u0119kszym nak\u0142adzie<span class=\"ez-toc-section-end\"><\/span><\/h3>\n<p>Kontenerki reklamowe nadruk na kartkach dost\u0119pne s\u0105 w promocyjnych cenach przy wi\u0119kszych nak\u0142adach. Ten rodzaj zni\u017cki nie jest wyodr\u0119bniony, ale jest zawsze, automatycznie uwzgl\u0119dniany w wycenach.<\/p>\n<div class=\"is-divider divider clearfix\" style=\"max-width:100%;\"><\/div>\n<h2><span class=\"ez-toc-section\" id=\"Gdzie_kupic_i_pozostale_warianty\"><\/span>Gdzie kupi\u0107 i pozosta\u0142e warianty<span class=\"ez-toc-section-end\"><\/span><\/h2>\n<p>Ten wariant produktu to tylko jedna z mo\u017cliwo\u015bci. Zobacz pozosta\u0142e wersje kontenerk\u00f3w reklamowych z nadrukiem tutaj:<\/p>\n<ul>\n<li><a href=\"https:\/\/drukarnia.chorzow.pl\/en\/product-category\/kontenerki-reklamowe\/\">Wszystkie warianty kontener\u00f3w reklamowych z nadrukiem<\/a><\/li>\n<li><a href=\"http:\/\/drukarnia.chorzow.pl\/en\/product\/kontenery-z-nadrukiem-firmowym\/\">Advertising containers with print on the sides<\/a><\/li>\n<li><a href=\"https:\/\/drukarnia.chorzow.pl\/en\/product\/kontenerki-reklamowe-z-nadrukiem\/\">Kontenerki reklamowe z nadrukiem na bokach i na kartkach<\/a> &#8211; TOP SELLER w\u015br\u00f3d kontenerk\u00f3w reklamowych<\/li>\n<\/ul>\n<p>Produkty podobne do kontenerk\u00f3w reklamowych z nadrukiem:<\/p>\n<ul>\n<li><a href=\"https:\/\/drukarnia.chorzow.pl\/en\/product-category\/minipaletki\/\">Mini-paletki<\/a> &#8211; notes na drewnianej paletce z nadrukiem<\/li>\n<\/ul>\n<p style=\"text-align: center;\">&#x26a0;&#xfe0f; Ca\u0142a tre\u015b\u0107 opisu oraz materia\u0142y graficzne stanowi\u0105 utw\u00f3r w rozumieniu art. 1 ustawy o prawie autorskim i prawach pokrewnych.<br \/>\nWszelkie kopiowanie, rozpowszechnianie lub wykorzystanie bez pisemnej zgody w\u0142a\u015bciciela \u2013 zabronione.<\/p>","protected":false},"excerpt":{"rendered":"<p>KO-4<\/p>","protected":false},"featured_media":82874,"template":"","meta":[],"product_brand":[],"product_cat":[1224,784],"product_tag":[],"class_list":{"0":"post-82879","1":"product","2":"type-product","3":"status-publish","4":"has-post-thumbnail","6":"product_cat-kontenerki-reklamowe","7":"product_cat-kostki","9":"first","10":"instock","11":"taxable","12":"shipping-taxable","13":"purchasable","14":"product-type-simple"},"_links":{"self":[{"href":"https:\/\/drukarnia.chorzow.pl\/en\/wp-json\/wp\/v2\/product\/82879","targetHints":{"allow":["GET"]}}],"collection":[{"href":"https:\/\/drukarnia.chorzow.pl\/en\/wp-json\/wp\/v2\/product"}],"about":[{"href":"https:\/\/drukarnia.chorzow.pl\/en\/wp-json\/wp\/v2\/types\/product"}],"wp:featuredmedia":[{"embeddable":true,"href":"https:\/\/drukarnia.chorzow.pl\/en\/wp-json\/wp\/v2\/media\/82874"}],"wp:attachment":[{"href":"https:\/\/drukarnia.chorzow.pl\/en\/wp-json\/wp\/v2\/media?parent=82879"}],"wp:term":[{"taxonomy":"product_brand","embeddable":true,"href":"https:\/\/drukarnia.chorzow.pl\/en\/wp-json\/wp\/v2\/product_brand?post=82879"},{"taxonomy":"product_cat","embeddable":true,"href":"https:\/\/drukarnia.chorzow.pl\/en\/wp-json\/wp\/v2\/product_cat?post=82879"},{"taxonomy":"product_tag","embeddable":true,"href":"https:\/\/drukarnia.chorzow.pl\/en\/wp-json\/wp\/v2\/product_tag?post=82879"}],"curies":[{"name":"wp","href":"https:\/\/api.w.org\/{rel}","templated":true}]}}