{"id":82817,"date":"2025-06-13T12:17:30","date_gmt":"2025-06-13T10:17:30","guid":{"rendered":"https:\/\/drukarnia.chorzow.pl\/?post_type=product&#038;p=82817"},"modified":"2026-04-01T12:36:54","modified_gmt":"2026-04-01T10:36:54","slug":"minipaletka-bez-nadruku","status":"publish","type":"product","link":"https:\/\/drukarnia.chorzow.pl\/en\/product\/minipaletka-bez-nadruku\/","title":{"rendered":"Minipallets without inprint"},"content":{"rendered":"<p>Minipaletki bez nadruku. Notes na drewienku imituj\u0105c\u0105 palet\u0119.<\/p>","protected":false},"excerpt":{"rendered":"<p>mPK-4 Notepads on wooden pallets<\/p>","protected":false},"featured_media":82451,"template":"","meta":[],"product_brand":[],"product_cat":[72],"product_tag":[],"class_list":{"0":"post-82817","1":"product","2":"type-product","3":"status-publish","4":"has-post-thumbnail","6":"product_cat-minipaletki","8":"first","9":"instock","10":"taxable","11":"shipping-taxable","12":"purchasable","13":"product-type-simple"},"_links":{"self":[{"href":"https:\/\/drukarnia.chorzow.pl\/en\/wp-json\/wp\/v2\/product\/82817","targetHints":{"allow":["GET"]}}],"collection":[{"href":"https:\/\/drukarnia.chorzow.pl\/en\/wp-json\/wp\/v2\/product"}],"about":[{"href":"https:\/\/drukarnia.chorzow.pl\/en\/wp-json\/wp\/v2\/types\/product"}],"wp:featuredmedia":[{"embeddable":true,"href":"https:\/\/drukarnia.chorzow.pl\/en\/wp-json\/wp\/v2\/media\/82451"}],"wp:attachment":[{"href":"https:\/\/drukarnia.chorzow.pl\/en\/wp-json\/wp\/v2\/media?parent=82817"}],"wp:term":[{"taxonomy":"product_brand","embeddable":true,"href":"https:\/\/drukarnia.chorzow.pl\/en\/wp-json\/wp\/v2\/product_brand?post=82817"},{"taxonomy":"product_cat","embeddable":true,"href":"https:\/\/drukarnia.chorzow.pl\/en\/wp-json\/wp\/v2\/product_cat?post=82817"},{"taxonomy":"product_tag","embeddable":true,"href":"https:\/\/drukarnia.chorzow.pl\/en\/wp-json\/wp\/v2\/product_tag?post=82817"}],"curies":[{"name":"wp","href":"https:\/\/api.w.org\/{rel}","templated":true}]}}