{"id":82717,"date":"2025-06-09T13:14:25","date_gmt":"2025-06-09T11:14:25","guid":{"rendered":"https:\/\/drukarnia.chorzow.pl\/?post_type=product&#038;p=82717"},"modified":"2026-02-20T15:09:37","modified_gmt":"2026-02-20T14:09:37","slug":"kalendarz-biuwar-nastroje","status":"publish","type":"product","link":"https:\/\/drukarnia.chorzow.pl\/en\/product\/kalendarz-biuwar-nastroje\/","title":{"rendered":"Kalendarz biuwar Nastroje (5szt.)"},"content":{"rendered":"<div id=\"ez-toc-container\" class=\"ez-toc-v2_0_82_2 counter-hierarchy ez-toc-counter ez-toc-grey ez-toc-container-direction\">\n<div class=\"ez-toc-title-container\">\n<p class=\"ez-toc-title\" style=\"cursor:inherit\">SPIS TRE\u015aCI<\/p>\n<span class=\"ez-toc-title-toggle\"><a href=\"#\" class=\"ez-toc-pull-right ez-toc-btn ez-toc-btn-xs ez-toc-btn-default ez-toc-toggle\" aria-label=\"Toggle Table of Content\"><span class=\"ez-toc-js-icon-con\"><span class=\"\"><span class=\"eztoc-hide\" style=\"display:none;\">Toggle<\/span><span class=\"ez-toc-icon-toggle-span\"><svg style=\"fill: #999;color:#999\" xmlns=\"http:\/\/www.w3.org\/2000\/svg\" class=\"list-377408\" width=\"20px\" height=\"20px\" viewbox=\"0 0 24 24\" fill=\"none\"><path d=\"M6 6H4v2h2V6zm14 0H8v2h12V6zM4 11h2v2H4v-2zm16 0H8v2h12v-2zM4 16h2v2H4v-2zm16 0H8v2h12v-2z\" fill=\"currentColor\"><\/path><\/svg><svg style=\"fill: #999;color:#999\" class=\"arrow-unsorted-368013\" xmlns=\"http:\/\/www.w3.org\/2000\/svg\" width=\"10px\" height=\"10px\" viewbox=\"0 0 24 24\" version=\"1.2\" baseprofile=\"tiny\"><path d=\"M18.2 9.3l-6.2-6.3-6.2 6.3c-.2.2-.3.4-.3.7s.1.5.3.7c.2.2.4.3.7.3h11c.3 0 .5-.1.7-.3.2-.2.3-.5.3-.7s-.1-.5-.3-.7zM5.8 14.7l6.2 6.3 6.2-6.3c.2-.2.3-.5.3-.7s-.1-.5-.3-.7c-.2-.2-.4-.3-.7-.3h-11c-.3 0-.5.1-.7.3-.2.2-.3.5-.3.7s.1.5.3.7z\"\/><\/svg><\/span><\/span><\/span><\/a><\/span><\/div>\n<nav><ul class='ez-toc-list ez-toc-list-level-1' ><li class='ez-toc-page-1 ez-toc-heading-level-2'><a class=\"ez-toc-link ez-toc-heading-1\" href=\"https:\/\/drukarnia.chorzow.pl\/en\/product\/kalendarz-biuwar-nastroje\/#Kalendarz_biuwar_Nastroje\" >Kalendarz biuwar Nastroje<\/a><ul class='ez-toc-list-level-3' ><li class='ez-toc-heading-level-3'><a class=\"ez-toc-link ez-toc-heading-2\" href=\"https:\/\/drukarnia.chorzow.pl\/en\/product\/kalendarz-biuwar-nastroje\/#Cechy_kalendarza\" >Calendar features:<\/a><\/li><li class='ez-toc-page-1 ez-toc-heading-level-3'><a class=\"ez-toc-link ez-toc-heading-3\" href=\"https:\/\/drukarnia.chorzow.pl\/en\/product\/kalendarz-biuwar-nastroje\/#Przydatne_odnosniki\" >Useful links:<\/a><\/li><li class='ez-toc-page-1 ez-toc-heading-level-3'><a class=\"ez-toc-link ez-toc-heading-4\" href=\"https:\/\/drukarnia.chorzow.pl\/en\/product\/kalendarz-biuwar-nastroje\/#Nastroje\" >Nastroje<\/a><\/li><\/ul><\/li><\/ul><\/nav><\/div>\n<h2><span class=\"ez-toc-section\" id=\"Kalendarz_biuwar_Nastroje\"><\/span>Kalendarz biuwar Nastroje<span class=\"ez-toc-section-end\"><\/span><\/h2>\n<h3><span class=\"ez-toc-section\" id=\"Cechy_kalendarza\"><\/span>Calendar features:<span class=\"ez-toc-section-end\"><\/span><\/h3>\n<p>&#8211; wymiar biuwaru: 47 x 39 cm<br \/>\n&#8211; miejsce na nadruk: 45 x 8 cm<br \/>\n&#8211; obj\u0119to\u015b\u0107: 30 kart, sklejonych wzd\u0142u\u017c dolnej kraw\u0119dzi kalendarza<br \/>\n&#8211; opakowanie po 5 szt.<br \/>\n&#8211; nazwa kalendarza: Kalendarz biuwar Nastroje<br \/>\n&#8211; kalendarium na rok: 2026<\/p>\n<p>Sp\u00f3d i wierzch kalendarza wykonane s\u0105 z tektury oklejonej ekosk\u00f3r\u0105 w trzech wariantach kolorystycznych.<br \/>\nPod listw\u0105 zamykaj\u0105c\u0105 znajduj\u0105 si\u0119 trzy bloki na notatki.<br \/>\nW cenie oryginalna koperta wykonana z mikrofali 4-warstwowej z ozdobn\u0105 fal\u0105, wyko\u0144czona rafi\u0105, tworz\u0105c\u0105 efektowne opakowanie.<\/p>\n<h3><span class=\"ez-toc-section\" id=\"Przydatne_odnosniki\"><\/span>Useful links:<span class=\"ez-toc-section-end\"><\/span><\/h3>\n<p>O biuwarach:\u00a0<a href=\"http:\/\/biuwary.pl\" target=\"_blank\" rel=\"noopener\">http:\/\/biuwary.pl<\/a><\/p>\n<p>Look for the calendars section on the contact page:<a href=\"https:\/\/drukarnia.chorzow.pl\/en\/kontakt\/\">https:\/\/drukarnia.chorzow.pl\/kontakt\/<\/a><\/p>\n<h3><span class=\"ez-toc-section\" id=\"Nastroje\"><\/span>Nastroje<span class=\"ez-toc-section-end\"><\/span><\/h3>\n<p>- Spring: begins on 20\/21 March (vernal equinox) and ends on 31 May.<br \/>\n- Summer: begins on 21\/22 June (summer solstice) and ends on 31 August.<br \/>\n- Autumn: begins on 22\/23 September (autumnal equinox) and ends on 30 November.<br \/>\n- Winter: begins on 21\/22 December (winter solstice) and ends on 28 February (29 February in leap years).<\/p>","protected":false},"excerpt":{"rendered":"<p>Bi\/064\/3<\/p>","protected":false},"featured_media":82720,"template":"","meta":[],"product_brand":[1103],"product_cat":[79],"product_tag":[1125,1113,436],"class_list":{"0":"post-82717","1":"product","2":"type-product","3":"status-publish","4":"has-post-thumbnail","6":"product_brand-ateko","7":"product_cat-biuwary","8":"product_tag-kolorowy","9":"product_tag-krajobrazy","10":"product_tag-natura","12":"first","13":"outofstock","14":"taxable","15":"shipping-taxable","16":"purchasable","17":"product-type-simple"},"_links":{"self":[{"href":"https:\/\/drukarnia.chorzow.pl\/en\/wp-json\/wp\/v2\/product\/82717","targetHints":{"allow":["GET"]}}],"collection":[{"href":"https:\/\/drukarnia.chorzow.pl\/en\/wp-json\/wp\/v2\/product"}],"about":[{"href":"https:\/\/drukarnia.chorzow.pl\/en\/wp-json\/wp\/v2\/types\/product"}],"wp:featuredmedia":[{"embeddable":true,"href":"https:\/\/drukarnia.chorzow.pl\/en\/wp-json\/wp\/v2\/media\/82720"}],"wp:attachment":[{"href":"https:\/\/drukarnia.chorzow.pl\/en\/wp-json\/wp\/v2\/media?parent=82717"}],"wp:term":[{"taxonomy":"product_brand","embeddable":true,"href":"https:\/\/drukarnia.chorzow.pl\/en\/wp-json\/wp\/v2\/product_brand?post=82717"},{"taxonomy":"product_cat","embeddable":true,"href":"https:\/\/drukarnia.chorzow.pl\/en\/wp-json\/wp\/v2\/product_cat?post=82717"},{"taxonomy":"product_tag","embeddable":true,"href":"https:\/\/drukarnia.chorzow.pl\/en\/wp-json\/wp\/v2\/product_tag?post=82717"}],"curies":[{"name":"wp","href":"https:\/\/api.w.org\/{rel}","templated":true}]}}