{"id":82341,"date":"2025-06-02T09:58:53","date_gmt":"2025-06-02T07:58:53","guid":{"rendered":"https:\/\/drukarnia.chorzow.pl\/?post_type=product&#038;p=82341"},"modified":"2026-02-20T15:58:30","modified_gmt":"2026-02-20T14:58:30","slug":"okienka-do-kalendarzy","status":"publish","type":"product","link":"https:\/\/drukarnia.chorzow.pl\/en\/product\/okienka-do-kalendarzy\/","title":{"rendered":"Okienka do kalendarzy"},"content":{"rendered":"<ul>\n<li>wielko\u015b\u0107 \u015bwiat\u0142a wewn\u0119trznego okienka: 20x31mm<\/li>\n<li>kolor okienka: czerwone<\/li>\n<li>pasek na kalendarz o szeroko\u015bci 29,5cm. (jest mo\u017cliwo\u015b\u0107 zam\u00f3wienia okienka z paskiem na gumk\u0119\u00a0na kalendarze o szeroko\u015bci min 30cm max 40cm. Przy zam\u00f3wieniu prosz\u0119 wpisa\u0107 wyb\u00f3r okienka w uwagach)<\/li>\n<\/ul>","protected":false},"excerpt":{"rendered":"<p>O\/1<\/p>","protected":false},"featured_media":85626,"template":"","meta":[],"product_brand":[1102],"product_cat":[755],"product_tag":[],"class_list":{"0":"post-82341","1":"product","2":"type-product","3":"status-publish","4":"has-post-thumbnail","6":"product_brand-notapress","7":"product_cat-akcesoria","9":"first","10":"outofstock","11":"taxable","12":"shipping-taxable","13":"purchasable","14":"product-type-simple"},"_links":{"self":[{"href":"https:\/\/drukarnia.chorzow.pl\/en\/wp-json\/wp\/v2\/product\/82341","targetHints":{"allow":["GET"]}}],"collection":[{"href":"https:\/\/drukarnia.chorzow.pl\/en\/wp-json\/wp\/v2\/product"}],"about":[{"href":"https:\/\/drukarnia.chorzow.pl\/en\/wp-json\/wp\/v2\/types\/product"}],"wp:featuredmedia":[{"embeddable":true,"href":"https:\/\/drukarnia.chorzow.pl\/en\/wp-json\/wp\/v2\/media\/85626"}],"wp:attachment":[{"href":"https:\/\/drukarnia.chorzow.pl\/en\/wp-json\/wp\/v2\/media?parent=82341"}],"wp:term":[{"taxonomy":"product_brand","embeddable":true,"href":"https:\/\/drukarnia.chorzow.pl\/en\/wp-json\/wp\/v2\/product_brand?post=82341"},{"taxonomy":"product_cat","embeddable":true,"href":"https:\/\/drukarnia.chorzow.pl\/en\/wp-json\/wp\/v2\/product_cat?post=82341"},{"taxonomy":"product_tag","embeddable":true,"href":"https:\/\/drukarnia.chorzow.pl\/en\/wp-json\/wp\/v2\/product_tag?post=82341"}],"curies":[{"name":"wp","href":"https:\/\/api.w.org\/{rel}","templated":true}]}}