{"id":76116,"date":"2025-02-12T08:47:05","date_gmt":"2025-02-12T07:47:05","guid":{"rendered":"https:\/\/drk2021.chorzow.pl\/?post_type=product&#038;p=76116"},"modified":"2025-07-09T10:16:33","modified_gmt":"2025-07-09T08:16:33","slug":"wizytowki-pcv","status":"publish","type":"product","link":"https:\/\/drukarnia.chorzow.pl\/en\/product\/wizytowki-pcv\/","title":{"rendered":"PVC business cards"},"content":{"rendered":"<p><b>Business cards \u2013 printed on transparent \u2013 \u200b\u200bmatte PVC foil.<br \/>\n<\/b>Wizyt\u00f3wki posiadaj\u0105 proste naro\u017cniki.<\/p>\n<p>Wizyt\u00f3wki w kszta\u0142cie karty kredytowej, wykonane z przezroczystego, elastycznego PCV s\u0105 niezwykle trwa\u0142e i idealnie pasuj\u0105 do etui w portfelach. Przezroczyste wizyt\u00f3wki drukowane na PCV s\u0105 produktem bardzo eleganckim i estetycznym.<br \/>\n<b>We make PVC business cards\u00a0<u>screen printing technique.<\/u>The ink layer is 17 times thicker compared to digital printing, resulting in beautifully vivid colors and exceptional durability.<\/b><\/p>","protected":false},"excerpt":{"rendered":"<p>W-2<\/p>","protected":false},"featured_media":81937,"template":"","meta":[],"product_brand":[],"product_cat":[788],"product_tag":[],"class_list":{"0":"post-76116","1":"product","2":"type-product","3":"status-publish","4":"has-post-thumbnail","6":"product_cat-wizytowki","8":"first","9":"instock","10":"taxable","11":"shipping-taxable","12":"purchasable","13":"product-type-simple"},"_links":{"self":[{"href":"https:\/\/drukarnia.chorzow.pl\/en\/wp-json\/wp\/v2\/product\/76116","targetHints":{"allow":["GET"]}}],"collection":[{"href":"https:\/\/drukarnia.chorzow.pl\/en\/wp-json\/wp\/v2\/product"}],"about":[{"href":"https:\/\/drukarnia.chorzow.pl\/en\/wp-json\/wp\/v2\/types\/product"}],"wp:featuredmedia":[{"embeddable":true,"href":"https:\/\/drukarnia.chorzow.pl\/en\/wp-json\/wp\/v2\/media\/81937"}],"wp:attachment":[{"href":"https:\/\/drukarnia.chorzow.pl\/en\/wp-json\/wp\/v2\/media?parent=76116"}],"wp:term":[{"taxonomy":"product_brand","embeddable":true,"href":"https:\/\/drukarnia.chorzow.pl\/en\/wp-json\/wp\/v2\/product_brand?post=76116"},{"taxonomy":"product_cat","embeddable":true,"href":"https:\/\/drukarnia.chorzow.pl\/en\/wp-json\/wp\/v2\/product_cat?post=76116"},{"taxonomy":"product_tag","embeddable":true,"href":"https:\/\/drukarnia.chorzow.pl\/en\/wp-json\/wp\/v2\/product_tag?post=76116"}],"curies":[{"name":"wp","href":"https:\/\/api.w.org\/{rel}","templated":true}]}}