{"id":75742,"date":"2024-02-28T12:41:37","date_gmt":"2024-02-28T11:41:37","guid":{"rendered":"https:\/\/drk2021.chorzow.pl\/?post_type=product&#038;p=75742"},"modified":"2026-02-22T18:32:40","modified_gmt":"2026-02-22T17:32:40","slug":"zeszyt-z-okladka-recyklingowa","status":"publish","type":"product","link":"https:\/\/drukarnia.chorzow.pl\/en\/product\/zeszyt-z-okladka-recyklingowa\/","title":{"rendered":"Notebook with a recycling cover"},"content":{"rendered":"<p><strong>Notebook with a recycling cover<\/strong> (notesy zeszytowe). Ok\u0142adka do tego produktu wykonywana jest z papieru KRFT. Produkt jest wykonywany na zam\u00f3wienie wg koncepcji zamawiaj\u0105cego. Projekt ok\u0142adki oraz kartek zeszytu mo\u017ce zawiera\u0107 dowoln\u0105 grafik\u0119. Zeszyty s\u0105 najcz\u0119\u015bciej zamawiane z firmowym nadrukiem (logo, nazwa i adres firmy) na ok\u0142adce, z wewn\u0119trznymi kartkami z nadrukiem linii lub kratk\u0105. Zeszyty s\u0105 zszywane dwiema zszywkami. Produkt przypomina bardzo powszechnie znane zeszyty szkolne.<\/p>","protected":false},"excerpt":{"rendered":"<p>NZ-2<\/p>","protected":false},"featured_media":75761,"template":"","meta":[],"product_brand":[],"product_cat":[806,785],"product_tag":[],"class_list":{"0":"post-75742","1":"product","2":"type-product","3":"status-publish","4":"has-post-thumbnail","6":"product_cat-eko","7":"product_cat-notesy","9":"first","10":"instock","11":"taxable","12":"shipping-taxable","13":"purchasable","14":"product-type-simple"},"_links":{"self":[{"href":"https:\/\/drukarnia.chorzow.pl\/en\/wp-json\/wp\/v2\/product\/75742","targetHints":{"allow":["GET"]}}],"collection":[{"href":"https:\/\/drukarnia.chorzow.pl\/en\/wp-json\/wp\/v2\/product"}],"about":[{"href":"https:\/\/drukarnia.chorzow.pl\/en\/wp-json\/wp\/v2\/types\/product"}],"wp:featuredmedia":[{"embeddable":true,"href":"https:\/\/drukarnia.chorzow.pl\/en\/wp-json\/wp\/v2\/media\/75761"}],"wp:attachment":[{"href":"https:\/\/drukarnia.chorzow.pl\/en\/wp-json\/wp\/v2\/media?parent=75742"}],"wp:term":[{"taxonomy":"product_brand","embeddable":true,"href":"https:\/\/drukarnia.chorzow.pl\/en\/wp-json\/wp\/v2\/product_brand?post=75742"},{"taxonomy":"product_cat","embeddable":true,"href":"https:\/\/drukarnia.chorzow.pl\/en\/wp-json\/wp\/v2\/product_cat?post=75742"},{"taxonomy":"product_tag","embeddable":true,"href":"https:\/\/drukarnia.chorzow.pl\/en\/wp-json\/wp\/v2\/product_tag?post=75742"}],"curies":[{"name":"wp","href":"https:\/\/api.w.org\/{rel}","templated":true}]}}