{"id":75554,"date":"2024-01-11T16:06:13","date_gmt":"2024-01-11T15:06:13","guid":{"rendered":"https:\/\/drk2021.chorzow.pl\/?post_type=product&#038;p=75554"},"modified":"2026-02-20T15:52:01","modified_gmt":"2026-02-20T14:52:01","slug":"koperta-na-zdjecia-paszportowe","status":"publish","type":"product","link":"https:\/\/drukarnia.chorzow.pl\/en\/product\/koperta-na-zdjecia-paszportowe\/","title":{"rendered":"Passport photo envelope"},"content":{"rendered":"<table>\n<tbody>\n<tr>\n<td>Optymalny rozmiar zdj\u0119\u0107:<\/td>\n<td><\/td>\n<td>4 x 5 [cm]<\/td>\n<\/tr>\n<tr>\n<td>Pojemno\u015b\u0107:<\/td>\n<td><\/td>\n<td>10 zdj\u0119\u0107<\/td>\n<\/tr>\n<tr>\n<td>Nadruk:<\/td>\n<td><\/td>\n<td>bez nadruku<\/td>\n<\/tr>\n<tr>\n<td>Wz\u00f3r i wymiary:<\/td>\n<td><\/td>\n<td><img loading=\"lazy\" decoding=\"async\" class=\"alignnone size-full wp-image-75352\" src=\"https:\/\/drk2021.chorzow.pl\/wp-content\/uploads\/2024\/01\/faktura_papieru_albumow_dla_fotografow_nr_kat_GiG3Dk-1031.jpg\" alt=\"\" width=\"500\" height=\"500\" title=\"\" srcset=\"https:\/\/drukarnia.chorzow.pl\/wp-content\/uploads\/2024\/01\/faktura_papieru_albumow_dla_fotografow_nr_kat_GiG3Dk-1031.jpg 500w, https:\/\/drukarnia.chorzow.pl\/wp-content\/uploads\/2024\/01\/faktura_papieru_albumow_dla_fotografow_nr_kat_GiG3Dk-1031-100x100.jpg 100w, https:\/\/drukarnia.chorzow.pl\/wp-content\/uploads\/2024\/01\/faktura_papieru_albumow_dla_fotografow_nr_kat_GiG3Dk-1031-247x247.jpg 247w, https:\/\/drukarnia.chorzow.pl\/wp-content\/uploads\/2024\/01\/faktura_papieru_albumow_dla_fotografow_nr_kat_GiG3Dk-1031-400x400.jpg 400w, https:\/\/drukarnia.chorzow.pl\/wp-content\/uploads\/2024\/01\/faktura_papieru_albumow_dla_fotografow_nr_kat_GiG3Dk-1031-150x150.jpg 150w\" sizes=\"auto, (max-width: 500px) 100vw, 500px\" \/><\/td>\n<\/tr>\n<tr>\n<td>Papier od strony zewn\u0119trznej:<\/td>\n<td><\/td>\n<td>ozdobny w kolorze bia\u0142ym (lekko be\u017cowy)<\/td>\n<\/tr>\n<tr>\n<td>Papier od strony wewn\u0119trznej:<\/td>\n<td><\/td>\n<td>g\u0142adki (lekko be\u017cowy)<\/td>\n<\/tr>\n<tr>\n<td>Okienko na zdj\u0119cie:<\/td>\n<td><\/td>\n<td>bez okienka<\/td>\n<\/tr>\n<tr>\n<td>Dostawa produktu:<\/td>\n<td><\/td>\n<td>formatka z\u00a0<a href=\"https:\/\/pl.wikipedia.org\/wiki\/Bigowanie\" target=\"_blank\" rel=\"noopener\">zagi\u0119ciami<\/a>\u00a0do z\u0142o\u017cenia<\/td>\n<\/tr>\n<tr>\n<td>Dodatkowe informacje:<\/td>\n<td><\/td>\n<td>formatka posiada skrzyde\u0142ka u\u0142atwiaj\u0105ce sklejenie<br \/>\n(klejenie we w\u0142asnym zakresie)<\/td>\n<\/tr>\n<tr>\n<td>Dwa sposoby sklejenia:<\/td>\n<td><\/td>\n<td>\u00a0Sprawd\u017a\u00a0w zak\u0142adce Zdj\u0119cia<\/td>\n<\/tr>\n<\/tbody>\n<\/table>\n","protected":false},"excerpt":{"rendered":"<p>Paspartu1<\/p>","protected":false},"featured_media":89286,"template":"","meta":[],"product_brand":[1102],"product_cat":[801],"product_tag":[1322],"class_list":{"0":"post-75554","1":"product","2":"type-product","3":"status-publish","4":"has-post-thumbnail","6":"product_brand-notapress","7":"product_cat-ramki","8":"product_tag-album","10":"first","11":"instock","12":"taxable","13":"shipping-taxable","14":"purchasable","15":"product-type-simple"},"_links":{"self":[{"href":"https:\/\/drukarnia.chorzow.pl\/en\/wp-json\/wp\/v2\/product\/75554","targetHints":{"allow":["GET"]}}],"collection":[{"href":"https:\/\/drukarnia.chorzow.pl\/en\/wp-json\/wp\/v2\/product"}],"about":[{"href":"https:\/\/drukarnia.chorzow.pl\/en\/wp-json\/wp\/v2\/types\/product"}],"wp:featuredmedia":[{"embeddable":true,"href":"https:\/\/drukarnia.chorzow.pl\/en\/wp-json\/wp\/v2\/media\/89286"}],"wp:attachment":[{"href":"https:\/\/drukarnia.chorzow.pl\/en\/wp-json\/wp\/v2\/media?parent=75554"}],"wp:term":[{"taxonomy":"product_brand","embeddable":true,"href":"https:\/\/drukarnia.chorzow.pl\/en\/wp-json\/wp\/v2\/product_brand?post=75554"},{"taxonomy":"product_cat","embeddable":true,"href":"https:\/\/drukarnia.chorzow.pl\/en\/wp-json\/wp\/v2\/product_cat?post=75554"},{"taxonomy":"product_tag","embeddable":true,"href":"https:\/\/drukarnia.chorzow.pl\/en\/wp-json\/wp\/v2\/product_tag?post=75554"}],"curies":[{"name":"wp","href":"https:\/\/api.w.org\/{rel}","templated":true}]}}