{"id":623,"date":"2022-03-22T15:27:10","date_gmt":"2022-03-22T14:27:10","guid":{"rendered":"https:\/\/drk2021.chorzow.pl\/?post_type=product&#038;p=623"},"modified":"2025-07-09T12:45:11","modified_gmt":"2025-07-09T10:45:11","slug":"koperty-okienko-l","status":"publish","type":"product","link":"https:\/\/drukarnia.chorzow.pl\/en\/product\/koperty-okienko-l\/","title":{"rendered":"Window envelopes-L"},"content":{"rendered":"<p>Envelopes with window on the left side<br \/>\nKoperty z nadrukiem firmowym \u2013 z okienkiem umieszczonym po lewej stronie, samoprzylepne, bia\u0142e. Mo\u017cemy wykona\u0107 nadruk CMYK.<br \/>\nWysoka jako\u015b\u0107 zapewnia Pa\u0144stwu dobry wizerunek marketingowy.<\/p>","protected":false},"excerpt":{"rendered":"<p>KO-L<\/p>","protected":false},"featured_media":1353,"template":"","meta":[],"product_brand":[],"product_cat":[791],"product_tag":[],"class_list":{"0":"post-623","1":"product","2":"type-product","3":"status-publish","4":"has-post-thumbnail","6":"product_cat-koperty","8":"first","9":"instock","10":"taxable","11":"shipping-taxable","12":"purchasable","13":"product-type-simple"},"_links":{"self":[{"href":"https:\/\/drukarnia.chorzow.pl\/en\/wp-json\/wp\/v2\/product\/623","targetHints":{"allow":["GET"]}}],"collection":[{"href":"https:\/\/drukarnia.chorzow.pl\/en\/wp-json\/wp\/v2\/product"}],"about":[{"href":"https:\/\/drukarnia.chorzow.pl\/en\/wp-json\/wp\/v2\/types\/product"}],"wp:featuredmedia":[{"embeddable":true,"href":"https:\/\/drukarnia.chorzow.pl\/en\/wp-json\/wp\/v2\/media\/1353"}],"wp:attachment":[{"href":"https:\/\/drukarnia.chorzow.pl\/en\/wp-json\/wp\/v2\/media?parent=623"}],"wp:term":[{"taxonomy":"product_brand","embeddable":true,"href":"https:\/\/drukarnia.chorzow.pl\/en\/wp-json\/wp\/v2\/product_brand?post=623"},{"taxonomy":"product_cat","embeddable":true,"href":"https:\/\/drukarnia.chorzow.pl\/en\/wp-json\/wp\/v2\/product_cat?post=623"},{"taxonomy":"product_tag","embeddable":true,"href":"https:\/\/drukarnia.chorzow.pl\/en\/wp-json\/wp\/v2\/product_tag?post=623"}],"curies":[{"name":"wp","href":"https:\/\/api.w.org\/{rel}","templated":true}]}}