{"id":322,"date":"2022-02-15T12:21:12","date_gmt":"2022-02-15T11:21:12","guid":{"rendered":"https:\/\/drk2021.chorzow.pl\/?post_type=product&#038;p=322"},"modified":"2025-07-10T14:09:51","modified_gmt":"2025-07-10T12:09:51","slug":"bloczki-samokopiujace","status":"publish","type":"product","link":"https:\/\/drukarnia.chorzow.pl\/en\/product\/bloczki-samokopiujace\/","title":{"rendered":"Self-copying pads"},"content":{"rendered":"<p><b>BLOCZKI SAMOKOPIUJ\u0104CE<\/b> na papierze CFB (papier przyjmuj\u0105cy i oddaj\u0105cy).<br \/>\nNotesy samokopiuj\u0105ce wykonujemy wg indywidualnego projektu, do wyboru jest kilka kolor\u00f3w papieru i format\u00f3w.<br \/>\nNa spodzie bloczka znajduje si\u0119 usztywniaj\u0105cy kartonik.<br \/>\nTego typu akcydensy s\u0105 najcz\u0119\u015bciej stosowane w firmach transportowych (CMR, protoko\u0142y), serwisach (gwarancje) w ka\u017cdym biurze (WZ, KP, umowy, zam\u00f3wienia) itp.<\/p>","protected":false},"excerpt":{"rendered":"<p>CFB-11<\/p>","protected":false},"featured_media":1652,"template":"","meta":[],"product_brand":[],"product_cat":[1097],"product_tag":[],"class_list":{"0":"post-322","1":"product","2":"type-product","3":"status-publish","4":"has-post-thumbnail","6":"product_cat-druki-akcydensowe","8":"first","9":"instock","10":"taxable","11":"shipping-taxable","12":"purchasable","13":"product-type-simple"},"_links":{"self":[{"href":"https:\/\/drukarnia.chorzow.pl\/en\/wp-json\/wp\/v2\/product\/322","targetHints":{"allow":["GET"]}}],"collection":[{"href":"https:\/\/drukarnia.chorzow.pl\/en\/wp-json\/wp\/v2\/product"}],"about":[{"href":"https:\/\/drukarnia.chorzow.pl\/en\/wp-json\/wp\/v2\/types\/product"}],"wp:featuredmedia":[{"embeddable":true,"href":"https:\/\/drukarnia.chorzow.pl\/en\/wp-json\/wp\/v2\/media\/1652"}],"wp:attachment":[{"href":"https:\/\/drukarnia.chorzow.pl\/en\/wp-json\/wp\/v2\/media?parent=322"}],"wp:term":[{"taxonomy":"product_brand","embeddable":true,"href":"https:\/\/drukarnia.chorzow.pl\/en\/wp-json\/wp\/v2\/product_brand?post=322"},{"taxonomy":"product_cat","embeddable":true,"href":"https:\/\/drukarnia.chorzow.pl\/en\/wp-json\/wp\/v2\/product_cat?post=322"},{"taxonomy":"product_tag","embeddable":true,"href":"https:\/\/drukarnia.chorzow.pl\/en\/wp-json\/wp\/v2\/product_tag?post=322"}],"curies":[{"name":"wp","href":"https:\/\/api.w.org\/{rel}","templated":true}]}}