{"id":311,"date":"2022-02-15T10:34:43","date_gmt":"2022-02-15T09:34:43","guid":{"rendered":"https:\/\/drk2021.chorzow.pl\/?post_type=product&#038;p=311"},"modified":"2025-09-25T08:38:10","modified_gmt":"2025-09-25T06:38:10","slug":"papier-firmowy","status":"publish","type":"product","link":"https:\/\/drukarnia.chorzow.pl\/en\/product\/papier-firmowy\/","title":{"rendered":"Company letterhead"},"content":{"rendered":"<p>Zadbaj o sp\u00f3jny i elegancki wizerunek swojej marki dzi\u0119ki wysokiej jako\u015bci papierowi firmowemu.<br \/>\nPapier firmowy to uzupe\u0142nienie materia\u0142\u00f3w reklamowych, wp\u0142ywaj\u0105cych korzystnie na postrzeganie firmy przez jej kontrahent\u00f3w.<br \/>\nOferujemy papier idealny do oficjalnej korespondencji, ofert, um\u00f3w oraz faktur \u2013 doskona\u0142y dla firm, kancelarii, instytucji i biur.<\/p>","protected":false},"excerpt":{"rendered":"<p>PF-1<\/p>","protected":false},"featured_media":1653,"template":"","meta":[],"product_brand":[],"product_cat":[1097],"product_tag":[],"class_list":{"0":"post-311","1":"product","2":"type-product","3":"status-publish","4":"has-post-thumbnail","6":"product_cat-druki-akcydensowe","8":"first","9":"instock","10":"taxable","11":"shipping-taxable","12":"purchasable","13":"product-type-simple"},"_links":{"self":[{"href":"https:\/\/drukarnia.chorzow.pl\/en\/wp-json\/wp\/v2\/product\/311","targetHints":{"allow":["GET"]}}],"collection":[{"href":"https:\/\/drukarnia.chorzow.pl\/en\/wp-json\/wp\/v2\/product"}],"about":[{"href":"https:\/\/drukarnia.chorzow.pl\/en\/wp-json\/wp\/v2\/types\/product"}],"wp:featuredmedia":[{"embeddable":true,"href":"https:\/\/drukarnia.chorzow.pl\/en\/wp-json\/wp\/v2\/media\/1653"}],"wp:attachment":[{"href":"https:\/\/drukarnia.chorzow.pl\/en\/wp-json\/wp\/v2\/media?parent=311"}],"wp:term":[{"taxonomy":"product_brand","embeddable":true,"href":"https:\/\/drukarnia.chorzow.pl\/en\/wp-json\/wp\/v2\/product_brand?post=311"},{"taxonomy":"product_cat","embeddable":true,"href":"https:\/\/drukarnia.chorzow.pl\/en\/wp-json\/wp\/v2\/product_cat?post=311"},{"taxonomy":"product_tag","embeddable":true,"href":"https:\/\/drukarnia.chorzow.pl\/en\/wp-json\/wp\/v2\/product_tag?post=311"}],"curies":[{"name":"wp","href":"https:\/\/api.w.org\/{rel}","templated":true}]}}