{"id":310,"date":"2022-02-15T10:33:29","date_gmt":"2022-02-15T09:33:29","guid":{"rendered":"https:\/\/drk2021.chorzow.pl\/?post_type=product&#038;p=310"},"modified":"2025-07-08T14:07:16","modified_gmt":"2025-07-08T12:07:16","slug":"teczki-firmowe-a4-z-gumka","status":"publish","type":"product","link":"https:\/\/drukarnia.chorzow.pl\/en\/product\/teczki-firmowe-a4-z-gumka\/","title":{"rendered":"A4 business folders with elastic band"},"content":{"rendered":"<p>Teczka przeznaczona do przechowywania i transportu dokument\u00f3w w formacie A4,<br \/>\nwyposa\u017cona w gumk\u0119 zabezpieczaj\u0105c\u0105 zawarto\u015b\u0107. Wymiar teczki po z\u0142o\u017ceniu: 22 x 30,5 cm.<br \/>\nWykonana z kartonu [karton min. 270 g\/m<sup>2]<\/sup>, zabezpiecza zawarto\u015b\u0107 przed uszkodzeniem i zabrudzeniem.<br \/>\nMaksymalna liczba kartek: 40 szt. (ksero 80 g\/m<sup>2<\/sup>\u00a0). Idealna do biura, szko\u0142y lub u\u017cytku domowego.<\/p>\n","protected":false},"excerpt":{"rendered":"<p>TF-04<\/p>","protected":false},"featured_media":81942,"template":"","meta":[],"product_brand":[],"product_cat":[786],"product_tag":[],"class_list":{"0":"post-310","1":"product","2":"type-product","3":"status-publish","4":"has-post-thumbnail","6":"product_cat-teczki","8":"first","9":"instock","10":"taxable","11":"shipping-taxable","12":"purchasable","13":"product-type-simple"},"_links":{"self":[{"href":"https:\/\/drukarnia.chorzow.pl\/en\/wp-json\/wp\/v2\/product\/310","targetHints":{"allow":["GET"]}}],"collection":[{"href":"https:\/\/drukarnia.chorzow.pl\/en\/wp-json\/wp\/v2\/product"}],"about":[{"href":"https:\/\/drukarnia.chorzow.pl\/en\/wp-json\/wp\/v2\/types\/product"}],"wp:featuredmedia":[{"embeddable":true,"href":"https:\/\/drukarnia.chorzow.pl\/en\/wp-json\/wp\/v2\/media\/81942"}],"wp:attachment":[{"href":"https:\/\/drukarnia.chorzow.pl\/en\/wp-json\/wp\/v2\/media?parent=310"}],"wp:term":[{"taxonomy":"product_brand","embeddable":true,"href":"https:\/\/drukarnia.chorzow.pl\/en\/wp-json\/wp\/v2\/product_brand?post=310"},{"taxonomy":"product_cat","embeddable":true,"href":"https:\/\/drukarnia.chorzow.pl\/en\/wp-json\/wp\/v2\/product_cat?post=310"},{"taxonomy":"product_tag","embeddable":true,"href":"https:\/\/drukarnia.chorzow.pl\/en\/wp-json\/wp\/v2\/product_tag?post=310"}],"curies":[{"name":"wp","href":"https:\/\/api.w.org\/{rel}","templated":true}]}}