{"id":299,"date":"2022-02-15T09:51:40","date_gmt":"2022-02-15T08:51:40","guid":{"rendered":"https:\/\/drk2021.chorzow.pl\/?post_type=product&#038;p=299"},"modified":"2026-04-28T10:37:13","modified_gmt":"2026-04-28T08:37:13","slug":"minipaletki-kwadratowe-z-nadrukiem-na-bokach","status":"publish","type":"product","link":"https:\/\/drukarnia.chorzow.pl\/en\/product\/minipaletki-kwadratowe-z-nadrukiem-na-bokach\/","title":{"rendered":"Square minipallets with inprint on sides"},"content":{"rendered":"<div id=\"ez-toc-container\" class=\"ez-toc-v2_0_82_2 counter-hierarchy ez-toc-counter ez-toc-grey ez-toc-container-direction\">\n<div class=\"ez-toc-title-container\">\n<p class=\"ez-toc-title\" style=\"cursor:inherit\">SPIS TRE\u015aCI<\/p>\n<span class=\"ez-toc-title-toggle\"><a href=\"#\" class=\"ez-toc-pull-right ez-toc-btn ez-toc-btn-xs ez-toc-btn-default ez-toc-toggle\" aria-label=\"Toggle Table of Content\"><span class=\"ez-toc-js-icon-con\"><span class=\"\"><span class=\"eztoc-hide\" style=\"display:none;\">Toggle<\/span><span class=\"ez-toc-icon-toggle-span\"><svg style=\"fill: #999;color:#999\" xmlns=\"http:\/\/www.w3.org\/2000\/svg\" class=\"list-377408\" width=\"20px\" height=\"20px\" viewbox=\"0 0 24 24\" fill=\"none\"><path d=\"M6 6H4v2h2V6zm14 0H8v2h12V6zM4 11h2v2H4v-2zm16 0H8v2h12v-2zM4 16h2v2H4v-2zm16 0H8v2h12v-2z\" fill=\"currentColor\"><\/path><\/svg><svg style=\"fill: #999;color:#999\" class=\"arrow-unsorted-368013\" xmlns=\"http:\/\/www.w3.org\/2000\/svg\" width=\"10px\" height=\"10px\" viewbox=\"0 0 24 24\" version=\"1.2\" baseprofile=\"tiny\"><path d=\"M18.2 9.3l-6.2-6.3-6.2 6.3c-.2.2-.3.4-.3.7s.1.5.3.7c.2.2.4.3.7.3h11c.3 0 .5-.1.7-.3.2-.2.3-.5.3-.7s-.1-.5-.3-.7zM5.8 14.7l6.2 6.3 6.2-6.3c.2-.2.3-.5.3-.7s-.1-.5-.3-.7c-.2-.2-.4-.3-.7-.3h-11c-.3 0-.5.1-.7.3-.2.2-.3.5-.3.7s.1.5.3.7z\"\/><\/svg><\/span><\/span><\/span><\/a><\/span><\/div>\n<nav><ul class='ez-toc-list ez-toc-list-level-1' ><li class='ez-toc-page-1 ez-toc-heading-level-2'><a class=\"ez-toc-link ez-toc-heading-1\" href=\"https:\/\/drukarnia.chorzow.pl\/en\/product\/minipaletki-kwadratowe-z-nadrukiem-na-bokach\/#Minipaletki_kwadratowe_z_nadrukiem_na_bokach\" >Square minipallets with inprint on sides<\/a><\/li><li class='ez-toc-page-1 ez-toc-heading-level-2'><a class=\"ez-toc-link ez-toc-heading-2\" href=\"https:\/\/drukarnia.chorzow.pl\/en\/product\/minipaletki-kwadratowe-z-nadrukiem-na-bokach\/#Informacje_techniczne_i_parametry\" >Technical information and parameters<\/a><ul class='ez-toc-list-level-3' ><li class='ez-toc-heading-level-3'><a class=\"ez-toc-link ez-toc-heading-3\" href=\"https:\/\/drukarnia.chorzow.pl\/en\/product\/minipaletki-kwadratowe-z-nadrukiem-na-bokach\/#%E2%AD%90_Pelny_kolor_PREMIUM_%E2%80%94_nowy_ulepszony_standard_nadruku\" >\u2b50 Full color PREMIUM - a new, improved printing standard<\/a><\/li><li class='ez-toc-page-1 ez-toc-heading-level-3'><a class=\"ez-toc-link ez-toc-heading-4\" href=\"https:\/\/drukarnia.chorzow.pl\/en\/product\/minipaletki-kwadratowe-z-nadrukiem-na-bokach\/#Kiedy_warto_wybrac_%E2%AD%90_Pelny_kolor_PREMIUM\" >When is it worth choosing \u2b50 PREMIUM Full Color?<\/a><\/li><\/ul><\/li><\/ul><\/nav><\/div>\n<h2><span class=\"ez-toc-section\" id=\"Minipaletki_kwadratowe_z_nadrukiem_na_bokach\"><\/span>Square minipallets with inprint on sides<span class=\"ez-toc-section-end\"><\/span><\/h2>\n<p>Kostki reklamowe na kwadratowych, drewnianych paletkach. W tym produkcie, w odr\u00f3\u017cnieniu od pozosta\u0142ych modeli, autorski nadruk firmowy (wykonywany wg Twojego indywidualnego projektu) wyst\u0119puje wy\u0142\u0105cznie na powierzchni bocznej (nie ma opcji nadruku na ka\u017cdej kartce). Kostka przymocowana do drewnianej paletki daje imitacj\u0119 za\u0142adowanej palety transportowej.<\/p>\n<p>Notesy reklamowe na paletkach &#8211; kostki na paletce (mini-paletki) z nadrukiem firmowym wg indywidualnego projektu na powierzchni bocznej. Kostka przymocowana do drewnianej paletki daje imitacj\u0119 za\u0142adowanej palety transportowej. Jest wi\u0119c to idealna reklama dla:<br \/>\n\u2013 transport company (transport industry),<br \/>\n\u2013 construction company (construction industry),<br \/>\n\u2013 transport offices (e.g. customs offices).<\/p>\n<p><strong>Minipaletka kwadratowa z nadrukiem na bokach<\/strong> jest bardzo estetycznym gad\u017cetem i jednocze\u015bnie bardzo u\u017cytecznym. Firmy z przyjemno\u015bci\u0105 korzystaj\u0105 z tej formy notes\u00f3w &#8211; notesy na paletkach coraz cz\u0119\u015bciej spotka\u0107 mo\u017cna na biurkach firm kooperuj\u0105cych z bran\u017c\u0105 transportow\u0105. Prosz\u0119 zwr\u00f3ci\u0107 uwag\u0119 (w szczeg\u00f3lno\u015bci wykonuj\u0105c projekt reklamy na paletkach), \u017ce reklama na paletkach nie musi by\u0107 w pe\u0142nym kolorze. Najwa\u017cniejszy walor mini-paletek, to wyj\u0105tkowo estetyczna forma. Dlatego najch\u0119tniej zamawiana jest mini-paletka w jednym kolorze nadruku, ale za to w du\u017co wi\u0119kszym nak\u0142adzie.<\/p>\n<p>Ten rodzaj mini paletki reklamowej nie zawiera nadruku na ka\u017cdej kartce &#8211; prosz\u0119 rozwa\u017cy\u0107 wyb\u00f3r podobnego produktu &#8211; niewiele dro\u017cszego i dost\u0119pnego w naszym sklepie, kt\u00f3ry zawiera ju\u017c opcj\u0119 nadruku na ka\u017cdej kartce. Minipaletki z nadrukiem bocznym i nadrukiem na ka\u017cdej kartce jest w specjalnej promocji. Paletki firmowe z dodatkowym nadrukiem na ka\u017cdej kartce s\u0105 dost\u0119pne pod nr katalogowym mPK-3.<\/p>\n<p><iframe loading=\"lazy\" title=\"Farby\" width=\"1020\" height=\"574\" src=\"https:\/\/www.youtube.com\/embed\/6p4Fw2PvaCE?feature=oembed\" frameborder=\"0\" allow=\"accelerometer; autoplay; clipboard-write; encrypted-media; gyroscope; picture-in-picture; web-share\" referrerpolicy=\"strict-origin-when-cross-origin\" allowfullscreen><\/iframe><\/p>\n<h2><span class=\"ez-toc-section\" id=\"Informacje_techniczne_i_parametry\"><\/span>Technical information and parameters<span class=\"ez-toc-section-end\"><\/span><\/h2>\n<h3><span class=\"ez-toc-section\" id=\"%E2%AD%90_Pelny_kolor_PREMIUM_%E2%80%94_nowy_ulepszony_standard_nadruku\"><\/span>\u2b50 Full color PREMIUM - a new, improved printing standard<span class=\"ez-toc-section-end\"><\/span><\/h3>\n<p>This advanced cube printing technique offers significantly better quality than classic full-color CMYK printing. Its key features include:<\/p>\n<ul>\n<li>exceptionally smooth and sharp edges,<\/li>\n<li>higher clarity and color depth,<\/li>\n<li>intense, saturated and more \"vivid\" color reproduction.<\/li>\n<\/ul>\n<h3><span class=\"ez-toc-section\" id=\"Kiedy_warto_wybrac_%E2%AD%90_Pelny_kolor_PREMIUM\"><\/span>When is it worth choosing \u2b50 PREMIUM Full Color?<span class=\"ez-toc-section-end\"><\/span><\/h3>\n<p>The PREMIUM option is ideal if:<\/p>\n<ul>\n<li><strong>small details<\/strong>, thin lines or small inscriptions,<\/li>\n<li><strong>high-detail photos, images or graphics<\/strong>,<\/li>\n<li>you care about <strong data-start=\"758\" data-end=\"791\">maximum color saturation<\/strong>,<\/li>\n<li>you want to achieve a significantly better visual effect \u2013 <strong>efekt WOW!<\/strong><\/li>\n<\/ul>\n<p>Dobierz parametry nadruku na kostkach reklamowych wg w\u0142asnego uznania &#8211; zwr\u00f3\u0107 uwag\u0119, \u017ce zmiana tych parametr\u00f3w automatycznie powoduje zmian\u0119 ceny &#8211; pozwalaj\u0105c dopasowa\u0107 nasz\u0105 ofert\u0119 do Twoich potrzeb i do Twojego bud\u017cetu.<\/p>\n<p>UWAGA! Nadruk boczny wykonywany jest farbami wg wzornika Pantone lub w pe\u0142nym kolorze &#8211; druk z CMYK. Wyb\u00f3r opcji CMYK pozwala na wydrukowanie np. kolorowego zdj\u0119cia lub innych element\u00f3w sk\u0142adaj\u0105cych si\u0119 z rastra. Je\u015bli masz w\u0105tpliwo\u015bci co do metody druku, wy\u015blij wz\u00f3r (projekt) przed z\u0142o\u017ceniem zlecenia na nasz adres (wystarczy klikn\u0105\u0107 i do\u0142\u0105czy\u0107 za\u0142\u0105cznik): dtp2@drukarnia.chorzow.pl.<\/p>\n<div>Please specify colors according to the Pantone color chart or, if printing is to be done using CMYK, the content of individual fractions. Due to technological reasons and the varying types of substrates, colors may differ slightly from those presented in the color charts.<\/div>\n<p>If it is necessary to precisely preserve the colours, the ordering party is obliged to send a colour sample, i.e. the original of the previous print, proof or cromalin.<br \/>\nThe mini-pallet height you select in the pricing parameters is the height of the stack of notes, excluding the trewie\u0144ka \u2013 the base of the mini-pallet. This means that the approximate number of notes for each height is as follows:<\/p>\n<p>\u2013 50 mm -&gt; 500 sheets (\u00b1 30 pcs.),<br \/>\n\u2013 60 mm -&gt; 600 sheets (\u00b1 35 szt.),<br \/>\n\u2013 70 mm -&gt; 700 sheets (\u00b1 40 szt.).<br \/>\n\u2013 80 mm -&gt; 800 sheets (\u00b1 45 szt.).<\/p>\n<p>The paper from which the notes are made changes volume when exposed to moisture. Due to this, and the nature of the technological processes involved in production, the stack height of the notes may vary by approximately \u00b15%.<br \/>\nFor those who value the height of the cards, please specify this in your order notes. In such cases, we reserve the right to change the delivery date and price.<\/p>\n<p>The height of the mini pallet base (wood) is approximately 16 mm.<\/p>\n<p>Dimensions of the cards in the palette:<\/p>\n<p>&#8211; 98\u00a0 x\u00a0 98\u00a0 x\u00a0 50 (ok. 500 kartek)<br \/>\n&#8211; 98\u00a0 x\u00a0 98\u00a0 x\u00a0 60 (ok. 600 kartek)<br \/>\n&#8211; 98\u00a0 x\u00a0 98\u00a0 x\u00a0 70 (ok. 700 kartek)<br \/>\n&#8211; 98\u00a0 x\u00a0 98\u00a0 x\u00a0 80 (ok. 800 kartek)<\/p>\n<p>The dimensions of the cards may vary by approximately 2 mm.<\/p>","protected":false},"excerpt":{"rendered":"<p>mPK-1 Notepads on wooden pallets<\/p>","protected":false},"featured_media":81849,"template":"","meta":[],"product_brand":[],"product_cat":[72],"product_tag":[],"class_list":{"0":"post-299","1":"product","2":"type-product","3":"status-publish","4":"has-post-thumbnail","6":"product_cat-minipaletki","8":"first","9":"instock","10":"taxable","11":"shipping-taxable","12":"purchasable","13":"product-type-simple"},"_links":{"self":[{"href":"https:\/\/drukarnia.chorzow.pl\/en\/wp-json\/wp\/v2\/product\/299","targetHints":{"allow":["GET"]}}],"collection":[{"href":"https:\/\/drukarnia.chorzow.pl\/en\/wp-json\/wp\/v2\/product"}],"about":[{"href":"https:\/\/drukarnia.chorzow.pl\/en\/wp-json\/wp\/v2\/types\/product"}],"wp:featuredmedia":[{"embeddable":true,"href":"https:\/\/drukarnia.chorzow.pl\/en\/wp-json\/wp\/v2\/media\/81849"}],"wp:attachment":[{"href":"https:\/\/drukarnia.chorzow.pl\/en\/wp-json\/wp\/v2\/media?parent=299"}],"wp:term":[{"taxonomy":"product_brand","embeddable":true,"href":"https:\/\/drukarnia.chorzow.pl\/en\/wp-json\/wp\/v2\/product_brand?post=299"},{"taxonomy":"product_cat","embeddable":true,"href":"https:\/\/drukarnia.chorzow.pl\/en\/wp-json\/wp\/v2\/product_cat?post=299"},{"taxonomy":"product_tag","embeddable":true,"href":"https:\/\/drukarnia.chorzow.pl\/en\/wp-json\/wp\/v2\/product_tag?post=299"}],"curies":[{"name":"wp","href":"https:\/\/api.w.org\/{rel}","templated":true}]}}