{"id":292,"date":"2022-02-15T09:37:03","date_gmt":"2022-02-15T08:37:03","guid":{"rendered":"https:\/\/drk2021.chorzow.pl\/?post_type=product&#038;p=292"},"modified":"2025-10-16T10:37:03","modified_gmt":"2025-10-16T08:37:03","slug":"pudelka-reklamowe","status":"publish","type":"product","link":"https:\/\/drukarnia.chorzow.pl\/en\/product\/pudelka-reklamowe\/","title":{"rendered":"Advertising boxes 8x8x5cm"},"content":{"rendered":"<p><strong>Advertising boxes<\/strong> &#8211; praktyczne, kolorowe i mile widziane na ka\u017cdym biurku. Karteczki na notatki z Twoj\u0105 reklam\u0105 s\u0105 bardzo skuteczn\u0105 i jednocze\u015bnie niedrog\u0105 form\u0105 marketingu. Pude\u0142ko mie\u015bci oko\u0142o 480 kartek.<br \/>\nW odr\u00f3\u017cnieniu od kostek reklamowych na pude\u0142kach wykonuje si\u0119 nadruk w pe\u0142nym kolorze CMYK. W cen\u0119 wliczono b\u0142yszcz\u0105cy lakier UV i zabezpieczenie ka\u017cdej pojedynczej sztuki w foli\u0119 termokurczliw\u0105.<\/p>\n<p><b>See how aesthetically pleasing your company's advertising can look.<\/b><\/p>","protected":false},"excerpt":{"rendered":"<p>Boxes1<\/p>","protected":false},"featured_media":1406,"template":"","meta":[],"product_brand":[],"product_cat":[792],"product_tag":[],"class_list":{"0":"post-292","1":"product","2":"type-product","3":"status-publish","4":"has-post-thumbnail","6":"product_cat-pudelka-reklamowe","8":"first","9":"instock","10":"taxable","11":"shipping-taxable","12":"purchasable","13":"product-type-simple"},"_links":{"self":[{"href":"https:\/\/drukarnia.chorzow.pl\/en\/wp-json\/wp\/v2\/product\/292","targetHints":{"allow":["GET"]}}],"collection":[{"href":"https:\/\/drukarnia.chorzow.pl\/en\/wp-json\/wp\/v2\/product"}],"about":[{"href":"https:\/\/drukarnia.chorzow.pl\/en\/wp-json\/wp\/v2\/types\/product"}],"wp:featuredmedia":[{"embeddable":true,"href":"https:\/\/drukarnia.chorzow.pl\/en\/wp-json\/wp\/v2\/media\/1406"}],"wp:attachment":[{"href":"https:\/\/drukarnia.chorzow.pl\/en\/wp-json\/wp\/v2\/media?parent=292"}],"wp:term":[{"taxonomy":"product_brand","embeddable":true,"href":"https:\/\/drukarnia.chorzow.pl\/en\/wp-json\/wp\/v2\/product_brand?post=292"},{"taxonomy":"product_cat","embeddable":true,"href":"https:\/\/drukarnia.chorzow.pl\/en\/wp-json\/wp\/v2\/product_cat?post=292"},{"taxonomy":"product_tag","embeddable":true,"href":"https:\/\/drukarnia.chorzow.pl\/en\/wp-json\/wp\/v2\/product_tag?post=292"}],"curies":[{"name":"wp","href":"https:\/\/api.w.org\/{rel}","templated":true}]}}