{"id":290,"date":"2022-02-15T09:35:33","date_gmt":"2022-02-15T08:35:33","guid":{"rendered":"https:\/\/drk2021.chorzow.pl\/?post_type=product&#038;p=290"},"modified":"2025-06-05T11:57:59","modified_gmt":"2025-06-05T09:57:59","slug":"kostki-reklamowe-z-nadrukiem-na-kartkach","status":"publish","type":"product","link":"https:\/\/drukarnia.chorzow.pl\/en\/product\/kostki-reklamowe-z-nadrukiem-na-kartkach\/","title":{"rendered":"Advertising cubes with print on cards"},"content":{"rendered":"<p>Kostki z Twoim firmowym nadrukiem &#8211; na ka\u017cdej kartce<br \/>\nNotes w formie kostki na kt\u00f3rym mo\u017cna wykorzysta\u0107 powierzchni\u0119 poszczeg\u00f3lnych kartek. Ten rodzaj kostki reklamowej mo\u017ce mie\u0107 nadruk firmowy na ka\u017cdej kartce, jednak nie posiada nadruku reklamy na bocznych powierzchniach. Kostka jest klejona na jednym z bok\u00f3w.<br \/>\nKostki reklamowe &#8211; bloczki z kartkami do notowania, na powierzchni kt\u00f3rych mo\u017cna zamie\u015bci\u0107 reklam\u0119 firmy &#8211; logo, dane teleadresowe firmy itp. Kostka ma wi\u0119c charakter reklamowy, a dzi\u0119ki zgrabnej i estetycznej budowie jest ch\u0119tnie u\u017cywana w biurach oraz innych stanowiskach pracy. Dzi\u0119ki u\u017cytkowym funkcjom kostki reklamowe przez d\u0142ugi czas reklamuj\u0105 swoim nadrukiem &#8211; to bardzo skuteczna reklama.<\/p>\n<p>Ten produkt &#8211; kostki biurkowe (biurowe) nie posiada mo\u017cliwo\u015bci nadruku na bocznych powierzchniach. Najwi\u0119kszym atutem kostek z nadrukiem firmowym jest reklama na ka\u017cdej kartce i niska cena. Wyrwana, pojedyncza kartka z czyj\u0105\u015b notatk\u0105, na kt\u00f3rej znajduj\u0105 si\u0119 dane firmy mo\u017ce pracowa\u0107 dla Ciebie jeszcze przez bardzo d\u0142ugi czas &#8211; przypi\u0119ta do tablicy korkowej, czy podpi\u0119ta do innych dokument\u00f3w&#8230;<br \/>\nSzczeg\u00f3lnie polecamy kostki reklamowe z nadrukiem na karteczkach i na bokach. Produkt taki posiada bardzo wysoki walor estetyczny i jest doceniany przez osoby korzystaj\u0105ce z tego rodzaju notatnika. Nadruk boczny podnosi r\u00f3wnie\u017c stopie\u0144 reklamy Twojej firmy oraz jej presti\u017c. Produkt ten mo\u017cna wyceni\u0107 i zam\u00f3wi\u0107 tu: kostki reklamowe z nadrukiem na karteczkach i na bokach.<\/p>\n<p>Najlepsze rozwi\u0105zanie z punktu widzenia skuteczno\u015bci reklamy, to kolorowy nadruk na kartkach. Kostki z nadrukiem proponujemy w trzech podstawowych wymiarach &#8211; parametry s\u0105 do wyboru poni\u017cej. Zmiana gabaryt\u00f3w kostek wp\u0142ywa na zmian\u0119 ceny (po wybraniu opcji koszt wykonania kostek uaktualni si\u0119 automatycznie).<\/p>\n<p>Dobierz parametry nadruku na kostkach reklamowych wg w\u0142asnego uznania &#8211; zwr\u00f3\u0107 uwag\u0119, \u017ce zmiana tych parametr\u00f3w automatycznie powoduje zmian\u0119 ceny &#8211; pozwalaj\u0105c dopasowa\u0107 nasz\u0105 ofert\u0119 do Twoich potrzeb i do Twojego bud\u017cetu.<\/p>\n<p>The paper from which the notes are made changes volume when exposed to moisture. Due to this, and the nature of the technological processes involved in production, the stack height of the notes may vary by approximately \u00b15%.<br \/>\nZamawiaj\u0105cych, dla kt\u00f3rych bardzo wa\u017cny jest wymiar wysoko\u015bci karteczek, prosimy o podkre\u015blenie tego w uwagach do zam\u00f3wienia. W takim wypadku zastrzegamy sobie prawo do ewentualnej zmiany terminu i ceny produktu. Wymiary karteczek mog\u0105 waha\u0107 si\u0119 o ok. \u00b12 mm.<\/p>","protected":false},"excerpt":{"rendered":"<p>B-2<\/p>","protected":false},"featured_media":1200,"template":"","meta":[],"product_brand":[],"product_cat":[784],"product_tag":[],"class_list":{"0":"post-290","1":"product","2":"type-product","3":"status-publish","4":"has-post-thumbnail","6":"product_cat-kostki","8":"first","9":"instock","10":"taxable","11":"shipping-taxable","12":"purchasable","13":"product-type-simple"},"_links":{"self":[{"href":"https:\/\/drukarnia.chorzow.pl\/en\/wp-json\/wp\/v2\/product\/290","targetHints":{"allow":["GET"]}}],"collection":[{"href":"https:\/\/drukarnia.chorzow.pl\/en\/wp-json\/wp\/v2\/product"}],"about":[{"href":"https:\/\/drukarnia.chorzow.pl\/en\/wp-json\/wp\/v2\/types\/product"}],"wp:featuredmedia":[{"embeddable":true,"href":"https:\/\/drukarnia.chorzow.pl\/en\/wp-json\/wp\/v2\/media\/1200"}],"wp:attachment":[{"href":"https:\/\/drukarnia.chorzow.pl\/en\/wp-json\/wp\/v2\/media?parent=290"}],"wp:term":[{"taxonomy":"product_brand","embeddable":true,"href":"https:\/\/drukarnia.chorzow.pl\/en\/wp-json\/wp\/v2\/product_brand?post=290"},{"taxonomy":"product_cat","embeddable":true,"href":"https:\/\/drukarnia.chorzow.pl\/en\/wp-json\/wp\/v2\/product_cat?post=290"},{"taxonomy":"product_tag","embeddable":true,"href":"https:\/\/drukarnia.chorzow.pl\/en\/wp-json\/wp\/v2\/product_tag?post=290"}],"curies":[{"name":"wp","href":"https:\/\/api.w.org\/{rel}","templated":true}]}}