{"id":1333,"date":"2022-04-15T10:22:32","date_gmt":"2022-04-15T08:22:32","guid":{"rendered":"https:\/\/drk2021.chorzow.pl\/?post_type=product&#038;p=1333"},"modified":"2025-06-03T14:50:02","modified_gmt":"2025-06-03T12:50:02","slug":"touch-pen-cosmo-2","status":"publish","type":"product","link":"https:\/\/drukarnia.chorzow.pl\/en\/product\/touch-pen-cosmo-2\/","title":{"rendered":"Touch Pen COSMO (komplet 100 szt.)"},"content":{"rendered":"<div id=\"ez-toc-container\" class=\"ez-toc-v2_0_82_2 counter-hierarchy ez-toc-counter ez-toc-grey ez-toc-container-direction\">\n<div class=\"ez-toc-title-container\">\n<p class=\"ez-toc-title\" style=\"cursor:inherit\">SPIS TRE\u015aCI<\/p>\n<span class=\"ez-toc-title-toggle\"><a href=\"#\" class=\"ez-toc-pull-right ez-toc-btn ez-toc-btn-xs ez-toc-btn-default ez-toc-toggle\" aria-label=\"Toggle Table of Content\"><span class=\"ez-toc-js-icon-con\"><span class=\"\"><span class=\"eztoc-hide\" style=\"display:none;\">Toggle<\/span><span class=\"ez-toc-icon-toggle-span\"><svg style=\"fill: #999;color:#999\" xmlns=\"http:\/\/www.w3.org\/2000\/svg\" class=\"list-377408\" width=\"20px\" height=\"20px\" viewbox=\"0 0 24 24\" fill=\"none\"><path d=\"M6 6H4v2h2V6zm14 0H8v2h12V6zM4 11h2v2H4v-2zm16 0H8v2h12v-2zM4 16h2v2H4v-2zm16 0H8v2h12v-2z\" fill=\"currentColor\"><\/path><\/svg><svg style=\"fill: #999;color:#999\" class=\"arrow-unsorted-368013\" xmlns=\"http:\/\/www.w3.org\/2000\/svg\" width=\"10px\" height=\"10px\" viewbox=\"0 0 24 24\" version=\"1.2\" baseprofile=\"tiny\"><path d=\"M18.2 9.3l-6.2-6.3-6.2 6.3c-.2.2-.3.4-.3.7s.1.5.3.7c.2.2.4.3.7.3h11c.3 0 .5-.1.7-.3.2-.2.3-.5.3-.7s-.1-.5-.3-.7zM5.8 14.7l6.2 6.3 6.2-6.3c.2-.2.3-.5.3-.7s-.1-.5-.3-.7c-.2-.2-.4-.3-.7-.3h-11c-.3 0-.5.1-.7.3-.2.2-.3.5-.3.7s.1.5.3.7z\"\/><\/svg><\/span><\/span><\/span><\/a><\/span><\/div>\n<nav><ul class='ez-toc-list ez-toc-list-level-1' ><li class='ez-toc-page-1 ez-toc-heading-level-2'><a class=\"ez-toc-link ez-toc-heading-1\" href=\"https:\/\/drukarnia.chorzow.pl\/en\/product\/touch-pen-cosmo-2\/#Touch_Pen_COSMO_%E2%80%93_dlugopisy_z_gumowa_koncowka\" >Touch Pen COSMO &#8211; d\u0142ugopisy z gumow\u0105 ko\u0144c\u00f3wk\u0105.<\/a><ul class='ez-toc-list-level-3' ><li class='ez-toc-heading-level-3'><a class=\"ez-toc-link ez-toc-heading-2\" href=\"https:\/\/drukarnia.chorzow.pl\/en\/product\/touch-pen-cosmo-2\/#Dlugopisy_metalowe_maja_mozliwosc_znakowania_grawerem_w_ten_sposob_mozesz_umiescic_SWOJA_REKLAME\" >D\u0142ugopisy metalowe maj\u0105 mo\u017cliwo\u015b\u0107 znakowania grawerem, w ten spos\u00f3b mo\u017cesz umie\u015bci\u0107 \nSWOJ\u0104 REKLAM\u0118.<\/a><\/li><li class='ez-toc-page-1 ez-toc-heading-level-3'><a class=\"ez-toc-link ez-toc-heading-3\" href=\"https:\/\/drukarnia.chorzow.pl\/en\/product\/touch-pen-cosmo-2\/#Dlugopis_z_grawerem_w_polaczeniu_z_notesem_tworzy_idealny_komplet_praktyczny_gadzet_reklamowy_i_skuteczna_reklame\" >D\u0142ugopis z grawerem w po\u0142\u0105czeniu z notesem tworzy idealny komplet: praktyczny gad\u017cet reklamowy i skuteczn\u0105 reklam\u0119<\/a><\/li><li class='ez-toc-page-1 ez-toc-heading-level-3'><a class=\"ez-toc-link ez-toc-heading-4\" href=\"https:\/\/drukarnia.chorzow.pl\/en\/product\/touch-pen-cosmo-2\/#TWOJEJ_FIRMY\" >TWOJEJ FIRMY<\/a><\/li><li class='ez-toc-page-1 ez-toc-heading-level-3'><a class=\"ez-toc-link ez-toc-heading-5\" href=\"https:\/\/drukarnia.chorzow.pl\/en\/product\/touch-pen-cosmo-2\/#Zobacz_notesy_z_okladka_na_dlugopis_i_druga_wersja_z_okladka_na_dlugopis_i_wizytowke\" >See notebooks with a cover for a pen, and the second version: with a cover for a pen and business card:<\/a><\/li><\/ul><\/li><\/ul><\/nav><\/div>\n<h2><span class=\"ez-toc-section\" id=\"Touch_Pen_COSMO_%E2%80%93_dlugopisy_z_gumowa_koncowka\"><\/span>Touch Pen COSMO &#8211; d\u0142ugopisy z gumow\u0105 ko\u0144c\u00f3wk\u0105.<span class=\"ez-toc-section-end\"><\/span><\/h2>\n<p>&#8211; wymiary d\u0142ugopisu: 140 mm x \u00d8 10 mm<br \/>\n&#8211; pole do znakowania: 65 mm x 6 mm<\/p>\n<h3 style=\"text-align: center;\"><span class=\"ez-toc-section\" id=\"Dlugopisy_metalowe_maja_mozliwosc_znakowania_grawerem_w_ten_sposob_mozesz_umiescic_SWOJA_REKLAME\"><\/span>D\u0142ugopisy metalowe maj\u0105 mo\u017cliwo\u015b\u0107 znakowania grawerem, w ten spos\u00f3b mo\u017cesz umie\u015bci\u0107<br \/>\nSWOJ\u0104 REKLAM\u0118.<span class=\"ez-toc-section-end\"><\/span><\/h3>\n<p style=\"text-align: center;\">Wielko\u015b\u0107 pola na kt\u00f3rym wykonujemy grawer zale\u017cna jest od modelu d\u0142ugopisu. Grawer mo\u017cna umie\u015bci\u0107 na jednej lub dw\u00f3ch stronach co skutecznie uwidacznia TWOJ\u0104 REKLAM\u0118.<\/p>\n<p>&nbsp;<\/p>\n<h3 style=\"text-align: center;\"><span class=\"ez-toc-section\" id=\"Dlugopis_z_grawerem_w_polaczeniu_z_notesem_tworzy_idealny_komplet_praktyczny_gadzet_reklamowy_i_skuteczna_reklame\"><\/span>D\u0142ugopis z grawerem w po\u0142\u0105czeniu z notesem tworzy idealny komplet: praktyczny gad\u017cet reklamowy i skuteczn\u0105 reklam\u0119<span class=\"ez-toc-section-end\"><\/span><\/h3>\n<h3 style=\"text-align: center;\"><span class=\"ez-toc-section\" id=\"TWOJEJ_FIRMY\"><\/span>TWOJEJ FIRMY<span class=\"ez-toc-section-end\"><\/span><\/h3>\n<p>&nbsp;<\/p>\n<h3 style=\"text-align: center;\"><span class=\"ez-toc-section\" id=\"Zobacz_notesy_z_okladka_na_dlugopis_i_druga_wersja_z_okladka_na_dlugopis_i_wizytowke\"><\/span>See notebooks with a cover for a pen, and the second version: with a cover for a pen and business card:<span class=\"ez-toc-section-end\"><\/span><\/h3>\n<p>&nbsp;<\/p>\n<p style=\"text-align: center;\"><a href=\"https:\/\/drukarnia.chorzow.pl\/en\/product\/notesy-z-okladka-na-dlugopis\/\">https:\/\/drukarnia.chorzow.pl\/produkt\/notesy-z-okladka-na-dlugopis\/<\/a><\/p>\n<p style=\"text-align: center;\"><a href=\"https:\/\/drukarnia.chorzow.pl\/en\/product\/notesy-z-okladka-na-dlugopis-i-wizytowke\/\">https:\/\/drukarnia.chorzow.pl\/produkt\/notesy-z-okladka-na-dlugopis-i-wizytowke\/<\/a><\/p>","protected":false},"excerpt":{"rendered":"<p>TP-COSMO<\/p>","protected":false},"featured_media":1287,"template":"","meta":[],"product_brand":[1105],"product_cat":[789],"product_tag":[],"class_list":{"0":"post-1333","1":"product","2":"type-product","3":"status-publish","4":"has-post-thumbnail","6":"product_brand-koder","7":"product_cat-dlugopisy","9":"first","10":"instock","11":"taxable","12":"shipping-taxable","13":"purchasable","14":"product-type-simple"},"_links":{"self":[{"href":"https:\/\/drukarnia.chorzow.pl\/en\/wp-json\/wp\/v2\/product\/1333","targetHints":{"allow":["GET"]}}],"collection":[{"href":"https:\/\/drukarnia.chorzow.pl\/en\/wp-json\/wp\/v2\/product"}],"about":[{"href":"https:\/\/drukarnia.chorzow.pl\/en\/wp-json\/wp\/v2\/types\/product"}],"wp:featuredmedia":[{"embeddable":true,"href":"https:\/\/drukarnia.chorzow.pl\/en\/wp-json\/wp\/v2\/media\/1287"}],"wp:attachment":[{"href":"https:\/\/drukarnia.chorzow.pl\/en\/wp-json\/wp\/v2\/media?parent=1333"}],"wp:term":[{"taxonomy":"product_brand","embeddable":true,"href":"https:\/\/drukarnia.chorzow.pl\/en\/wp-json\/wp\/v2\/product_brand?post=1333"},{"taxonomy":"product_cat","embeddable":true,"href":"https:\/\/drukarnia.chorzow.pl\/en\/wp-json\/wp\/v2\/product_cat?post=1333"},{"taxonomy":"product_tag","embeddable":true,"href":"https:\/\/drukarnia.chorzow.pl\/en\/wp-json\/wp\/v2\/product_tag?post=1333"}],"curies":[{"name":"wp","href":"https:\/\/api.w.org\/{rel}","templated":true}]}}