{"id":1240,"date":"2022-04-12T11:31:31","date_gmt":"2022-04-12T09:31:31","guid":{"rendered":"https:\/\/drk2021.chorzow.pl\/?post_type=product&#038;p=1240"},"modified":"2025-08-01T13:31:48","modified_gmt":"2025-08-01T11:31:48","slug":"plecki-do-kalendarzy-3d","status":"publish","type":"product","link":"https:\/\/drukarnia.chorzow.pl\/en\/product\/plecki-do-kalendarzy-3d\/","title":{"rendered":"Plecki do kalendarzy tr\u00f3jdzielnych"},"content":{"rendered":"<h2><b>Plecki do kalendarzy tr\u00f3jdzielnych<\/b><\/h2>\n<div>Plecki zrobione s\u0105 z bia\u0142ego wysokogatunkowego kartonu 270 &#8211; 300 g\/m<sup>2<\/sup>.<br \/>\nSk\u0142adaj\u0105 si\u0119 z 5 cz\u0119\u015bci oddzielonych od siebie\u00a0bigami:<\/p>\n<ul>\n<li>skrzyde\u0142ka z przyklejon\u0105 ju\u017c ta\u015bm\u0105 klej\u0105c\u0105 (do przyklejania g\u0142\u00f3wki lub zdj\u0119cia),<\/li>\n<li>trzech p\u00f3l na kalendarium,<\/li>\n<li>stopki pod nadruk firmowy.<\/li>\n<\/ul>\n<div><b>Wymiary pleck\u00f3w:<\/b><\/div>\n<ul>\n<li>szeroko\u015b\u0107: 297 mm,<\/li>\n<li>skrzyde\u0142ko z ta\u015bm\u0105 samoprzylepn\u0105 (wysoko\u015b\u0107): 47 mm,<\/li>\n<li>odleg\u0142o\u015b\u0107 mi\u0119dzy bigami (na kalendaria): 3 x 169 mm,<\/li>\n<li>stopka (wysoko\u015b\u0107): 100 mm.<\/li>\n<\/ul>\n<\/div>","protected":false},"excerpt":{"rendered":"<p>NP<\/p>","protected":false},"featured_media":82236,"template":"","meta":[],"product_brand":[],"product_cat":[755],"product_tag":[],"class_list":{"0":"post-1240","1":"product","2":"type-product","3":"status-publish","4":"has-post-thumbnail","6":"product_cat-akcesoria","8":"first","9":"instock","10":"taxable","11":"shipping-taxable","12":"purchasable","13":"product-type-simple"},"_links":{"self":[{"href":"https:\/\/drukarnia.chorzow.pl\/en\/wp-json\/wp\/v2\/product\/1240","targetHints":{"allow":["GET"]}}],"collection":[{"href":"https:\/\/drukarnia.chorzow.pl\/en\/wp-json\/wp\/v2\/product"}],"about":[{"href":"https:\/\/drukarnia.chorzow.pl\/en\/wp-json\/wp\/v2\/types\/product"}],"wp:featuredmedia":[{"embeddable":true,"href":"https:\/\/drukarnia.chorzow.pl\/en\/wp-json\/wp\/v2\/media\/82236"}],"wp:attachment":[{"href":"https:\/\/drukarnia.chorzow.pl\/en\/wp-json\/wp\/v2\/media?parent=1240"}],"wp:term":[{"taxonomy":"product_brand","embeddable":true,"href":"https:\/\/drukarnia.chorzow.pl\/en\/wp-json\/wp\/v2\/product_brand?post=1240"},{"taxonomy":"product_cat","embeddable":true,"href":"https:\/\/drukarnia.chorzow.pl\/en\/wp-json\/wp\/v2\/product_cat?post=1240"},{"taxonomy":"product_tag","embeddable":true,"href":"https:\/\/drukarnia.chorzow.pl\/en\/wp-json\/wp\/v2\/product_tag?post=1240"}],"curies":[{"name":"wp","href":"https:\/\/api.w.org\/{rel}","templated":true}]}}