{"id":1238,"date":"2022-04-12T11:27:30","date_gmt":"2022-04-12T09:27:30","guid":{"rendered":"https:\/\/drk2021.chorzow.pl\/?post_type=product&#038;p=1238"},"modified":"2025-12-08T10:49:38","modified_gmt":"2025-12-08T09:49:38","slug":"kalendaria-jednodzielne-2026","status":"publish","type":"product","link":"https:\/\/drukarnia.chorzow.pl\/en\/product\/kalendaria-jednodzielne-2026\/","title":{"rendered":"Kalendaria jednodzielne 2026 (granatowe)"},"content":{"rendered":"<div id=\"ez-toc-container\" class=\"ez-toc-v2_0_82_2 counter-hierarchy ez-toc-counter ez-toc-grey ez-toc-container-direction\">\n<div class=\"ez-toc-title-container\">\n<p class=\"ez-toc-title\" style=\"cursor:inherit\">SPIS TRE\u015aCI<\/p>\n<span class=\"ez-toc-title-toggle\"><a href=\"#\" class=\"ez-toc-pull-right ez-toc-btn ez-toc-btn-xs ez-toc-btn-default ez-toc-toggle\" aria-label=\"Toggle Table of Content\"><span class=\"ez-toc-js-icon-con\"><span class=\"\"><span class=\"eztoc-hide\" style=\"display:none;\">Toggle<\/span><span class=\"ez-toc-icon-toggle-span\"><svg style=\"fill: #999;color:#999\" xmlns=\"http:\/\/www.w3.org\/2000\/svg\" class=\"list-377408\" width=\"20px\" height=\"20px\" viewbox=\"0 0 24 24\" fill=\"none\"><path d=\"M6 6H4v2h2V6zm14 0H8v2h12V6zM4 11h2v2H4v-2zm16 0H8v2h12v-2zM4 16h2v2H4v-2zm16 0H8v2h12v-2z\" fill=\"currentColor\"><\/path><\/svg><svg style=\"fill: #999;color:#999\" class=\"arrow-unsorted-368013\" xmlns=\"http:\/\/www.w3.org\/2000\/svg\" width=\"10px\" height=\"10px\" viewbox=\"0 0 24 24\" version=\"1.2\" baseprofile=\"tiny\"><path d=\"M18.2 9.3l-6.2-6.3-6.2 6.3c-.2.2-.3.4-.3.7s.1.5.3.7c.2.2.4.3.7.3h11c.3 0 .5-.1.7-.3.2-.2.3-.5.3-.7s-.1-.5-.3-.7zM5.8 14.7l6.2 6.3 6.2-6.3c.2-.2.3-.5.3-.7s-.1-.5-.3-.7c-.2-.2-.4-.3-.7-.3h-11c-.3 0-.5.1-.7.3-.2.2-.3.5-.3.7s.1.5.3.7z\"\/><\/svg><\/span><\/span><\/span><\/a><\/span><\/div>\n<nav><ul class='ez-toc-list ez-toc-list-level-1' ><li class='ez-toc-page-1 ez-toc-heading-level-2'><a class=\"ez-toc-link ez-toc-heading-1\" href=\"https:\/\/drukarnia.chorzow.pl\/en\/product\/kalendaria-jednodzielne-2026\/#Kalendaria_jednodzielne_2026_czerwono_%E2%80%93_granatowe_czterojezyczne\" >Kalendaria jednodzielne 2026 czerwono &#8211; granatowe, czteroj\u0119zyczne.<\/a><ul class='ez-toc-list-level-3' ><li class='ez-toc-heading-level-3'><a class=\"ez-toc-link ez-toc-heading-2\" href=\"https:\/\/drukarnia.chorzow.pl\/en\/product\/kalendaria-jednodzielne-2026\/#Szczegoly_techniczne\" >Szczeg\u00f3\u0142y techniczne<\/a><\/li><li class='ez-toc-page-1 ez-toc-heading-level-3'><a class=\"ez-toc-link ez-toc-heading-3\" href=\"https:\/\/drukarnia.chorzow.pl\/en\/product\/kalendaria-jednodzielne-2026\/#Pozostale_parametry\" >Pozosta\u0142e parametry:<\/a><\/li><li class='ez-toc-page-1 ez-toc-heading-level-3'><a class=\"ez-toc-link ez-toc-heading-4\" href=\"https:\/\/drukarnia.chorzow.pl\/en\/product\/kalendaria-jednodzielne-2026\/#UWAGA\" >UWAGA!<\/a><\/li><\/ul><\/li><\/ul><\/nav><\/div>\n<h2><span class=\"ez-toc-section\" id=\"Kalendaria_jednodzielne_2026_czerwono_%E2%80%93_granatowe_czterojezyczne\"><\/span>Kalendaria jednodzielne 2026 czerwono &#8211; granatowe, czteroj\u0119zyczne.<span class=\"ez-toc-section-end\"><\/span><\/h2>\n<p>Oferowane przez nas kalendaria jednodzielne 2026 z\u0142o\u017cone s\u0105 z bloczka 12 kartek zawieraj\u0105c kalendarz na pe\u0142ne 12-miesi\u0119cy 2026 roku. Pojedynczy arkusz bloczka eksponuje du\u017ce kalendarium bie\u017c\u0105cego miesi\u0105ca oraz, pod spodem, dwa mniejsze kalendaria &#8211; jedno z miesi\u0105cem poprzednim i drugie z miesi\u0105cem nast\u0119pnym. Mniejsze kalendaria obejmuj\u0105 okres od grudnia 2025 do stycznia 2027 roku.<\/p>\n<h3><span class=\"ez-toc-section\" id=\"Szczegoly_techniczne\"><\/span>Szczeg\u00f3\u0142y techniczne<span class=\"ez-toc-section-end\"><\/span><\/h3>\n<p>Kalendaria do kalendarzy jednodzielnych sk\u0142adaj\u0105 si\u0119 z 12 arkuszy papieru offsetowego o gramaturze 80 g\/m2, sklejonych w bloczek z kartonikiem (karton o gramaturze ok. 220 g\/m2). Kartonik nadaje sztywno\u015b\u0107 i zapobiega odklejaniu si\u0119 bloczka od pleck\u00f3w kalendarza. W naszej firmie kartonik cz\u0119sto wykonany jest z surowc\u00f3w wt\u00f3rnych.<\/p>\n<p>Niniejsze kalendaria przeznaczone s\u0105 do naklejania na kalendarze jednodzielne. Sprzedawane s\u0105 bez okienka, kt\u00f3re mo\u017cna naby\u0107 w naszym sklepie tu. Produkt jest obj\u0119ty rabatem agencyjnym uwzgl\u0119dnianym automatycznie przez system po zalogowaniu.<\/p>\n<h3><span class=\"ez-toc-section\" id=\"Pozostale_parametry\"><\/span>Pozosta\u0142e parametry:<span class=\"ez-toc-section-end\"><\/span><\/h3>\n<p>&#8211; kalendaria czteroj\u0119zyczne (PL, GB, D, UA),<br \/>\n&#8211; numeracja tygodni,<br \/>\n&#8211; imieniny,<br \/>\n&#8211; kolory nadruku wg wzornika Pantone: granatowy (2757U), czerwony (RED 32U),<br \/>\n&#8211; du\u017ce czytelne napisy z zaznaczonymi \u015bwi\u0119tami,<br \/>\n&#8211; bloczek jest usztywniony kartonikiem od spodu,<br \/>\n&#8211; wymiary kalendarium: szeroko\u015b\u0107: 277 mm, wysoko\u015b\u0107: 210 mm<\/p>\n<h3><span class=\"ez-toc-section\" id=\"UWAGA\"><\/span>UWAGA!<span class=\"ez-toc-section-end\"><\/span><\/h3>\n<p>Kalendaria do kalendarzy jednodzielnych sprzedawane jest bez okienka, kt\u00f3re mo\u017cna naby\u0107 w naszym sklepie jako odr\u0119bny produkt <a href=\"https:\/\/drukarnia.chorzow.pl\/en\/product\/okienka-do-kalendarzy\/\">tu.<\/a><\/p>","protected":false},"excerpt":{"rendered":"<p>NP-5<\/p>","protected":false},"featured_media":82226,"template":"","meta":[],"product_brand":[],"product_cat":[755],"product_tag":[],"class_list":{"0":"post-1238","1":"product","2":"type-product","3":"status-publish","4":"has-post-thumbnail","6":"product_cat-akcesoria","8":"first","9":"outofstock","10":"taxable","11":"shipping-taxable","12":"purchasable","13":"product-type-simple"},"_links":{"self":[{"href":"https:\/\/drukarnia.chorzow.pl\/en\/wp-json\/wp\/v2\/product\/1238","targetHints":{"allow":["GET"]}}],"collection":[{"href":"https:\/\/drukarnia.chorzow.pl\/en\/wp-json\/wp\/v2\/product"}],"about":[{"href":"https:\/\/drukarnia.chorzow.pl\/en\/wp-json\/wp\/v2\/types\/product"}],"wp:featuredmedia":[{"embeddable":true,"href":"https:\/\/drukarnia.chorzow.pl\/en\/wp-json\/wp\/v2\/media\/82226"}],"wp:attachment":[{"href":"https:\/\/drukarnia.chorzow.pl\/en\/wp-json\/wp\/v2\/media?parent=1238"}],"wp:term":[{"taxonomy":"product_brand","embeddable":true,"href":"https:\/\/drukarnia.chorzow.pl\/en\/wp-json\/wp\/v2\/product_brand?post=1238"},{"taxonomy":"product_cat","embeddable":true,"href":"https:\/\/drukarnia.chorzow.pl\/en\/wp-json\/wp\/v2\/product_cat?post=1238"},{"taxonomy":"product_tag","embeddable":true,"href":"https:\/\/drukarnia.chorzow.pl\/en\/wp-json\/wp\/v2\/product_tag?post=1238"}],"curies":[{"name":"wp","href":"https:\/\/api.w.org\/{rel}","templated":true}]}}