{"id":1213,"date":"2022-04-12T09:24:36","date_gmt":"2022-04-12T07:24:36","guid":{"rendered":"https:\/\/drk2021.chorzow.pl\/?post_type=product&#038;p=1213"},"modified":"2026-02-20T15:58:34","modified_gmt":"2026-02-20T14:58:34","slug":"kalendarz-trojdzielny-z-zegarem","status":"publish","type":"product","link":"https:\/\/drukarnia.chorzow.pl\/en\/product\/kalendarz-trojdzielny-z-zegarem\/","title":{"rendered":"Kalendarz tr\u00f3jdzielny z zegarem"},"content":{"rendered":"<h2>Kalendarz tr\u00f3jdzielny z zegarem<\/h2>\n<p>Oferowane przez nas\u00a0<strong>kalendarze tr\u00f3jdzielne z zegarem<\/strong>\u00a0sk\u0142adaj\u0105 si\u0119 z:<\/p>\n<ul>\n<li><b>g\u0142\u00f3wki wypuk\u0142ej<\/b><b> <\/b><b>(przestrzennej)<\/b><b><\/b>,<\/li>\n<li><strong>mechanizmu zegarowego z wskaz\u00f3wkami<\/strong> (bez baterii &#8211; mo\u017cna j\u0105 dodatkowo zam\u00f3wi\u0107)<\/li>\n<li><strong>pleck\u00f3w<\/strong>,<\/li>\n<li><strong>kalendarium,<\/strong><\/li>\n<li><strong>przesuwnego okienka,<\/strong><\/li>\n<li><strong>koperty<\/strong> (opcja)<\/li>\n<\/ul>\n<p>G\u0142\u00f3wka i plecki w tej wersji kalendarzy s\u0105 drukowane wg indywidualnego projektu. Opcjonalnie zam\u00f3wi\u0107 mo\u017cna\u00a0<strong>wykonanie<\/strong>\u00a0projektu graficznego lub przes\u0142a\u0107 gotowy projekt na adres:\u00a0<a href=\"mailto:dtp@drukarnia.chorzow.pl\">dtp@drukarnia.chorzow.pl<\/a>.<\/p>\n<p>Formularz umo\u017cliwiaj\u0105 wycen\u0119 online na podstawie parametr\u00f3w druku, kt\u00f3rych warto\u015b\u0107 mo\u017cna zmienia\u0107 jak np. nak\u0142ad kalendarzy, ilo\u015b\u0107 kolor\u00f3w, rodzaj uszlachetnienia, w\u0142asny projekt, itd. W opcji dost\u0119pne s\u0105 eleganckie koperty. Do ka\u017cdego kalendarza standardowo do\u0142\u0105czamy <strong>pasek z tworzywa sztucznego z okienkiem przesuwnym<\/strong>.<\/p>\n<p>Kalendarze tr\u00f3jdzielne z g\u0142\u00f3wk\u0105 wypuk\u0142\u0105\u00a0 i zegarem sk\u0142adaj\u0105 si\u0119 z nast\u0119puj\u0105cych element\u00f3w:<\/p>\n<div>\n<p><b>G\u0142\u00f3wka<\/b>, kt\u00f3ra sk\u0142ada si\u0119 z 3 element\u00f3w:<\/p>\n<div>\u2013 arkusza z nadrukiem \u2013 jest to karton jednostronnie kredowany o gramaturze 230 g\/m<sup>2<\/sup>,<br \/>\n\u2013 tektury falistej \u2013 nadaj\u0105cej efekt wypuk\u0142o\u015bci,<br \/>\n\u2013 podklejki w kolorze bia\u0142ym<\/div>\n<p>Kalendarze tr\u00f3jdzielne posiadaj\u0105 dodatkowo element do zawieszania lub ma\u0142y otw\u00f3r.<br \/>\nDruk g\u0142\u00f3wki wykonujemy wg projektu klienta. Jest mo\u017cliwo\u015b\u0107 wykonania projektu przez naszych grafik\u00f3w.<\/p>\n<\/div>\n<div>\n<p><b>Plecki<\/b>\u00a0\u2013 to karton o gramaturze\u00a0300 g\/m<sup>2<\/sup>, na kt\u00f3rym przyklejone jest kalendarium. G\u00f3rna cz\u0119\u015b\u0107 \u0142\u0105czy si\u0119 z g\u0142\u00f3wk\u0105, poni\u017cej przyklejone jest kalendarium tr\u00f3jdzielne. W opcji mo\u017cna wybra\u0107 plecki z nadrukiem lub bez nadruku. W tym drugim przypadku kalendarze eksponuj\u0105 dane firmy na g\u0142\u00f3wce. Je\u017celi wybrana zostanie opcja pleck\u00f3w z nadrukiem, to umo\u017cliwiamy nadruk w kilku opcjach:<\/p>\n<div>\u2013 nadruk w jednym kolorze, kt\u00f3ry mo\u017cna zrealizowa\u0107 w uk\u0142adzie:<br \/>\n\u2013 bia\u0142e t\u0142o i dowolny kolor,<br \/>\n\u2013 kolor wydrukowany w kontrze, a grafika w kolorze podk\u0142adu \u2013 czyli bia\u0142a<br \/>\n\u2013 nadruk wielokolorowy,<\/div>\n<p>Kalendarze tr\u00f3jdzielne z zegarem mog\u0105 mie\u0107 nadruki na pleckach na tzw. stopce i pomi\u0119dzy kalendariami.<\/p>\n<\/div>\n<div>\n<p><b>Kalendarium <\/b>na rok 2026 z imieninami do wyboru w 2 wersjach kolorystycznych: czerwono-czarne lub czerwono-granatowe. Aktualny miesi\u0105c zawsze wyr\u00f3\u017cniaj\u0105cy si\u0119 ja\u015bniejszym t\u0142em, niedziele i \u015bwi\u0119ta w kolorze czerwonym. Komplet kalendarium na kalendarze tr\u00f3jdzielne sk\u0142ada si\u0119 z trzech cz\u0119\u015bci \u2013 ka\u017cda cz\u0119\u015b\u0107 ma 12 arkuszy z kolejnym miesi\u0105cem. Ka\u017cda z trzech cz\u0119\u015bci usztywniona jest kartonikiem od spodu. Kalendarium drukowane jest w wersji czteroj\u0119zykowej:<\/p>\n<div>\u2013 polski,<br \/>\n\u2013 niemiecki,<br \/>\n\u2013 angielski,<br \/>\n\u2013 ukrai\u0144ski.<\/div>\n<div><\/div>\n<\/div>\n<div>Tzw. podklejka kalendarium bardzo cz\u0119sto wykonana jest z makulatury \u2013 arkusze tektury pochodz\u0105cej z recyclingu. Jest to wysokiej jako\u015bci tektura u\u017cywana wcze\u015bniej do przygotowania druku ok\u0142adek itp., cz\u0119sto z nadrukiem. U\u017cycie takiego materia\u0142u przeznaczonego na makulatur\u0119 obni\u017ca koszt nie wp\u0142ywaj\u0105c jednocze\u015bnie na obni\u017cenie jako\u015bci produktu. Taka polityka proekologiczne spotyka si\u0119 z du\u017cym uznaniem naszych odbiorc\u00f3w.<\/div>","protected":false},"excerpt":{"rendered":"<p>KI6 g\u0142\u00f3wka wypuk\u0142a 3D<\/p>","protected":false},"featured_media":82352,"template":"","meta":[],"product_brand":[1102],"product_cat":[803,74],"product_tag":[1320,1129,1188],"class_list":{"0":"post-1213","1":"product","2":"type-product","3":"status-publish","4":"has-post-thumbnail","6":"product_brand-notapress","7":"product_cat-indywidualne","8":"product_cat-kalendarze","9":"product_tag-indywidualny","10":"product_tag-trojdzielny","11":"product_tag-z-zegarem","13":"first","14":"outofstock","15":"taxable","16":"shipping-taxable","17":"purchasable","18":"product-type-simple"},"_links":{"self":[{"href":"https:\/\/drukarnia.chorzow.pl\/en\/wp-json\/wp\/v2\/product\/1213","targetHints":{"allow":["GET"]}}],"collection":[{"href":"https:\/\/drukarnia.chorzow.pl\/en\/wp-json\/wp\/v2\/product"}],"about":[{"href":"https:\/\/drukarnia.chorzow.pl\/en\/wp-json\/wp\/v2\/types\/product"}],"wp:featuredmedia":[{"embeddable":true,"href":"https:\/\/drukarnia.chorzow.pl\/en\/wp-json\/wp\/v2\/media\/82352"}],"wp:attachment":[{"href":"https:\/\/drukarnia.chorzow.pl\/en\/wp-json\/wp\/v2\/media?parent=1213"}],"wp:term":[{"taxonomy":"product_brand","embeddable":true,"href":"https:\/\/drukarnia.chorzow.pl\/en\/wp-json\/wp\/v2\/product_brand?post=1213"},{"taxonomy":"product_cat","embeddable":true,"href":"https:\/\/drukarnia.chorzow.pl\/en\/wp-json\/wp\/v2\/product_cat?post=1213"},{"taxonomy":"product_tag","embeddable":true,"href":"https:\/\/drukarnia.chorzow.pl\/en\/wp-json\/wp\/v2\/product_tag?post=1213"}],"curies":[{"name":"wp","href":"https:\/\/api.w.org\/{rel}","templated":true}]}}