{"id":1206,"date":"2022-04-12T09:12:49","date_gmt":"2022-04-12T07:12:49","guid":{"rendered":"https:\/\/drk2021.chorzow.pl\/?post_type=product&#038;p=1206"},"modified":"2026-02-20T15:58:35","modified_gmt":"2026-02-20T14:58:35","slug":"kalendarze-jednodzielne-gp","status":"publish","type":"product","link":"https:\/\/drukarnia.chorzow.pl\/en\/product\/kalendarze-jednodzielne-gp\/","title":{"rendered":"Kalendarze jednodzielne GP"},"content":{"rendered":"<h2>Kalendarze jednodzielne GP (p\u0142aski)<\/h2>\n<div>W niniejszej ofercie kalendarze jednodzielne sk\u0142adaj\u0105 si\u0119 z <strong>g\u0142\u00f3wki p\u0142askiej i pleck\u00f3w drukowanych z jednego arkusza wg indywidualnego projektu,<\/strong> kalendarium oraz przesuwnego okienka. Formularz umo\u017cliwia ustawienie w\u0142asnych parametr\u00f3w druku. W opcji dost\u0119pne s\u0105 eleganckie koperty. Do ka\u017cdego kalendarza standardowo do\u0142\u0105czamy pasek z tworzywa sztucznego z okienkiem przesuwnym &#8211; umo\u017cliwiaj\u0105cy zaznaczenie aktualnego dnia.<\/div>\n<div><\/div>\n<div>\n<div>\n<div><strong>G\u0142\u00f3wki i plecki kalendarzy jednodzielnych<\/strong> drukowane s\u0105 na kartonie jednostronnie kredowanym\u00a0o gramaturze 300 g\/m<sup>2\u00a0<\/sup> i stanowi\u0105 jedn\u0105 ca\u0142o\u015b\u0107. Druk wykonujemy wg projektu klienta (projekt nale\u017cy przes\u0142a\u0107 na adres: <a href=\"mailto:dtp@drukarnia.chorzow.pl\">dtp@drukarnia.chorzow.pl<\/a>) lub &#8211; je\u015bli zostanie wybrana opcja ZAMAWIAM PROJEKT wykonujemy go\u00a0na zam\u00f3wienie wg dostarczonych materia\u0142\u00f3w &#8211; tre\u015b\u0107, dane teleadresowe, logo itp. &#8211; prosz\u0119 te materia\u0142y przes\u0142a\u0107 na ww. adres.<\/div>\n<div><\/div>\n<div><strong>Kalendarium jednodzielne na rok 2026<\/strong> z imieninami do wyboru w 2 wersjach kolorystycznych: czerwono-czarne lub czerwono-granatowe. Aktualny miesi\u0105c wyr\u00f3\u017cniaj\u0105cy si\u0119 du\u017cymi, wyra\u017anymi czcionkami, niedziele i \u015bwi\u0119ta w kolorze czerwonym. Komplet sk\u0142ada si\u0119 z 12 arkuszy formatu ok. A4. Kalendarium usztywnione jest kartonikiem od spodu.<\/div>\n<div>Do ka\u017cdego kalendarza standardowo do\u0142\u0105czamy <strong>pasek z tworzywa sztucznego z okienkiem<\/strong> przesuwnym &#8211; umo\u017cliwiaj\u0105cy zaznaczenie aktualnego dnia.<\/div>\n<p><b>Parametry podstawowe: Kalendarze jednodzielne GP<\/b><\/p>\n<\/div>\n<div>\u00a0 &#8211; wymiar kalendarza: 29,5 cm x 48,0 cm<\/div>\n<div>\u00a0 &#8211; wymiary pojedynczego kalendarium: szeroko\u015b\u0107: 27,7 cm, wysoko\u015b\u0107: 21,0 cm<br \/>\n&#8211; kalendarium czteroj\u0119zyczne (PL,GB, D, UA) z imionami, zaznaczonymi \u015bwi\u0119tami i numeracj\u0105 tygodni<br \/>\n&#8211; kalendarz ma pasek z czerwonym przesuwanym okienkiem<br \/>\n&#8211; kartonowe pude\u0142ko za dodatkow\u0105 op\u0142at\u0105<\/div>\n<\/div>","protected":false},"excerpt":{"rendered":"<p>KI-4<\/p>","protected":false},"featured_media":82825,"template":"","meta":[],"product_brand":[1102],"product_cat":[803,74],"product_tag":[1320,1165],"class_list":{"0":"post-1206","1":"product","2":"type-product","3":"status-publish","4":"has-post-thumbnail","6":"product_brand-notapress","7":"product_cat-indywidualne","8":"product_cat-kalendarze","9":"product_tag-indywidualny","10":"product_tag-jednodzielny","12":"first","13":"outofstock","14":"taxable","15":"shipping-taxable","16":"purchasable","17":"product-type-simple"},"_links":{"self":[{"href":"https:\/\/drukarnia.chorzow.pl\/en\/wp-json\/wp\/v2\/product\/1206","targetHints":{"allow":["GET"]}}],"collection":[{"href":"https:\/\/drukarnia.chorzow.pl\/en\/wp-json\/wp\/v2\/product"}],"about":[{"href":"https:\/\/drukarnia.chorzow.pl\/en\/wp-json\/wp\/v2\/types\/product"}],"wp:featuredmedia":[{"embeddable":true,"href":"https:\/\/drukarnia.chorzow.pl\/en\/wp-json\/wp\/v2\/media\/82825"}],"wp:attachment":[{"href":"https:\/\/drukarnia.chorzow.pl\/en\/wp-json\/wp\/v2\/media?parent=1206"}],"wp:term":[{"taxonomy":"product_brand","embeddable":true,"href":"https:\/\/drukarnia.chorzow.pl\/en\/wp-json\/wp\/v2\/product_brand?post=1206"},{"taxonomy":"product_cat","embeddable":true,"href":"https:\/\/drukarnia.chorzow.pl\/en\/wp-json\/wp\/v2\/product_cat?post=1206"},{"taxonomy":"product_tag","embeddable":true,"href":"https:\/\/drukarnia.chorzow.pl\/en\/wp-json\/wp\/v2\/product_tag?post=1206"}],"curies":[{"name":"wp","href":"https:\/\/api.w.org\/{rel}","templated":true}]}}