{"id":10,"date":"2021-04-19T21:06:30","date_gmt":"2021-04-19T19:06:30","guid":{"rendered":"http:\/\/drk2021.chorzow.pl\/?post_type=product&#038;p=10"},"modified":"2025-07-09T12:49:31","modified_gmt":"2025-07-09T10:49:31","slug":"koperty-okienko-p","status":"publish","type":"product","link":"https:\/\/drukarnia.chorzow.pl\/en\/product\/koperty-okienko-p\/","title":{"rendered":"Window envelopes-R"},"content":{"rendered":"<p><b>Envelopes<\/b><b>\u00a0with a window on the right side<\/b><br \/>\nKoperty z nadrukiem firmowym \u2013 z okienkiem umieszczonym po prawej stronie, samoprzylepne, bia\u0142e, r\u00f3\u017cne formaty do wyboru.<br \/>\nMo\u017cemy wykona\u0107 nadruk CMYK.<br \/>\nWysoka jako\u015b\u0107 zapewnia Pa\u0144stwu dobry wizerunek marketingowy.<\/p>","protected":false},"excerpt":{"rendered":"<p>KO-P<\/p>","protected":false},"featured_media":1354,"template":"","meta":[],"product_brand":[],"product_cat":[791],"product_tag":[],"class_list":{"0":"post-10","1":"product","2":"type-product","3":"status-publish","4":"has-post-thumbnail","6":"product_cat-koperty","8":"first","9":"instock","10":"taxable","11":"shipping-taxable","12":"purchasable","13":"product-type-simple"},"_links":{"self":[{"href":"https:\/\/drukarnia.chorzow.pl\/en\/wp-json\/wp\/v2\/product\/10","targetHints":{"allow":["GET"]}}],"collection":[{"href":"https:\/\/drukarnia.chorzow.pl\/en\/wp-json\/wp\/v2\/product"}],"about":[{"href":"https:\/\/drukarnia.chorzow.pl\/en\/wp-json\/wp\/v2\/types\/product"}],"wp:featuredmedia":[{"embeddable":true,"href":"https:\/\/drukarnia.chorzow.pl\/en\/wp-json\/wp\/v2\/media\/1354"}],"wp:attachment":[{"href":"https:\/\/drukarnia.chorzow.pl\/en\/wp-json\/wp\/v2\/media?parent=10"}],"wp:term":[{"taxonomy":"product_brand","embeddable":true,"href":"https:\/\/drukarnia.chorzow.pl\/en\/wp-json\/wp\/v2\/product_brand?post=10"},{"taxonomy":"product_cat","embeddable":true,"href":"https:\/\/drukarnia.chorzow.pl\/en\/wp-json\/wp\/v2\/product_cat?post=10"},{"taxonomy":"product_tag","embeddable":true,"href":"https:\/\/drukarnia.chorzow.pl\/en\/wp-json\/wp\/v2\/product_tag?post=10"}],"curies":[{"name":"wp","href":"https:\/\/api.w.org\/{rel}","templated":true}]}}